{"id":32324,"date":"2020-11-13T10:06:35","date_gmt":"2020-11-13T10:06:35","guid":{"rendered":"https:\/\/gsmpcsolutions.lu\/loja-muhlenbach\/"},"modified":"2023-05-11T10:30:59","modified_gmt":"2023-05-11T10:30:59","slug":"muhlenbach-store","status":"publish","type":"page","link":"https:\/\/www.gsmpcsolutions.lu\/en\/muhlenbach-store\/","title":{"rendered":"M\u00fchlenbach Store"},"content":{"rendered":"<section class=\"wpb-content-wrapper\"><p>[vc_row][vc_column][vc_raw_html]JTVCc3Bfd3BjYXJvdXNlbCUyMGlkJTNEJTIyMzA2OTElMjIlNUQ=[\/vc_raw_html][fr_space space_lg=&#8221;38&#8243; space_md=&#8221;38&#8243; space_sm=&#8221;25&#8243; space_xs=&#8221;25&#8243;][\/vc_column][\/vc_row][vc_row css=&#8221;.vc_custom_1606230200895{margin-bottom: 50px !important;}&#8221;][vc_column][vc_column_text el_class=&#8221;contact__stores&#8221;]<\/p>\n<h3 class=\"contactstore__title\">M\u00fchlenbach<\/h3>\n<p style=\"margin-bottom: 0;\">The M\u00fchlenbach shop is the first GSM&amp;PCSOLUTIONS shop that was opened in June 2014.<br \/>\nIt is located at 137 rue de M\u00fchlenbach, near the centre of Luxembourg. In this shop you will find two of our technicians who will welcome you with great professionalism.<\/p>\n<p>[\/vc_column_text][vc_raw_html css=&#8221;.vc_custom_1683740002970{margin-bottom: 0px !important;}&#8221;]JTNDZGl2JTIwY2xhc3MlM0QlMjJjb250YWN0X19zdG9yZXMlMjIlMjBzdHlsZSUzRCUyMm1pbi1oZWlnaHQlM0EyNTBweCUyMiUzRSUwQSUyMCUyMCUyMCUyMCUzQ2gzJTIwY2xhc3MlM0QlMjJjb250YWN0c3RvcmVfX3RpdGxlJTIyJTNFQ29udGFjdHMlM0MlMkZoMyUzRSUwQSUyMCUyMCUyMCUyMCUzQ2RpdiUyMHN0eWxlJTNEJTIyZmxvYXQlM0ElMjBsZWZ0JTNCJTIwdGV4dC1hbGlnbiUzQSUyMGNlbnRlciUzQiUyMiUyMGNsYXNzJTNEJTIyc3RvcmVzbWVudV9fdGV4dCUyMGNvbC14cy0xMiUyMGNvbC1zbS0zJTIwY29sLW1kLTMlMjIlM0UlMEElMjAlMjAlMjAlMjAlMjAlMjAlMjAlMjAlM0NzcGFuJTIwY2xhc3MlM0QlMjJzdG9yZXNtZW51X19zdWJ0aXRsZSUyMiUzRUFkZHJlc3MlM0MlMkZzcGFuJTNFJTBBJTIwJTIwJTIwJTIwJTIwJTIwJTIwJTIwMTM3JTJDJTIwUnVlJTIwZGUlMjBNdWVobGVuYmFjaCUwQSUyMCUyMCUyMCUyMCUyMCUyMCUyMCUyMCUzQ2JyJTJGJTNFJTBBJTIwJTIwJTIwJTIwJTIwJTIwJTIwJTIwMjE2OCUyMEx1eGVtYm91cmclMEElMjAlMjAlMjAlMjAlM0MlMkZkaXYlM0UlMEElMjAlMjAlMjAlMjAlM0NkaXYlMjBzdHlsZSUzRCUyMmZsb2F0JTNBJTIwbGVmdCUzQiUyMHRleHQtYWxpZ24lM0ElMjBjZW50ZXIlM0IlMjIlMjBjbGFzcyUzRCUyMnN0b3Jlc21lbnVfX3RleHQlMjBjb2wteHMtMTIlMjBjb2wtc20tMyUyMGNvbC1tZC0zJTIyJTNFJTBBJTIwJTIwJTIwJTIwJTIwJTIwJTIwJTIwJTNDc3BhbiUyMGNsYXNzJTNEJTIyc3RvcmVzbWVudV9fc3VidGl0bGUlMjIlM0VPcGVuaW5nJTIwSG91cnMlM0MlMkZzcGFuJTNFJTBBJTIwJTIwJTIwJTIwJTIwJTIwJTIwJTIwTW9uZGF5JTIwdG8lMjBTYXR1cmRheSUwQSUyMCUyMCUyMCUyMCUyMCUyMCUyMCUyMCUzQ2JyJTJGJTNFJTBBJTIwJTIwJTIwJTIwJTIwJTIwJTIwJTIwMDloMDAlMjB0byUyMDE5aDAwJTBBJTIwJTIwJTIwJTIwJTNDJTJGZGl2JTNFJTBBJTIwJTIwJTIwJTIwJTNDZGl2JTIwc3R5bGUlM0QlMjJmbG9hdCUzQSUyMGxlZnQlM0IlMjB0ZXh0LWFsaWduJTNBJTIwY2VudGVyJTNCJTIyJTIwY2xhc3MlM0QlMjJzdG9yZXNtZW51X190ZXh0JTIwY29sLXhzLTEyJTIwY29sLXNtLTMlMjBjb2wtbWQtMyUyMiUzRSUwQSUyMCUyMCUyMCUyMCUyMCUyMCUyMCUyMCUzQ3NwYW4lMjBjbGFzcyUzRCUyMnN0b3Jlc21lbnVfX3N1YnRpdGxlJTIyJTNFQ29udGFjdHMlM0MlMkZzcGFuJTNFJTBBJTIwJTIwJTIwJTIwJTIwJTIwJTIwJTIwJTNDYSUyMGhyZWYlM0QlMjJtYWlsdG8lM0FpbmZvJTQwZ3NtcGNzb2x1dGlvbnMubHUlMjIlM0UlMEElMjAlMjAlMjAlMjAlMjAlMjAlMjAlMjAlMjAlMjAlMjAlMjBpbmZvJTQwZ3NtcGNzb2x1dGlvbnMubHUlMEElMjAlMjAlMjAlMjAlMjAlMjAlMjAlMjAlM0MlMkZhJTNFJTBBJTNDYnIlMjAlMkYlM0UlMEElMjglMkIzNTIlMjklMjA2OTElMjA2NDAlMjA4OTIlMEElMjAlMjAlMjAlMjAlM0MlMkZkaXYlM0UlMEElMjAlMjAlMjAlMjAlM0NkaXYlMjBzdHlsZSUzRCUyMmZsb2F0JTNBJTIwbGVmdCUzQiUyMHRleHQtYWxpZ24lM0ElMjBjZW50ZXIlM0IlMjIlMjBjbGFzcyUzRCUyMnN0b3Jlc21lbnVfX3RleHQlMjBjb2wteHMtMTIlMjBjb2wtc20tMyUyMGNvbC1tZC0zJTIyJTNFJTBBJTIwJTIwJTIwJTIwJTIwJTIwJTIwJTIwJTNDc3BhbiUyMGNsYXNzJTNEJTIyc3RvcmVzbWVudV9fc3VidGl0bGUlMjIlM0VMb2NhdGlvbiUzQyUyRnNwYW4lM0UlMEElMjAlMjAlMjAlMjAlMjAlMjAlMjAlMjBOJTIwNDklQzIlQkEzNyVFMiU4MCU5OTM2LjYyNyVFMiU4MCU5RCUyMEU2JUMyJUJBNyVFMiU4MCU5OTMyLjI2OCVFMiU4MCU5RCUwQSUzQ2JyJTIwJTJGJTNFJTBBJTIwJTIwJTIwJTIwJTIwJTIwJTNDYSUyMGhyZWYlM0QlMjJodHRwcyUzQSUyRiUyRnd3dy5nb29nbGUucHQlMkZtYXBzJTJGZGlyJTJGJTJGMjE2OCUyQkx1eGVtYm91cmclMjIlMjB0YXJnZXQlM0QlMjJfYmxhbmslMjIlMjBjbGFzcyUzRCUyMm1lbnVfX2Nvb3JkcyUyMiUzRSUwQSUyMCUyMCUyMCUyMCUyMCUyMCUyMCUyMCUyMCUyMCUyMCUyMCUzQ2klMjBjbGFzcyUzRCUyMmZhcyUyMGZhLWRpcmVjdGlvbnMlMjIlM0UlM0MlMkZpJTNFJTBBJTIwJTIwJTIwJTIwJTIwJTIwJTIwJTIwJTIwJTIwJTIwJTIwJTNDYiUzRUdldCUyMERpcmVjdGlvbnMlM0MlMkZiJTNFJTBBJTIwJTIwJTIwJTIwJTIwJTIwJTIwJTIwJTNDJTJGYSUzRSUwQSUyMCUyMCUyMCUyMCUzQyUyRmRpdiUzRSUwQSUzQyUyRmRpdiUzRQ==[\/vc_raw_html][\/vc_column][\/vc_row][vc_row css=&#8221;.vc_custom_1606230418724{margin-bottom: 50px !important;}&#8221;][vc_column][fr_googlemap api=&#8221;AIzaSyBdRypHnFqgOlq-R77oCcu4Uns36sgsUx4&#8243; address=&#8221;M\u00fchlenbach, Luxembourg&#8221; coordinate=&#8221;49.6260049, 6.1246296&#8243; markercoordinate=&#8221;49.6260049, 6.1246296&#8243; markericon=&#8221;11140&#8243; style=&#8221;light-monochrome&#8221; width=&#8221;100%&#8221;][\/fr_googlemap][fr_space space_lg=&#8221;38&#8243; space_md=&#8221;38&#8243; space_sm=&#8221;15&#8243; space_xs=&#8221;15&#8243;][\/vc_column][\/vc_row][vc_row full_width=&#8221;stretch_row&#8221; content_placement=&#8221;middle&#8221; parallax=&#8221;content-moving&#8221; parallax_image=&#8221;31178&#8243; parallax_speed_bg=&#8221;1.7&#8243; css_animation=&#8221;none&#8221; css=&#8221;.vc_custom_1683645217005{margin-bottom: -75px !important;background-image: url(https:\/\/gsmpcsolutions.lu\/wp-content\/uploads\/2022\/09\/porque-no\u0301s-1.jpg?id=31177) !important;background-position: center;background-repeat: no-repeat !important;background-size: cover !important;}&#8221; el_class=&#8221;pickup__container&#8221;][vc_column css_animation=&#8221;none&#8221;][fr_heading cms_template=&#8221;fr_heading&#8211;layout1.php&#8221; align_lg=&#8221;align-center&#8221; align_md=&#8221;align-center-md&#8221; align_sm=&#8221;align-center-sm&#8221; align_xs=&#8221;align-center-xs&#8221; title=&#8221;Why Choose Us?&#8221; title_color=&#8221;#ffffff&#8221;][fr_space space_lg=&#8221;90&#8243; space_md=&#8221;60&#8243; space_sm=&#8221;50&#8243; space_xs=&#8221;50&#8243;][vc_row_inner][vc_column_inner width=&#8221;1\/3&#8243;][vc_single_image image=&#8221;30994&#8243; alignment=&#8221;center&#8221; el_class=&#8221;whyus__image&#8221;][fr_heading text=&#8221;Equipment reuse&#8221; tag=&#8221;h4&#8243; align_lg=&#8221;align-center&#8221; align_md=&#8221;align-center-md&#8221; align_sm=&#8221;align-center-sm&#8221; align_xs=&#8221;align-center-xs&#8221; font_size=&#8221;20px&#8221; font_size_md=&#8221;20px&#8221; font_size_sm=&#8221;20px&#8221; font_size_xs=&#8221;20px&#8221; font_weight=&#8221;400&#8243; text_color=&#8221;#ffffff&#8221; des_font_weight=&#8221;400&#8243; description_margin=&#8221;50px&#8221; description_color=&#8221;#ffffff&#8221; description=&#8221;Do you have old equipment that you no longer use? We give a new life!&#8221;][\/vc_column_inner][vc_column_inner width=&#8221;1\/3&#8243;][vc_single_image image=&#8221;30997&#8243; alignment=&#8221;center&#8221; el_class=&#8221;whyus__image&#8221;][fr_heading text=&#8221;Electronic Waste Reduction&#8221; tag=&#8221;h4&#8243; align_lg=&#8221;align-center&#8221; align_md=&#8221;align-center-md&#8221; align_sm=&#8221;align-center-sm&#8221; align_xs=&#8221;align-center-xs&#8221; font_size=&#8221;20px&#8221; font_size_md=&#8221;20px&#8221; font_size_sm=&#8221;20px&#8221; font_size_xs=&#8221;20px&#8221; font_weight=&#8221;400&#8243; text_color=&#8221;#ffffff&#8221; des_font_weight=&#8221;400&#8243; description_margin=&#8221;50px&#8221; description_color=&#8221;#ffffff&#8221; description=&#8221;By repairing your smartphone instead of buying a new one, you are helping the environment and reducing e-waste.&#8221; el_class=&#8221;whyus__element&#8221;][\/vc_column_inner][vc_column_inner width=&#8221;1\/3&#8243;][vc_single_image image=&#8221;31000&#8243; alignment=&#8221;center&#8221; el_class=&#8221;whyus__image&#8221;][fr_heading text=&#8221;Concern for the environment&#8221; tag=&#8221;h4&#8243; align_lg=&#8221;align-center&#8221; align_md=&#8221;align-center-md&#8221; align_sm=&#8221;align-center-sm&#8221; align_xs=&#8221;align-center-xs&#8221; font_size=&#8221;20px&#8221; font_size_md=&#8221;20px&#8221; font_size_sm=&#8221;20px&#8221; font_size_xs=&#8221;20px&#8221; font_weight=&#8221;400&#8243; text_color=&#8221;#ffffff&#8221; des_font_weight=&#8221;400&#8243; description_margin=&#8221;50px&#8221; description_color=&#8221;#ffffff&#8221; description=&#8221;The environment is important to our humanity, so we encourage the recycling of equipment to reduce electronic waste.&#8221; el_class=&#8221;whyus__element&#8221;][\/vc_column_inner][\/vc_row_inner][\/vc_column][\/vc_row]<\/p>\n<\/section>","protected":false},"excerpt":{"rendered":"<p>[vc_row][vc_column][vc_raw_html]JTVCc3Bfd3BjYXJvdXNlbCUyMGlkJTNEJTIyMzA2OTElMjIlNUQ=[\/vc_raw_html][fr_space space_lg=&#8221;38&#8243; space_md=&#8221;38&#8243; space_sm=&#8221;25&#8243; space_xs=&#8221;25&#8243;][\/vc_column][\/vc_row][vc_row css=&#8221;.vc_custom_1606230200895{margin-bottom: 50px !important;}&#8221;][vc_column][vc_column_text el_class=&#8221;contact__stores&#8221;] M\u00fchlenbach The M\u00fchlenbach shop is the first GSM&amp;PCSOLUTIONS shop that was opened in June 2014. It is located at 137 rue de M\u00fchlenbach, near the centre of Luxembourg. In this shop you will find two of our technicians who will welcome you with great professionalism. [\/vc_column_text][vc_raw_html [&hellip;]<\/p>\n","protected":false},"author":1,"featured_media":0,"parent":0,"menu_order":0,"comment_status":"closed","ping_status":"closed","template":"","meta":{"inline_featured_image":false,"footnotes":""},"class_list":["post-32324","page","type-page","status-publish","hentry"],"yoast_head":"<!-- This site is optimized with the Yoast SEO plugin v25.9 - https:\/\/yoast.com\/wordpress\/plugins\/seo\/ -->\n<title>M\u00fchlenbach Store - GSM &amp; PC Solutions<\/title>\n<meta name=\"robots\" content=\"index, follow, max-snippet:-1, max-image-preview:large, max-video-preview:-1\" \/>\n<link rel=\"canonical\" href=\"https:\/\/www.gsmpcsolutions.lu\/en\/muhlenbach-store\/\" \/>\n<meta property=\"og:locale\" content=\"en_US\" \/>\n<meta property=\"og:type\" content=\"article\" \/>\n<meta property=\"og:title\" content=\"M\u00fchlenbach Store - GSM &amp; PC Solutions\" \/>\n<meta property=\"og:description\" content=\"[vc_row][vc_column][vc_raw_html]JTVCc3Bfd3BjYXJvdXNlbCUyMGlkJTNEJTIyMzA2OTElMjIlNUQ=[\/vc_raw_html][fr_space space_lg=&#8221;38&#8243; space_md=&#8221;38&#8243; space_sm=&#8221;25&#8243; space_xs=&#8221;25&#8243;][\/vc_column][\/vc_row][vc_row css=&#8221;.vc_custom_1606230200895{margin-bottom: 50px !important;}&#8221;][vc_column][vc_column_text el_class=&#8221;contact__stores&#8221;] M\u00fchlenbach The M\u00fchlenbach shop is the first GSM&amp;PCSOLUTIONS shop that was opened in June 2014. It is located at 137 rue de M\u00fchlenbach, near the centre of Luxembourg. In this shop you will find two of our technicians who will welcome you with great professionalism. [\/vc_column_text][vc_raw_html [&hellip;]\" \/>\n<meta property=\"og:url\" content=\"https:\/\/www.gsmpcsolutions.lu\/en\/muhlenbach-store\/\" \/>\n<meta property=\"og:site_name\" content=\"GSM &amp; PC Solutions\" \/>\n<meta property=\"article:publisher\" content=\"https:\/\/www.facebook.com\/gsmpcsolutions\" \/>\n<meta property=\"article:modified_time\" content=\"2023-05-11T10:30:59+00:00\" \/>\n<meta name=\"twitter:card\" content=\"summary_large_image\" \/>\n<meta name=\"twitter:label1\" content=\"Est. reading time\" \/>\n\t<meta name=\"twitter:data1\" content=\"2 minutes\" \/>\n<!-- \/ Yoast SEO plugin. -->","yoast_head_json":{"title":"M\u00fchlenbach Store - GSM & PC Solutions","robots":{"index":"index","follow":"follow","max-snippet":"max-snippet:-1","max-image-preview":"max-image-preview:large","max-video-preview":"max-video-preview:-1"},"canonical":"https:\/\/www.gsmpcsolutions.lu\/en\/muhlenbach-store\/","og_locale":"en_US","og_type":"article","og_title":"M\u00fchlenbach Store - GSM & PC Solutions","og_description":"[vc_row][vc_column][vc_raw_html]JTVCc3Bfd3BjYXJvdXNlbCUyMGlkJTNEJTIyMzA2OTElMjIlNUQ=[\/vc_raw_html][fr_space space_lg=&#8221;38&#8243; space_md=&#8221;38&#8243; space_sm=&#8221;25&#8243; space_xs=&#8221;25&#8243;][\/vc_column][\/vc_row][vc_row css=&#8221;.vc_custom_1606230200895{margin-bottom: 50px !important;}&#8221;][vc_column][vc_column_text el_class=&#8221;contact__stores&#8221;] M\u00fchlenbach The M\u00fchlenbach shop is the first GSM&amp;PCSOLUTIONS shop that was opened in June 2014. It is located at 137 rue de M\u00fchlenbach, near the centre of Luxembourg. In this shop you will find two of our technicians who will welcome you with great professionalism. [\/vc_column_text][vc_raw_html [&hellip;]","og_url":"https:\/\/www.gsmpcsolutions.lu\/en\/muhlenbach-store\/","og_site_name":"GSM & PC Solutions","article_publisher":"https:\/\/www.facebook.com\/gsmpcsolutions","article_modified_time":"2023-05-11T10:30:59+00:00","twitter_card":"summary_large_image","twitter_misc":{"Est. reading time":"2 minutes"},"schema":{"@context":"https:\/\/schema.org","@graph":[{"@type":"WebPage","@id":"https:\/\/www.gsmpcsolutions.lu\/en\/muhlenbach-store\/","url":"https:\/\/www.gsmpcsolutions.lu\/en\/muhlenbach-store\/","name":"M\u00fchlenbach Store - GSM & PC Solutions","isPartOf":{"@id":"https:\/\/www.gsmpcsolutions.lu\/en\/#website"},"datePublished":"2020-11-13T10:06:35+00:00","dateModified":"2023-05-11T10:30:59+00:00","breadcrumb":{"@id":"https:\/\/www.gsmpcsolutions.lu\/en\/muhlenbach-store\/#breadcrumb"},"inLanguage":"en-US","potentialAction":[{"@type":"ReadAction","target":["https:\/\/www.gsmpcsolutions.lu\/en\/muhlenbach-store\/"]}]},{"@type":"BreadcrumbList","@id":"https:\/\/www.gsmpcsolutions.lu\/en\/muhlenbach-store\/#breadcrumb","itemListElement":[{"@type":"ListItem","position":1,"name":"In\u00edcio","item":"https:\/\/www.gsmpcsolutions.lu\/en\/"},{"@type":"ListItem","position":2,"name":"M\u00fchlenbach Store"}]},{"@type":"WebSite","@id":"https:\/\/www.gsmpcsolutions.lu\/en\/#website","url":"https:\/\/www.gsmpcsolutions.lu\/en\/","name":"GSM & PC Solutions","description":"Repara\u00e7\u00e3o de iPhone, iPad, MacBook, Samsung, PC","publisher":{"@id":"https:\/\/www.gsmpcsolutions.lu\/en\/#organization"},"potentialAction":[{"@type":"SearchAction","target":{"@type":"EntryPoint","urlTemplate":"https:\/\/www.gsmpcsolutions.lu\/en\/?s={search_term_string}"},"query-input":{"@type":"PropertyValueSpecification","valueRequired":true,"valueName":"search_term_string"}}],"inLanguage":"en-US"},{"@type":"Organization","@id":"https:\/\/www.gsmpcsolutions.lu\/en\/#organization","name":"GSM & PC Solutions","url":"https:\/\/www.gsmpcsolutions.lu\/en\/","logo":{"@type":"ImageObject","inLanguage":"en-US","@id":"https:\/\/www.gsmpcsolutions.lu\/en\/#\/schema\/logo\/image\/","url":"https:\/\/www.gsmpcsolutions.lu\/wp-content\/uploads\/2020\/11\/logo.svg","contentUrl":"https:\/\/www.gsmpcsolutions.lu\/wp-content\/uploads\/2020\/11\/logo.svg","width":"980","height":"650","caption":"GSM & PC Solutions"},"image":{"@id":"https:\/\/www.gsmpcsolutions.lu\/en\/#\/schema\/logo\/image\/"},"sameAs":["https:\/\/www.facebook.com\/gsmpcsolutions","https:\/\/www.instagram.com\/gsmpcsolutions\/"]}]}},"_links":{"self":[{"href":"https:\/\/www.gsmpcsolutions.lu\/en\/wp-json\/wp\/v2\/pages\/32324","targetHints":{"allow":["GET"]}}],"collection":[{"href":"https:\/\/www.gsmpcsolutions.lu\/en\/wp-json\/wp\/v2\/pages"}],"about":[{"href":"https:\/\/www.gsmpcsolutions.lu\/en\/wp-json\/wp\/v2\/types\/page"}],"author":[{"embeddable":true,"href":"https:\/\/www.gsmpcsolutions.lu\/en\/wp-json\/wp\/v2\/users\/1"}],"replies":[{"embeddable":true,"href":"https:\/\/www.gsmpcsolutions.lu\/en\/wp-json\/wp\/v2\/comments?post=32324"}],"version-history":[{"count":0,"href":"https:\/\/www.gsmpcsolutions.lu\/en\/wp-json\/wp\/v2\/pages\/32324\/revisions"}],"wp:attachment":[{"href":"https:\/\/www.gsmpcsolutions.lu\/en\/wp-json\/wp\/v2\/media?parent=32324"}],"curies":[{"name":"wp","href":"https:\/\/api.w.org\/{rel}","templated":true}]}}