{"id":40154,"date":"2024-12-13T15:07:24","date_gmt":"2024-12-13T15:07:25","guid":{"rendered":"https:\/\/gsmpcsolutions.lu\/?post_type=product&#038;p=40154"},"modified":"2024-12-16T15:27:08","modified_gmt":"2024-12-16T15:27:08","slug":"back-camera-repair-copia-50","status":"publish","type":"product","link":"https:\/\/www.gsmpcsolutions.lu\/en\/repairs-apple\/repairs-iphone-luxembourg\/repairs-iphone-test\/repair-camera-traseira\/back-camera-repair-copia-50\/","title":{"rendered":"Back Camera"},"content":{"rendered":"<p>The back camera of your iPhone Test is used to capture the main moments of your daily life. In case your iPhone Test rear camera is not working or shows scratches, smudges and fogging, it is essential to diagnose the device. If the rear camera is damaged we will exchange the part for a new one.<\/p>\n","protected":false},"excerpt":{"rendered":"<p>In case your rear camera is not working or shows scratches, smudges and fogging, it is essential to diagnose the device.<\/p>\n","protected":false},"featured_media":37867,"template":"","meta":{"inline_featured_image":false},"product-compatability":[],"product_cat":[131175],"product_tag":[],"class_list":{"0":"post-40154","1":"product","2":"type-product","3":"status-publish","4":"has-post-thumbnail","6":"product_cat-repair-camera-traseira","8":"first","9":"instock","10":"purchasable","11":"product-type-simple"},"yoast_head":"<!-- This site is optimized with the Yoast SEO plugin v25.9 - https:\/\/yoast.com\/wordpress\/plugins\/seo\/ -->\n<title>Back Camera iPhone 14 Pro Max - GSM &amp; PC Solutions<\/title>\n<meta name=\"description\" content=\"Na GSM &amp; PC Solutions, diagnosticamos e substitu\u00edmos a c\u00e2mara traseira do iPhone 14 Pro Max se necess\u00e1rio. Capture seus momentos sem preocupa\u00e7\u00f5es!\" \/>\n<meta name=\"robots\" content=\"noindex, follow\" \/>\n<meta property=\"og:locale\" content=\"en_US\" \/>\n<meta property=\"og:type\" content=\"article\" \/>\n<meta property=\"og:title\" content=\"Back Camera iPhone 14 Pro Max - GSM &amp; PC Solutions\" \/>\n<meta property=\"og:description\" content=\"Na GSM &amp; PC Solutions, diagnosticamos e substitu\u00edmos a c\u00e2mara traseira do iPhone 14 Pro Max se necess\u00e1rio. Capture seus momentos sem preocupa\u00e7\u00f5es!\" \/>\n<meta property=\"og:url\" content=\"https:\/\/www.gsmpcsolutions.lu\/en\/repairs-apple\/repairs-iphone-luxembourg\/repairs-iphone-test\/repair-camera-traseira\/back-camera-repair-copia-50\/\" \/>\n<meta property=\"og:site_name\" content=\"GSM &amp; PC Solutions\" \/>\n<meta property=\"article:publisher\" content=\"https:\/\/www.facebook.com\/gsmpcsolutions\" \/>\n<meta property=\"article:modified_time\" content=\"2024-12-16T15:27:08+00:00\" \/>\n<meta property=\"og:image\" content=\"https:\/\/www.gsmpcsolutions.lu\/wp-content\/uploads\/2023\/10\/CAMERA.png\" \/>\n\t<meta property=\"og:image:width\" content=\"500\" \/>\n\t<meta property=\"og:image:height\" content=\"554\" \/>\n\t<meta property=\"og:image:type\" content=\"image\/png\" \/>\n<meta name=\"twitter:card\" content=\"summary_large_image\" \/>\n<!-- \/ Yoast SEO plugin. -->","yoast_head_json":{"title":"Back Camera iPhone 14 Pro Max - GSM & PC Solutions","description":"Na GSM & PC Solutions, diagnosticamos e substitu\u00edmos a c\u00e2mara traseira do iPhone 14 Pro Max se necess\u00e1rio. Capture seus momentos sem preocupa\u00e7\u00f5es!","robots":{"index":"noindex","follow":"follow"},"og_locale":"en_US","og_type":"article","og_title":"Back Camera iPhone 14 Pro Max - GSM & PC Solutions","og_description":"Na GSM & PC Solutions, diagnosticamos e substitu\u00edmos a c\u00e2mara traseira do iPhone 14 Pro Max se necess\u00e1rio. Capture seus momentos sem preocupa\u00e7\u00f5es!","og_url":"https:\/\/www.gsmpcsolutions.lu\/en\/repairs-apple\/repairs-iphone-luxembourg\/repairs-iphone-test\/repair-camera-traseira\/back-camera-repair-copia-50\/","og_site_name":"GSM & PC Solutions","article_publisher":"https:\/\/www.facebook.com\/gsmpcsolutions","article_modified_time":"2024-12-16T15:27:08+00:00","og_image":[{"width":500,"height":554,"url":"https:\/\/www.gsmpcsolutions.lu\/wp-content\/uploads\/2023\/10\/CAMERA.png","type":"image\/png"}],"twitter_card":"summary_large_image","schema":{"@context":"https:\/\/schema.org","@graph":[{"@type":"WebPage","@id":"https:\/\/www.gsmpcsolutions.lu\/en\/repairs-apple\/repairs-iphone-luxembourg\/repairs-iphone-test\/repair-camera-traseira\/back-camera-repair-copia-50\/","url":"https:\/\/www.gsmpcsolutions.lu\/en\/repairs-apple\/repairs-iphone-luxembourg\/repairs-iphone-test\/repair-camera-traseira\/back-camera-repair-copia-50\/","name":"Back Camera iPhone 14 Pro Max - GSM & PC Solutions","isPartOf":{"@id":"https:\/\/www.gsmpcsolutions.lu\/en\/#website"},"primaryImageOfPage":{"@id":"https:\/\/www.gsmpcsolutions.lu\/en\/repairs-apple\/repairs-iphone-luxembourg\/repairs-iphone-test\/repair-camera-traseira\/back-camera-repair-copia-50\/#primaryimage"},"image":{"@id":"https:\/\/www.gsmpcsolutions.lu\/en\/repairs-apple\/repairs-iphone-luxembourg\/repairs-iphone-test\/repair-camera-traseira\/back-camera-repair-copia-50\/#primaryimage"},"thumbnailUrl":"https:\/\/www.gsmpcsolutions.lu\/wp-content\/uploads\/2023\/10\/CAMERA.png","datePublished":"2024-12-13T15:07:25+00:00","dateModified":"2024-12-16T15:27:08+00:00","description":"Na GSM & PC Solutions, diagnosticamos e substitu\u00edmos a c\u00e2mara traseira do iPhone 14 Pro Max se necess\u00e1rio. Capture seus momentos sem preocupa\u00e7\u00f5es!","breadcrumb":{"@id":"https:\/\/www.gsmpcsolutions.lu\/en\/repairs-apple\/repairs-iphone-luxembourg\/repairs-iphone-test\/repair-camera-traseira\/back-camera-repair-copia-50\/#breadcrumb"},"inLanguage":"en-US","potentialAction":[{"@type":"ReadAction","target":["https:\/\/www.gsmpcsolutions.lu\/en\/repairs-apple\/repairs-iphone-luxembourg\/repairs-iphone-test\/repair-camera-traseira\/back-camera-repair-copia-50\/"]}]},{"@type":"ImageObject","inLanguage":"en-US","@id":"https:\/\/www.gsmpcsolutions.lu\/en\/repairs-apple\/repairs-iphone-luxembourg\/repairs-iphone-test\/repair-camera-traseira\/back-camera-repair-copia-50\/#primaryimage","url":"https:\/\/www.gsmpcsolutions.lu\/wp-content\/uploads\/2023\/10\/CAMERA.png","contentUrl":"https:\/\/www.gsmpcsolutions.lu\/wp-content\/uploads\/2023\/10\/CAMERA.png","width":500,"height":554},{"@type":"BreadcrumbList","@id":"https:\/\/www.gsmpcsolutions.lu\/en\/repairs-apple\/repairs-iphone-luxembourg\/repairs-iphone-test\/repair-camera-traseira\/back-camera-repair-copia-50\/#breadcrumb","itemListElement":[{"@type":"ListItem","position":1,"name":"In\u00edcio","item":"https:\/\/www.gsmpcsolutions.lu\/en\/"},{"@type":"ListItem","position":2,"name":"Repairs","item":"https:\/\/www.gsmpcsolutions.lu\/magasin\/"},{"@type":"ListItem","position":3,"name":"Back Camera"}]},{"@type":"WebSite","@id":"https:\/\/www.gsmpcsolutions.lu\/en\/#website","url":"https:\/\/www.gsmpcsolutions.lu\/en\/","name":"GSM & PC Solutions","description":"Repara\u00e7\u00e3o de iPhone, iPad, MacBook, Samsung, PC","publisher":{"@id":"https:\/\/www.gsmpcsolutions.lu\/en\/#organization"},"potentialAction":[{"@type":"SearchAction","target":{"@type":"EntryPoint","urlTemplate":"https:\/\/www.gsmpcsolutions.lu\/en\/?s={search_term_string}"},"query-input":{"@type":"PropertyValueSpecification","valueRequired":true,"valueName":"search_term_string"}}],"inLanguage":"en-US"},{"@type":"Organization","@id":"https:\/\/www.gsmpcsolutions.lu\/en\/#organization","name":"GSM & PC Solutions","url":"https:\/\/www.gsmpcsolutions.lu\/en\/","logo":{"@type":"ImageObject","inLanguage":"en-US","@id":"https:\/\/www.gsmpcsolutions.lu\/en\/#\/schema\/logo\/image\/","url":"https:\/\/www.gsmpcsolutions.lu\/wp-content\/uploads\/2020\/11\/logo.svg","contentUrl":"https:\/\/www.gsmpcsolutions.lu\/wp-content\/uploads\/2020\/11\/logo.svg","width":"980","height":"650","caption":"GSM & PC Solutions"},"image":{"@id":"https:\/\/www.gsmpcsolutions.lu\/en\/#\/schema\/logo\/image\/"},"sameAs":["https:\/\/www.facebook.com\/gsmpcsolutions","https:\/\/www.instagram.com\/gsmpcsolutions\/"]}]}},"_links":{"self":[{"href":"https:\/\/www.gsmpcsolutions.lu\/en\/wp-json\/wp\/v2\/product\/40154","targetHints":{"allow":["GET"]}}],"collection":[{"href":"https:\/\/www.gsmpcsolutions.lu\/en\/wp-json\/wp\/v2\/product"}],"about":[{"href":"https:\/\/www.gsmpcsolutions.lu\/en\/wp-json\/wp\/v2\/types\/product"}],"wp:featuredmedia":[{"embeddable":true,"href":"https:\/\/www.gsmpcsolutions.lu\/en\/wp-json\/wp\/v2\/media\/37867"}],"wp:attachment":[{"href":"https:\/\/www.gsmpcsolutions.lu\/en\/wp-json\/wp\/v2\/media?parent=40154"}],"wp:term":[{"taxonomy":"product-compatability","embeddable":true,"href":"https:\/\/www.gsmpcsolutions.lu\/en\/wp-json\/wp\/v2\/product-compatability?post=40154"},{"taxonomy":"product_cat","embeddable":true,"href":"https:\/\/www.gsmpcsolutions.lu\/en\/wp-json\/wp\/v2\/product_cat?post=40154"},{"taxonomy":"product_tag","embeddable":true,"href":"https:\/\/www.gsmpcsolutions.lu\/en\/wp-json\/wp\/v2\/product_tag?post=40154"}],"curies":[{"name":"wp","href":"https:\/\/api.w.org\/{rel}","templated":true}]}}