{"id":40160,"date":"2024-12-13T15:09:33","date_gmt":"2024-12-13T15:09:34","guid":{"rendered":"https:\/\/gsmpcsolutions.lu\/?post_type=product&#038;p=40160"},"modified":"2024-12-16T15:25:00","modified_gmt":"2024-12-16T15:25:00","slug":"front-camera-repair-copia-53","status":"publish","type":"product","link":"https:\/\/www.gsmpcsolutions.lu\/en\/repairs-apple\/repairs-iphone-luxembourg\/repairs-iphone-test\/repair-camera-frontal\/front-camera-repair-copia-53\/","title":{"rendered":"Front Camera"},"content":{"rendered":"<p>The front camera on your iPhone Test is important for taking selfies and making FaceTime with your friends and family. In case the front camera does not work or is scratched, smudged or fogged up, it is essential to diagnose the device. If the front camera is damaged we will replace it with a new one.<\/p>\n","protected":false},"excerpt":{"rendered":"<p>The front camera is important, if the front camera is damaged we will replace it with a new one.<\/p>\n","protected":false},"featured_media":37867,"template":"","meta":{"inline_featured_image":false},"product-compatability":[],"product_cat":[131173],"product_tag":[],"class_list":{"0":"post-40160","1":"product","2":"type-product","3":"status-publish","4":"has-post-thumbnail","6":"product_cat-repair-camera-frontal","8":"first","9":"instock","10":"purchasable","11":"product-type-simple"},"yoast_head":"<!-- This site is optimized with the Yoast SEO plugin v25.9 - https:\/\/yoast.com\/wordpress\/plugins\/seo\/ -->\n<title>Front Camera iPhone 14 Pro Max - GSM &amp; PC Solutions<\/title>\n<meta name=\"description\" content=\"A c\u00e2mara frontal do iPhone 14 Pro Max \u00e9 crucial para selfies e FaceTime. Na GSM &amp; PC Solutions, diagnosticamos e substitu\u00edmos se necess\u00e1rio.\" \/>\n<meta name=\"robots\" content=\"noindex, follow\" \/>\n<meta property=\"og:locale\" content=\"en_US\" \/>\n<meta property=\"og:type\" content=\"article\" \/>\n<meta property=\"og:title\" content=\"Front Camera iPhone 14 Pro Max - GSM &amp; PC Solutions\" \/>\n<meta property=\"og:description\" content=\"A c\u00e2mara frontal do iPhone 14 Pro Max \u00e9 crucial para selfies e FaceTime. Na GSM &amp; PC Solutions, diagnosticamos e substitu\u00edmos se necess\u00e1rio.\" \/>\n<meta property=\"og:url\" content=\"https:\/\/www.gsmpcsolutions.lu\/en\/repairs-apple\/repairs-iphone-luxembourg\/repairs-iphone-test\/repair-camera-frontal\/front-camera-repair-copia-53\/\" \/>\n<meta property=\"og:site_name\" content=\"GSM &amp; PC Solutions\" \/>\n<meta property=\"article:publisher\" content=\"https:\/\/www.facebook.com\/gsmpcsolutions\" \/>\n<meta property=\"article:modified_time\" content=\"2024-12-16T15:25:00+00:00\" \/>\n<meta property=\"og:image\" content=\"https:\/\/www.gsmpcsolutions.lu\/wp-content\/uploads\/2023\/10\/CAMERA.png\" \/>\n\t<meta property=\"og:image:width\" content=\"500\" \/>\n\t<meta property=\"og:image:height\" content=\"554\" \/>\n\t<meta property=\"og:image:type\" content=\"image\/png\" \/>\n<meta name=\"twitter:card\" content=\"summary_large_image\" \/>\n<!-- \/ Yoast SEO plugin. -->","yoast_head_json":{"title":"Front Camera iPhone 14 Pro Max - GSM & PC Solutions","description":"A c\u00e2mara frontal do iPhone 14 Pro Max \u00e9 crucial para selfies e FaceTime. Na GSM & PC Solutions, diagnosticamos e substitu\u00edmos se necess\u00e1rio.","robots":{"index":"noindex","follow":"follow"},"og_locale":"en_US","og_type":"article","og_title":"Front Camera iPhone 14 Pro Max - GSM & PC Solutions","og_description":"A c\u00e2mara frontal do iPhone 14 Pro Max \u00e9 crucial para selfies e FaceTime. Na GSM & PC Solutions, diagnosticamos e substitu\u00edmos se necess\u00e1rio.","og_url":"https:\/\/www.gsmpcsolutions.lu\/en\/repairs-apple\/repairs-iphone-luxembourg\/repairs-iphone-test\/repair-camera-frontal\/front-camera-repair-copia-53\/","og_site_name":"GSM & PC Solutions","article_publisher":"https:\/\/www.facebook.com\/gsmpcsolutions","article_modified_time":"2024-12-16T15:25:00+00:00","og_image":[{"width":500,"height":554,"url":"https:\/\/www.gsmpcsolutions.lu\/wp-content\/uploads\/2023\/10\/CAMERA.png","type":"image\/png"}],"twitter_card":"summary_large_image","schema":{"@context":"https:\/\/schema.org","@graph":[{"@type":"WebPage","@id":"https:\/\/www.gsmpcsolutions.lu\/en\/repairs-apple\/repairs-iphone-luxembourg\/repairs-iphone-test\/repair-camera-frontal\/front-camera-repair-copia-53\/","url":"https:\/\/www.gsmpcsolutions.lu\/en\/repairs-apple\/repairs-iphone-luxembourg\/repairs-iphone-test\/repair-camera-frontal\/front-camera-repair-copia-53\/","name":"Front Camera iPhone 14 Pro Max - GSM & PC Solutions","isPartOf":{"@id":"https:\/\/www.gsmpcsolutions.lu\/en\/#website"},"primaryImageOfPage":{"@id":"https:\/\/www.gsmpcsolutions.lu\/en\/repairs-apple\/repairs-iphone-luxembourg\/repairs-iphone-test\/repair-camera-frontal\/front-camera-repair-copia-53\/#primaryimage"},"image":{"@id":"https:\/\/www.gsmpcsolutions.lu\/en\/repairs-apple\/repairs-iphone-luxembourg\/repairs-iphone-test\/repair-camera-frontal\/front-camera-repair-copia-53\/#primaryimage"},"thumbnailUrl":"https:\/\/www.gsmpcsolutions.lu\/wp-content\/uploads\/2023\/10\/CAMERA.png","datePublished":"2024-12-13T15:09:34+00:00","dateModified":"2024-12-16T15:25:00+00:00","description":"A c\u00e2mara frontal do iPhone 14 Pro Max \u00e9 crucial para selfies e FaceTime. Na GSM & PC Solutions, diagnosticamos e substitu\u00edmos se necess\u00e1rio.","breadcrumb":{"@id":"https:\/\/www.gsmpcsolutions.lu\/en\/repairs-apple\/repairs-iphone-luxembourg\/repairs-iphone-test\/repair-camera-frontal\/front-camera-repair-copia-53\/#breadcrumb"},"inLanguage":"en-US","potentialAction":[{"@type":"ReadAction","target":["https:\/\/www.gsmpcsolutions.lu\/en\/repairs-apple\/repairs-iphone-luxembourg\/repairs-iphone-test\/repair-camera-frontal\/front-camera-repair-copia-53\/"]}]},{"@type":"ImageObject","inLanguage":"en-US","@id":"https:\/\/www.gsmpcsolutions.lu\/en\/repairs-apple\/repairs-iphone-luxembourg\/repairs-iphone-test\/repair-camera-frontal\/front-camera-repair-copia-53\/#primaryimage","url":"https:\/\/www.gsmpcsolutions.lu\/wp-content\/uploads\/2023\/10\/CAMERA.png","contentUrl":"https:\/\/www.gsmpcsolutions.lu\/wp-content\/uploads\/2023\/10\/CAMERA.png","width":500,"height":554},{"@type":"BreadcrumbList","@id":"https:\/\/www.gsmpcsolutions.lu\/en\/repairs-apple\/repairs-iphone-luxembourg\/repairs-iphone-test\/repair-camera-frontal\/front-camera-repair-copia-53\/#breadcrumb","itemListElement":[{"@type":"ListItem","position":1,"name":"In\u00edcio","item":"https:\/\/www.gsmpcsolutions.lu\/en\/"},{"@type":"ListItem","position":2,"name":"Repairs","item":"https:\/\/www.gsmpcsolutions.lu\/magasin\/"},{"@type":"ListItem","position":3,"name":"Front Camera"}]},{"@type":"WebSite","@id":"https:\/\/www.gsmpcsolutions.lu\/en\/#website","url":"https:\/\/www.gsmpcsolutions.lu\/en\/","name":"GSM & PC Solutions","description":"Repara\u00e7\u00e3o de iPhone, iPad, MacBook, Samsung, PC","publisher":{"@id":"https:\/\/www.gsmpcsolutions.lu\/en\/#organization"},"potentialAction":[{"@type":"SearchAction","target":{"@type":"EntryPoint","urlTemplate":"https:\/\/www.gsmpcsolutions.lu\/en\/?s={search_term_string}"},"query-input":{"@type":"PropertyValueSpecification","valueRequired":true,"valueName":"search_term_string"}}],"inLanguage":"en-US"},{"@type":"Organization","@id":"https:\/\/www.gsmpcsolutions.lu\/en\/#organization","name":"GSM & PC Solutions","url":"https:\/\/www.gsmpcsolutions.lu\/en\/","logo":{"@type":"ImageObject","inLanguage":"en-US","@id":"https:\/\/www.gsmpcsolutions.lu\/en\/#\/schema\/logo\/image\/","url":"https:\/\/www.gsmpcsolutions.lu\/wp-content\/uploads\/2020\/11\/logo.svg","contentUrl":"https:\/\/www.gsmpcsolutions.lu\/wp-content\/uploads\/2020\/11\/logo.svg","width":"980","height":"650","caption":"GSM & PC Solutions"},"image":{"@id":"https:\/\/www.gsmpcsolutions.lu\/en\/#\/schema\/logo\/image\/"},"sameAs":["https:\/\/www.facebook.com\/gsmpcsolutions","https:\/\/www.instagram.com\/gsmpcsolutions\/"]}]}},"_links":{"self":[{"href":"https:\/\/www.gsmpcsolutions.lu\/en\/wp-json\/wp\/v2\/product\/40160","targetHints":{"allow":["GET"]}}],"collection":[{"href":"https:\/\/www.gsmpcsolutions.lu\/en\/wp-json\/wp\/v2\/product"}],"about":[{"href":"https:\/\/www.gsmpcsolutions.lu\/en\/wp-json\/wp\/v2\/types\/product"}],"wp:featuredmedia":[{"embeddable":true,"href":"https:\/\/www.gsmpcsolutions.lu\/en\/wp-json\/wp\/v2\/media\/37867"}],"wp:attachment":[{"href":"https:\/\/www.gsmpcsolutions.lu\/en\/wp-json\/wp\/v2\/media?parent=40160"}],"wp:term":[{"taxonomy":"product-compatability","embeddable":true,"href":"https:\/\/www.gsmpcsolutions.lu\/en\/wp-json\/wp\/v2\/product-compatability?post=40160"},{"taxonomy":"product_cat","embeddable":true,"href":"https:\/\/www.gsmpcsolutions.lu\/en\/wp-json\/wp\/v2\/product_cat?post=40160"},{"taxonomy":"product_tag","embeddable":true,"href":"https:\/\/www.gsmpcsolutions.lu\/en\/wp-json\/wp\/v2\/product_tag?post=40160"}],"curies":[{"name":"wp","href":"https:\/\/api.w.org\/{rel}","templated":true}]}}