{"id":11559,"date":"2020-11-13T10:07:48","date_gmt":"2020-11-13T10:07:48","guid":{"rendered":"https:\/\/gsmpcsolutions.lu\/?page_id=11559"},"modified":"2023-05-11T10:42:51","modified_gmt":"2023-05-11T10:42:51","slug":"loja-differdange","status":"publish","type":"page","link":"https:\/\/www.gsmpcsolutions.lu\/pt-pt\/loja-differdange\/","title":{"rendered":"Loja de Differdange"},"content":{"rendered":"<section class=\"wpb-content-wrapper\"><p>[vc_row][vc_column][vc_raw_html]JTVCc3Bfd3BjYXJvdXNlbCUyMGlkJTNEJTIyMzA2ODQlMjIlNUQ=[\/vc_raw_html][fr_space space_lg=&#8221;38&#8243; space_md=&#8221;38&#8243; space_sm=&#8221;25&#8243; space_xs=&#8221;25&#8243;][\/vc_column][\/vc_row][vc_row css=&#8221;.vc_custom_1606230200895{margin-bottom: 50px !important;}&#8221;][vc_column][vc_column_text el_class=&#8221;contact__stores&#8221;]<\/p>\n<h3 class=\"contactstore__title\">Differdange<\/h3>\n<p style=\"margin-bottom: 0;\">A nossa loja est\u00e1 situada numa pequena ilha no meio do centro comercial Opkorn. Foi inaugurada em Outubro de 2017. A\u00ed encontrar\u00e1 os dois dos nossos t\u00e9cnicos profissionais e muito simp\u00e1ticos \u00e0 sua disposi\u00e7\u00e3o e prontos para o salvar.<\/p>\n<p>[\/vc_column_text][vc_raw_html css=&#8221;.vc_custom_1683740835105{margin-bottom: 0px !important;}&#8221;]JTNDZGl2JTIwY2xhc3MlM0QlMjJjb250YWN0X19zdG9yZXMlMjIlMjBzdHlsZSUzRCUyMm1pbi1oZWlnaHQlM0EyNTBweCUyMiUzRSUwQSUyMCUyMCUyMCUyMCUzQ2gzJTIwY2xhc3MlM0QlMjJjb250YWN0c3RvcmVfX3RpdGxlJTIyJTNFQ29udGFjdG9zJTNDJTJGaDMlM0UlMEElMjAlMjAlMjAlMjAlM0NkaXYlMjBzdHlsZSUzRCUyMmZsb2F0JTNBJTIwbGVmdCUzQiUyMHRleHQtYWxpZ24lM0ElMjBjZW50ZXIlM0IlMjIlMjBjbGFzcyUzRCUyMnN0b3Jlc21lbnVfX3RleHQlMjBjb2wteHMtMTIlMjBjb2wtc20tMyUyMGNvbC1tZC0zJTIyJTNFJTBBJTIwJTIwJTIwJTIwJTIwJTIwJTIwJTIwJTNDc3BhbiUyMGNsYXNzJTNEJTIyc3RvcmVzbWVudV9fc3VidGl0bGUlMjIlM0VNb3JhZGElM0MlMkZzcGFuJTNFJTBBJTIwJTIwJTIwJTIwJTIwJTIwJTIwJTIwMSUyQyUyMEJvdWxldmFyZCUyMEVtaWxlJTIwS3JpZXBzJTJDJTIwTC00NTMwJTBBJTIwJTIwJTIwJTIwJTIwJTIwJTIwJTIwJTNDYnIlMjAlMkYlM0UlMEElMjAlMjAlMjAlMjAlMjAlMjAlMjAlMjA0NTMwJTIwRGlmZmVyZGFuZ2UlMEElMjAlMjAlMjAlMjAlM0MlMkZkaXYlM0UlMEElMjAlMjAlMjAlMjAlM0NkaXYlMjBzdHlsZSUzRCUyMmZsb2F0JTNBJTIwbGVmdCUzQiUyMHRleHQtYWxpZ24lM0ElMjBjZW50ZXIlM0IlMjIlMjBjbGFzcyUzRCUyMnN0b3Jlc21lbnVfX3RleHQlMjBjb2wteHMtMTIlMjBjb2wtc20tMyUyMGNvbC1tZC0zJTIyJTNFJTBBJTIwJTIwJTIwJTIwJTIwJTIwJTIwJTIwJTNDc3BhbiUyMGNsYXNzJTNEJTIyc3RvcmVzbWVudV9fc3VidGl0bGUlMjIlM0VIb3IlQzMlQTFyaW8lM0MlMkZzcGFuJTNFJTBBJTIwJTIwJTIwJTIwJTIwJTIwJTIwJTIwU2VndW5kYSUyMGElMjBTJUMzJUExYmFkbyUwQSUyMCUyMCUyMCUyMCUyMCUyMCUyMCUyMCUzQ2JyJTJGJTNFJTBBJTIwJTIwJTIwJTIwJTIwJTIwJTIwJTIwMDloMDAlMjAlQzMlQTBzJTIwMjBoMDAlMEElMjAlMjAlMjAlMjAlM0MlMkZkaXYlM0UlMEElMjAlMjAlMjAlMjAlM0NkaXYlMjBzdHlsZSUzRCUyMmZsb2F0JTNBJTIwbGVmdCUzQiUyMHRleHQtYWxpZ24lM0ElMjBjZW50ZXIlM0IlMjIlMjBjbGFzcyUzRCUyMnN0b3Jlc21lbnVfX3RleHQlMjBjb2wteHMtMTIlMjBjb2wtc20tMyUyMGNvbC1tZC0zJTIyJTNFJTBBJTIwJTIwJTIwJTIwJTIwJTIwJTIwJTIwJTNDc3BhbiUyMGNsYXNzJTNEJTIyc3RvcmVzbWVudV9fc3VidGl0bGUlMjIlM0VDb250YWN0b3MlM0MlMkZzcGFuJTNFJTBBJTIwJTIwJTIwJTIwJTIwJTIwJTIwJTIwJTNDYSUyMGhyZWYlM0QlMjJtYWlsdG8lM0FvcGtvcm4lNDBnc21wY3NvbHV0aW9ucy5sdSUyMiUzRSUwQSUyMCUyMCUyMCUyMCUyMCUyMCUyMCUyMCUyMCUyMCUyMCUyMG9wa29ybiU0MGdzbXBjc29sdXRpb25zLmx1JTBBJTIwJTIwJTIwJTIwJTIwJTIwJTIwJTIwJTNDJTJGYSUzRSUwQSUzQ2JyJTIwJTJGJTNFJTBBJTI4JTJCMzUyJTI5JTIwNjkxJTIwNjQwJTIwODkyJTBBJTIwJTIwJTIwJTIwJTNDJTJGZGl2JTNFJTBBJTIwJTIwJTIwJTIwJTNDZGl2JTIwc3R5bGUlM0QlMjJmbG9hdCUzQSUyMGxlZnQlM0IlMjB0ZXh0LWFsaWduJTNBJTIwY2VudGVyJTNCJTIyJTIwY2xhc3MlM0QlMjJzdG9yZXNtZW51X190ZXh0JTIwY29sLXhzLTEyJTIwY29sLXNtLTMlMjBjb2wtbWQtMyUyMiUzRSUwQSUyMCUyMCUyMCUyMCUyMCUyMCUyMCUyMCUzQ3NwYW4lMjBjbGFzcyUzRCUyMnN0b3Jlc21lbnVfX3N1YnRpdGxlJTIyJTNFTG9jYWxpemElQzMlQTclQzMlQTNvJTNDJTJGc3BhbiUzRSUwQSUyMCUyMCUyMCUyMCUyMCUyMCUyMCUyME40MyVDMiVCMDM4JTI3MTkuMzklMjIlMjBFMTE2JUMyJUIwMTQlMjcyOC44NiUyMiUwQSUzQ2JyJTIwJTJGJTNFJTBBJTIwJTIwJTIwJTIwJTIwJTIwJTIwJTIwJTNDYSUyMGhyZWYlM0QlMjJodHRwcyUzQSUyRiUyRnd3dy5nb29nbGUucHQlMkZtYXBzJTJGZGlyJTJGJTJGNDUzMCUyQkRpZmZlcmRhbmdlJTIyJTIwdGFyZ2V0JTNEJTIyX2JsYW5rJTIyJTIwY2xhc3MlM0QlMjJtZW51X19jb29yZHMlMjIlM0UlMEElMjAlMjAlMjAlMjAlMjAlMjAlMjAlMjAlMjAlMjAlMjAlMjAlM0NpJTIwY2xhc3MlM0QlMjJmYXMlMjBmYS1kaXJlY3Rpb25zJTIyJTNFJTNDJTJGaSUzRSUwQSUyMCUyMCUyMCUyMCUyMCUyMCUyMCUyMCUyMCUyMCUyMCUyMCUzQ2IlM0VPYnRlciUyMERpcmUlQzMlQTclQzMlQjVlcyUzQyUyRmIlM0UlMEElMjAlMjAlMjAlMjAlMjAlMjAlMjAlMjAlM0MlMkZhJTNFJTBBJTIwJTIwJTIwJTIwJTNDJTJGZGl2JTNFJTBBJTNDJTJGZGl2JTNF[\/vc_raw_html][\/vc_column][\/vc_row][vc_row css=&#8221;.vc_custom_1606230418724{margin-bottom: 50px !important;}&#8221;][vc_column][fr_googlemap api=&#8221;AIzaSyBdRypHnFqgOlq-R77oCcu4Uns36sgsUx4&#8243; address=&#8221;Differdange, Luxembourg&#8221; coordinate=&#8221;49.521917, 5.892458&#8243; markercoordinate=&#8221;49.521917, 5.892458&#8243; markericon=&#8221;11140&#8243; style=&#8221;light-monochrome&#8221; width=&#8221;100%&#8221;][\/fr_googlemap][fr_space space_lg=&#8221;38&#8243; space_md=&#8221;38&#8243; space_sm=&#8221;15&#8243; space_xs=&#8221;15&#8243;][\/vc_column][\/vc_row][vc_row full_width=&#8221;stretch_row&#8221; content_placement=&#8221;middle&#8221; parallax=&#8221;content-moving&#8221; parallax_image=&#8221;31177&#8243; parallax_speed_bg=&#8221;1.7&#8243; css_animation=&#8221;none&#8221; css=&#8221;.vc_custom_1683646575363{margin-bottom: -75px !important;background-image: url(https:\/\/gsmpcsolutions.lu\/wp-content\/uploads\/2022\/09\/porque-no\u0301s-1.jpg?id=31177) !important;background-position: center;background-repeat: no-repeat !important;background-size: cover !important;}&#8221; el_class=&#8221;pickup__container&#8221;][vc_column css_animation=&#8221;none&#8221;][fr_heading cms_template=&#8221;fr_heading&#8211;layout1.php&#8221; align_lg=&#8221;align-center&#8221; align_md=&#8221;align-center-md&#8221; align_sm=&#8221;align-center-sm&#8221; align_xs=&#8221;align-center-xs&#8221; title=&#8221;Porqu\u00ea N\u00f3s?&#8221; title_color=&#8221;#ffffff&#8221;][fr_space space_lg=&#8221;90&#8243; space_md=&#8221;60&#8243; space_sm=&#8221;50&#8243; space_xs=&#8221;50&#8243;][vc_row_inner][vc_column_inner width=&#8221;1\/3&#8243;][vc_single_image image=&#8221;30993&#8243; alignment=&#8221;center&#8221; el_class=&#8221;whyus__image&#8221;][fr_heading text=&#8221;Reutiliza\u00e7\u00e3o de equipamento&#8221; tag=&#8221;h4&#8243; align_lg=&#8221;align-center&#8221; align_md=&#8221;align-center-md&#8221; align_sm=&#8221;align-center-sm&#8221; align_xs=&#8221;align-center-xs&#8221; font_size=&#8221;20px&#8221; font_size_md=&#8221;20px&#8221; font_size_sm=&#8221;20px&#8221; font_size_xs=&#8221;20px&#8221; font_weight=&#8221;400&#8243; text_color=&#8221;#ffffff&#8221; des_font_weight=&#8221;400&#8243; description_margin=&#8221;50px&#8221; description_color=&#8221;#ffffff&#8221; description=&#8221;Tem um equipamento avariado que j\u00e1 n\u00e3o usa? N\u00f3s reparamos e damos-lhe uma nova vida, volte a reutilizar os seus equipamentos&#8221; el_class=&#8221;whyus__element&#8221;][\/vc_column_inner][vc_column_inner width=&#8221;1\/3&#8243;][vc_single_image image=&#8221;30996&#8243; alignment=&#8221;center&#8221; el_class=&#8221;whyus__image&#8221;][fr_heading text=&#8221;Redu\u00e7\u00e3o de Lixo Eletr\u00f3nico&#8221; tag=&#8221;h4&#8243; align_lg=&#8221;align-center&#8221; align_md=&#8221;align-center-md&#8221; align_sm=&#8221;align-center-sm&#8221; align_xs=&#8221;align-center-xs&#8221; font_size=&#8221;20px&#8221; font_size_md=&#8221;20px&#8221; font_size_sm=&#8221;20px&#8221; font_size_xs=&#8221;20px&#8221; font_weight=&#8221;400&#8243; text_color=&#8221;#ffffff&#8221; des_font_weight=&#8221;400&#8243; description_margin=&#8221;50px&#8221; description_color=&#8221;#ffffff&#8221; description=&#8221;Ao reparar o seu esquipamento eletr\u00f3nico em vez de comprar um novo est\u00e1 a contribuir para o nosso meio ambiente e a reduzir o lixo eletr\u00f3nico&#8221; el_class=&#8221;whyus__element&#8221;][\/vc_column_inner][vc_column_inner width=&#8221;1\/3&#8243;][vc_single_image image=&#8221;30999&#8243; alignment=&#8221;center&#8221; el_class=&#8221;whyus__image&#8221;][fr_heading text=&#8221;Preocupa\u00e7\u00e3o com o meio ambiente&#8221; tag=&#8221;h4&#8243; align_lg=&#8221;align-center&#8221; align_md=&#8221;align-center-md&#8221; align_sm=&#8221;align-center-sm&#8221; align_xs=&#8221;align-center-xs&#8221; font_size=&#8221;20px&#8221; font_size_md=&#8221;20px&#8221; font_size_sm=&#8221;20px&#8221; font_size_xs=&#8221;20px&#8221; font_weight=&#8221;400&#8243; text_color=&#8221;#ffffff&#8221; des_font_weight=&#8221;400&#8243; description_margin=&#8221;50px&#8221; description_color=&#8221;#ffffff&#8221; description=&#8221;O meio ambiente \u00e9 algo importante para a nossa humanidade, por isso incentivamos a reciclagem de equipamentos para reduzir o lixo eletr\u00f3nico&#8221; el_class=&#8221;whyus__element&#8221;][\/vc_column_inner][\/vc_row_inner][\/vc_column][\/vc_row]<\/p>\n<\/section>","protected":false},"excerpt":{"rendered":"<p>[vc_row][vc_column][vc_raw_html]JTVCc3Bfd3BjYXJvdXNlbCUyMGlkJTNEJTIyMzA2ODQlMjIlNUQ=[\/vc_raw_html][fr_space space_lg=&#8221;38&#8243; space_md=&#8221;38&#8243; space_sm=&#8221;25&#8243; space_xs=&#8221;25&#8243;][\/vc_column][\/vc_row][vc_row css=&#8221;.vc_custom_1606230200895{margin-bottom: 50px !important;}&#8221;][vc_column][vc_column_text el_class=&#8221;contact__stores&#8221;] Differdange A nossa loja est\u00e1 situada numa pequena ilha no meio do centro comercial Opkorn. Foi inaugurada em Outubro de 2017. A\u00ed encontrar\u00e1 os dois dos nossos t\u00e9cnicos profissionais e muito simp\u00e1ticos \u00e0 sua disposi\u00e7\u00e3o e prontos para o salvar. [\/vc_column_text][vc_raw_html css=&#8221;.vc_custom_1683740835105{margin-bottom: 0px !important;}&#8221;]JTNDZGl2JTIwY2xhc3MlM0QlMjJjb250YWN0X19zdG9yZXMlMjIlMjBzdHlsZSUzRCUyMm1pbi1oZWlnaHQlM0EyNTBweCUyMiUzRSUwQSUyMCUyMCUyMCUyMCUzQ2gzJTIwY2xhc3MlM0QlMjJjb250YWN0c3RvcmVfX3RpdGxlJTIyJTNFQ29udGFjdG9zJTNDJTJGaDMlM0UlMEElMjAlMjAlMjAlMjAlM0NkaXYlMjBzdHlsZSUzRCUyMmZsb2F0JTNBJTIwbGVmdCUzQiUyMHRleHQtYWxpZ24lM0ElMjBjZW50ZXIlM0IlMjIlMjBjbGFzcyUzRCUyMnN0b3Jlc21lbnVfX3RleHQlMjBjb2wteHMtMTIlMjBjb2wtc20tMyUyMGNvbC1tZC0zJTIyJTNFJTBBJTIwJTIwJTIwJTIwJTIwJTIwJTIwJTIwJTNDc3BhbiUyMGNsYXNzJTNEJTIyc3RvcmVzbWVudV9fc3VidGl0bGUlMjIlM0VNb3JhZGElM0MlMkZzcGFuJTNFJTBBJTIwJTIwJTIwJTIwJTIwJTIwJTIwJTIwMSUyQyUyMEJvdWxldmFyZCUyMEVtaWxlJTIwS3JpZXBzJTJDJTIwTC00NTMwJTBBJTIwJTIwJTIwJTIwJTIwJTIwJTIwJTIwJTNDYnIlMjAlMkYlM0UlMEElMjAlMjAlMjAlMjAlMjAlMjAlMjAlMjA0NTMwJTIwRGlmZmVyZGFuZ2UlMEElMjAlMjAlMjAlMjAlM0MlMkZkaXYlM0UlMEElMjAlMjAlMjAlMjAlM0NkaXYlMjBzdHlsZSUzRCUyMmZsb2F0JTNBJTIwbGVmdCUzQiUyMHRleHQtYWxpZ24lM0ElMjBjZW50ZXIlM0IlMjIlMjBjbGFzcyUzRCUyMnN0b3Jlc21lbnVfX3RleHQlMjBjb2wteHMtMTIlMjBjb2wtc20tMyUyMGNvbC1tZC0zJTIyJTNFJTBBJTIwJTIwJTIwJTIwJTIwJTIwJTIwJTIwJTNDc3BhbiUyMGNsYXNzJTNEJTIyc3RvcmVzbWVudV9fc3VidGl0bGUlMjIlM0VIb3IlQzMlQTFyaW8lM0MlMkZzcGFuJTNFJTBBJTIwJTIwJTIwJTIwJTIwJTIwJTIwJTIwU2VndW5kYSUyMGElMjBTJUMzJUExYmFkbyUwQSUyMCUyMCUyMCUyMCUyMCUyMCUyMCUyMCUzQ2JyJTJGJTNFJTBBJTIwJTIwJTIwJTIwJTIwJTIwJTIwJTIwMDloMDAlMjAlQzMlQTBzJTIwMjBoMDAlMEElMjAlMjAlMjAlMjAlM0MlMkZkaXYlM0UlMEElMjAlMjAlMjAlMjAlM0NkaXYlMjBzdHlsZSUzRCUyMmZsb2F0JTNBJTIwbGVmdCUzQiUyMHRleHQtYWxpZ24lM0ElMjBjZW50ZXIlM0IlMjIlMjBjbGFzcyUzRCUyMnN0b3Jlc21lbnVfX3RleHQlMjBjb2wteHMtMTIlMjBjb2wtc20tMyUyMGNvbC1tZC0zJTIyJTNFJTBBJTIwJTIwJTIwJTIwJTIwJTIwJTIwJTIwJTNDc3BhbiUyMGNsYXNzJTNEJTIyc3RvcmVzbWVudV9fc3VidGl0bGUlMjIlM0VDb250YWN0b3MlM0MlMkZzcGFuJTNFJTBBJTIwJTIwJTIwJTIwJTIwJTIwJTIwJTIwJTNDYSUyMGhyZWYlM0QlMjJtYWlsdG8lM0FvcGtvcm4lNDBnc21wY3NvbHV0aW9ucy5sdSUyMiUzRSUwQSUyMCUyMCUyMCUyMCUyMCUyMCUyMCUyMCUyMCUyMCUyMCUyMG9wa29ybiU0MGdzbXBjc29sdXRpb25zLmx1JTBBJTIwJTIwJTIwJTIwJTIwJTIwJTIwJTIwJTNDJTJGYSUzRSUwQSUzQ2JyJTIwJTJGJTNFJTBBJTI4JTJCMzUyJTI5JTIwNjkxJTIwNjQwJTIwODkyJTBBJTIwJTIwJTIwJTIwJTNDJTJGZGl2JTNFJTBBJTIwJTIwJTIwJTIwJTNDZGl2JTIwc3R5bGUlM0QlMjJmbG9hdCUzQSUyMGxlZnQlM0IlMjB0ZXh0LWFsaWduJTNBJTIwY2VudGVyJTNCJTIyJTIwY2xhc3MlM0QlMjJzdG9yZXNtZW51X190ZXh0JTIwY29sLXhzLTEyJTIwY29sLXNtLTMlMjBjb2wtbWQtMyUyMiUzRSUwQSUyMCUyMCUyMCUyMCUyMCUyMCUyMCUyMCUzQ3NwYW4lMjBjbGFzcyUzRCUyMnN0b3Jlc21lbnVfX3N1YnRpdGxlJTIyJTNFTG9jYWxpemElQzMlQTclQzMlQTNvJTNDJTJGc3BhbiUzRSUwQSUyMCUyMCUyMCUyMCUyMCUyMCUyMCUyME40MyVDMiVCMDM4JTI3MTkuMzklMjIlMjBFMTE2JUMyJUIwMTQlMjcyOC44NiUyMiUwQSUzQ2JyJTIwJTJGJTNFJTBBJTIwJTIwJTIwJTIwJTIwJTIwJTIwJTIwJTNDYSUyMGhyZWYlM0QlMjJodHRwcyUzQSUyRiUyRnd3dy5nb29nbGUucHQlMkZtYXBzJTJGZGlyJTJGJTJGNDUzMCUyQkRpZmZlcmRhbmdlJTIyJTIwdGFyZ2V0JTNEJTIyX2JsYW5rJTIyJTIwY2xhc3MlM0QlMjJtZW51X19jb29yZHMlMjIlM0UlMEElMjAlMjAlMjAlMjAlMjAlMjAlMjAlMjAlMjAlMjAlMjAlMjAlM0NpJTIwY2xhc3MlM0QlMjJmYXMlMjBmYS1kaXJlY3Rpb25zJTIyJTNFJTNDJTJGaSUzRSUwQSUyMCUyMCUyMCUyMCUyMCUyMCUyMCUyMCUyMCUyMCUyMCUyMCUzQ2IlM0VPYnRlciUyMERpcmUlQzMlQTclQzMlQjVlcyUzQyUyRmIlM0UlMEElMjAlMjAlMjAlMjAlMjAlMjAlMjAlMjAlM0MlMkZhJTNFJTBBJTIwJTIwJTIwJTIwJTNDJTJGZGl2JTNFJTBBJTNDJTJGZGl2JTNF[\/vc_raw_html][\/vc_column][\/vc_row][vc_row css=&#8221;.vc_custom_1606230418724{margin-bottom: 50px [&hellip;]<\/p>\n","protected":false},"author":1,"featured_media":0,"parent":0,"menu_order":0,"comment_status":"closed","ping_status":"closed","template":"","meta":{"inline_featured_image":false,"footnotes":""},"class_list":["post-11559","page","type-page","status-publish","hentry"],"yoast_head":"<!-- This site is optimized with the Yoast SEO plugin v25.9 - https:\/\/yoast.com\/wordpress\/plugins\/seo\/ -->\n<title>Loja de Differdange - GSM &amp; PC Solutions<\/title>\n<meta name=\"robots\" content=\"index, follow, max-snippet:-1, max-image-preview:large, max-video-preview:-1\" \/>\n<link rel=\"canonical\" href=\"https:\/\/www.gsmpcsolutions.lu\/pt-pt\/loja-differdange\/\" \/>\n<meta property=\"og:locale\" content=\"pt_PT\" \/>\n<meta property=\"og:type\" content=\"article\" \/>\n<meta property=\"og:title\" content=\"Loja de Differdange - GSM &amp; PC Solutions\" \/>\n<meta property=\"og:description\" content=\"[vc_row][vc_column][vc_raw_html]JTVCc3Bfd3BjYXJvdXNlbCUyMGlkJTNEJTIyMzA2ODQlMjIlNUQ=[\/vc_raw_html][fr_space space_lg=&#8221;38&#8243; space_md=&#8221;38&#8243; space_sm=&#8221;25&#8243; space_xs=&#8221;25&#8243;][\/vc_column][\/vc_row][vc_row css=&#8221;.vc_custom_1606230200895{margin-bottom: 50px !important;}&#8221;][vc_column][vc_column_text el_class=&#8221;contact__stores&#8221;] Differdange A nossa loja est\u00e1 situada numa pequena ilha no meio do centro comercial Opkorn. Foi inaugurada em Outubro de 2017. A\u00ed encontrar\u00e1 os dois dos nossos t\u00e9cnicos profissionais e muito simp\u00e1ticos \u00e0 sua disposi\u00e7\u00e3o e prontos para o salvar. [\/vc_column_text][vc_raw_html css=&#8221;.vc_custom_1683740835105{margin-bottom: 0px !important;}&#8221;]JTNDZGl2JTIwY2xhc3MlM0QlMjJjb250YWN0X19zdG9yZXMlMjIlMjBzdHlsZSUzRCUyMm1pbi1oZWlnaHQlM0EyNTBweCUyMiUzRSUwQSUyMCUyMCUyMCUyMCUzQ2gzJTIwY2xhc3MlM0QlMjJjb250YWN0c3RvcmVfX3RpdGxlJTIyJTNFQ29udGFjdG9zJTNDJTJGaDMlM0UlMEElMjAlMjAlMjAlMjAlM0NkaXYlMjBzdHlsZSUzRCUyMmZsb2F0JTNBJTIwbGVmdCUzQiUyMHRleHQtYWxpZ24lM0ElMjBjZW50ZXIlM0IlMjIlMjBjbGFzcyUzRCUyMnN0b3Jlc21lbnVfX3RleHQlMjBjb2wteHMtMTIlMjBjb2wtc20tMyUyMGNvbC1tZC0zJTIyJTNFJTBBJTIwJTIwJTIwJTIwJTIwJTIwJTIwJTIwJTNDc3BhbiUyMGNsYXNzJTNEJTIyc3RvcmVzbWVudV9fc3VidGl0bGUlMjIlM0VNb3JhZGElM0MlMkZzcGFuJTNFJTBBJTIwJTIwJTIwJTIwJTIwJTIwJTIwJTIwMSUyQyUyMEJvdWxldmFyZCUyMEVtaWxlJTIwS3JpZXBzJTJDJTIwTC00NTMwJTBBJTIwJTIwJTIwJTIwJTIwJTIwJTIwJTIwJTNDYnIlMjAlMkYlM0UlMEElMjAlMjAlMjAlMjAlMjAlMjAlMjAlMjA0NTMwJTIwRGlmZmVyZGFuZ2UlMEElMjAlMjAlMjAlMjAlM0MlMkZkaXYlM0UlMEElMjAlMjAlMjAlMjAlM0NkaXYlMjBzdHlsZSUzRCUyMmZsb2F0JTNBJTIwbGVmdCUzQiUyMHRleHQtYWxpZ24lM0ElMjBjZW50ZXIlM0IlMjIlMjBjbGFzcyUzRCUyMnN0b3Jlc21lbnVfX3RleHQlMjBjb2wteHMtMTIlMjBjb2wtc20tMyUyMGNvbC1tZC0zJTIyJTNFJTBBJTIwJTIwJTIwJTIwJTIwJTIwJTIwJTIwJTNDc3BhbiUyMGNsYXNzJTNEJTIyc3RvcmVzbWVudV9fc3VidGl0bGUlMjIlM0VIb3IlQzMlQTFyaW8lM0MlMkZzcGFuJTNFJTBBJTIwJTIwJTIwJTIwJTIwJTIwJTIwJTIwU2VndW5kYSUyMGElMjBTJUMzJUExYmFkbyUwQSUyMCUyMCUyMCUyMCUyMCUyMCUyMCUyMCUzQ2JyJTJGJTNFJTBBJTIwJTIwJTIwJTIwJTIwJTIwJTIwJTIwMDloMDAlMjAlQzMlQTBzJTIwMjBoMDAlMEElMjAlMjAlMjAlMjAlM0MlMkZkaXYlM0UlMEElMjAlMjAlMjAlMjAlM0NkaXYlMjBzdHlsZSUzRCUyMmZsb2F0JTNBJTIwbGVmdCUzQiUyMHRleHQtYWxpZ24lM0ElMjBjZW50ZXIlM0IlMjIlMjBjbGFzcyUzRCUyMnN0b3Jlc21lbnVfX3RleHQlMjBjb2wteHMtMTIlMjBjb2wtc20tMyUyMGNvbC1tZC0zJTIyJTNFJTBBJTIwJTIwJTIwJTIwJTIwJTIwJTIwJTIwJTNDc3BhbiUyMGNsYXNzJTNEJTIyc3RvcmVzbWVudV9fc3VidGl0bGUlMjIlM0VDb250YWN0b3MlM0MlMkZzcGFuJTNFJTBBJTIwJTIwJTIwJTIwJTIwJTIwJTIwJTIwJTNDYSUyMGhyZWYlM0QlMjJtYWlsdG8lM0FvcGtvcm4lNDBnc21wY3NvbHV0aW9ucy5sdSUyMiUzRSUwQSUyMCUyMCUyMCUyMCUyMCUyMCUyMCUyMCUyMCUyMCUyMCUyMG9wa29ybiU0MGdzbXBjc29sdXRpb25zLmx1JTBBJTIwJTIwJTIwJTIwJTIwJTIwJTIwJTIwJTNDJTJGYSUzRSUwQSUzQ2JyJTIwJTJGJTNFJTBBJTI4JTJCMzUyJTI5JTIwNjkxJTIwNjQwJTIwODkyJTBBJTIwJTIwJTIwJTIwJTNDJTJGZGl2JTNFJTBBJTIwJTIwJTIwJTIwJTNDZGl2JTIwc3R5bGUlM0QlMjJmbG9hdCUzQSUyMGxlZnQlM0IlMjB0ZXh0LWFsaWduJTNBJTIwY2VudGVyJTNCJTIyJTIwY2xhc3MlM0QlMjJzdG9yZXNtZW51X190ZXh0JTIwY29sLXhzLTEyJTIwY29sLXNtLTMlMjBjb2wtbWQtMyUyMiUzRSUwQSUyMCUyMCUyMCUyMCUyMCUyMCUyMCUyMCUzQ3NwYW4lMjBjbGFzcyUzRCUyMnN0b3Jlc21lbnVfX3N1YnRpdGxlJTIyJTNFTG9jYWxpemElQzMlQTclQzMlQTNvJTNDJTJGc3BhbiUzRSUwQSUyMCUyMCUyMCUyMCUyMCUyMCUyMCUyME40MyVDMiVCMDM4JTI3MTkuMzklMjIlMjBFMTE2JUMyJUIwMTQlMjcyOC44NiUyMiUwQSUzQ2JyJTIwJTJGJTNFJTBBJTIwJTIwJTIwJTIwJTIwJTIwJTIwJTIwJTNDYSUyMGhyZWYlM0QlMjJodHRwcyUzQSUyRiUyRnd3dy5nb29nbGUucHQlMkZtYXBzJTJGZGlyJTJGJTJGNDUzMCUyQkRpZmZlcmRhbmdlJTIyJTIwdGFyZ2V0JTNEJTIyX2JsYW5rJTIyJTIwY2xhc3MlM0QlMjJtZW51X19jb29yZHMlMjIlM0UlMEElMjAlMjAlMjAlMjAlMjAlMjAlMjAlMjAlMjAlMjAlMjAlMjAlM0NpJTIwY2xhc3MlM0QlMjJmYXMlMjBmYS1kaXJlY3Rpb25zJTIyJTNFJTNDJTJGaSUzRSUwQSUyMCUyMCUyMCUyMCUyMCUyMCUyMCUyMCUyMCUyMCUyMCUyMCUzQ2IlM0VPYnRlciUyMERpcmUlQzMlQTclQzMlQjVlcyUzQyUyRmIlM0UlMEElMjAlMjAlMjAlMjAlMjAlMjAlMjAlMjAlM0MlMkZhJTNFJTBBJTIwJTIwJTIwJTIwJTNDJTJGZGl2JTNFJTBBJTNDJTJGZGl2JTNF[\/vc_raw_html][\/vc_column][\/vc_row][vc_row css=&#8221;.vc_custom_1606230418724{margin-bottom: 50px [&hellip;]\" \/>\n<meta property=\"og:url\" content=\"https:\/\/www.gsmpcsolutions.lu\/pt-pt\/loja-differdange\/\" \/>\n<meta property=\"og:site_name\" content=\"GSM &amp; PC Solutions\" \/>\n<meta property=\"article:publisher\" content=\"https:\/\/www.facebook.com\/gsmpcsolutions\" \/>\n<meta property=\"article:modified_time\" content=\"2023-05-11T10:42:51+00:00\" \/>\n<meta name=\"twitter:card\" content=\"summary_large_image\" \/>\n<meta name=\"twitter:label1\" content=\"Tempo estimado de leitura\" \/>\n\t<meta name=\"twitter:data1\" content=\"2 minutos\" \/>\n<!-- \/ Yoast SEO plugin. -->","yoast_head_json":{"title":"Loja de Differdange - GSM &amp; PC Solutions","robots":{"index":"index","follow":"follow","max-snippet":"max-snippet:-1","max-image-preview":"max-image-preview:large","max-video-preview":"max-video-preview:-1"},"canonical":"https:\/\/www.gsmpcsolutions.lu\/pt-pt\/loja-differdange\/","og_locale":"pt_PT","og_type":"article","og_title":"Loja de Differdange - GSM &amp; PC Solutions","og_description":"[vc_row][vc_column][vc_raw_html]JTVCc3Bfd3BjYXJvdXNlbCUyMGlkJTNEJTIyMzA2ODQlMjIlNUQ=[\/vc_raw_html][fr_space space_lg=&#8221;38&#8243; space_md=&#8221;38&#8243; space_sm=&#8221;25&#8243; space_xs=&#8221;25&#8243;][\/vc_column][\/vc_row][vc_row css=&#8221;.vc_custom_1606230200895{margin-bottom: 50px !important;}&#8221;][vc_column][vc_column_text el_class=&#8221;contact__stores&#8221;] Differdange A nossa loja est\u00e1 situada numa pequena ilha no meio do centro comercial Opkorn. Foi inaugurada em Outubro de 2017. A\u00ed encontrar\u00e1 os dois dos nossos t\u00e9cnicos profissionais e muito simp\u00e1ticos \u00e0 sua disposi\u00e7\u00e3o e prontos para o salvar. [\/vc_column_text][vc_raw_html css=&#8221;.vc_custom_1683740835105{margin-bottom: 0px !important;}&#8221;]JTNDZGl2JTIwY2xhc3MlM0QlMjJjb250YWN0X19zdG9yZXMlMjIlMjBzdHlsZSUzRCUyMm1pbi1oZWlnaHQlM0EyNTBweCUyMiUzRSUwQSUyMCUyMCUyMCUyMCUzQ2gzJTIwY2xhc3MlM0QlMjJjb250YWN0c3RvcmVfX3RpdGxlJTIyJTNFQ29udGFjdG9zJTNDJTJGaDMlM0UlMEElMjAlMjAlMjAlMjAlM0NkaXYlMjBzdHlsZSUzRCUyMmZsb2F0JTNBJTIwbGVmdCUzQiUyMHRleHQtYWxpZ24lM0ElMjBjZW50ZXIlM0IlMjIlMjBjbGFzcyUzRCUyMnN0b3Jlc21lbnVfX3RleHQlMjBjb2wteHMtMTIlMjBjb2wtc20tMyUyMGNvbC1tZC0zJTIyJTNFJTBBJTIwJTIwJTIwJTIwJTIwJTIwJTIwJTIwJTNDc3BhbiUyMGNsYXNzJTNEJTIyc3RvcmVzbWVudV9fc3VidGl0bGUlMjIlM0VNb3JhZGElM0MlMkZzcGFuJTNFJTBBJTIwJTIwJTIwJTIwJTIwJTIwJTIwJTIwMSUyQyUyMEJvdWxldmFyZCUyMEVtaWxlJTIwS3JpZXBzJTJDJTIwTC00NTMwJTBBJTIwJTIwJTIwJTIwJTIwJTIwJTIwJTIwJTNDYnIlMjAlMkYlM0UlMEElMjAlMjAlMjAlMjAlMjAlMjAlMjAlMjA0NTMwJTIwRGlmZmVyZGFuZ2UlMEElMjAlMjAlMjAlMjAlM0MlMkZkaXYlM0UlMEElMjAlMjAlMjAlMjAlM0NkaXYlMjBzdHlsZSUzRCUyMmZsb2F0JTNBJTIwbGVmdCUzQiUyMHRleHQtYWxpZ24lM0ElMjBjZW50ZXIlM0IlMjIlMjBjbGFzcyUzRCUyMnN0b3Jlc21lbnVfX3RleHQlMjBjb2wteHMtMTIlMjBjb2wtc20tMyUyMGNvbC1tZC0zJTIyJTNFJTBBJTIwJTIwJTIwJTIwJTIwJTIwJTIwJTIwJTNDc3BhbiUyMGNsYXNzJTNEJTIyc3RvcmVzbWVudV9fc3VidGl0bGUlMjIlM0VIb3IlQzMlQTFyaW8lM0MlMkZzcGFuJTNFJTBBJTIwJTIwJTIwJTIwJTIwJTIwJTIwJTIwU2VndW5kYSUyMGElMjBTJUMzJUExYmFkbyUwQSUyMCUyMCUyMCUyMCUyMCUyMCUyMCUyMCUzQ2JyJTJGJTNFJTBBJTIwJTIwJTIwJTIwJTIwJTIwJTIwJTIwMDloMDAlMjAlQzMlQTBzJTIwMjBoMDAlMEElMjAlMjAlMjAlMjAlM0MlMkZkaXYlM0UlMEElMjAlMjAlMjAlMjAlM0NkaXYlMjBzdHlsZSUzRCUyMmZsb2F0JTNBJTIwbGVmdCUzQiUyMHRleHQtYWxpZ24lM0ElMjBjZW50ZXIlM0IlMjIlMjBjbGFzcyUzRCUyMnN0b3Jlc21lbnVfX3RleHQlMjBjb2wteHMtMTIlMjBjb2wtc20tMyUyMGNvbC1tZC0zJTIyJTNFJTBBJTIwJTIwJTIwJTIwJTIwJTIwJTIwJTIwJTNDc3BhbiUyMGNsYXNzJTNEJTIyc3RvcmVzbWVudV9fc3VidGl0bGUlMjIlM0VDb250YWN0b3MlM0MlMkZzcGFuJTNFJTBBJTIwJTIwJTIwJTIwJTIwJTIwJTIwJTIwJTNDYSUyMGhyZWYlM0QlMjJtYWlsdG8lM0FvcGtvcm4lNDBnc21wY3NvbHV0aW9ucy5sdSUyMiUzRSUwQSUyMCUyMCUyMCUyMCUyMCUyMCUyMCUyMCUyMCUyMCUyMCUyMG9wa29ybiU0MGdzbXBjc29sdXRpb25zLmx1JTBBJTIwJTIwJTIwJTIwJTIwJTIwJTIwJTIwJTNDJTJGYSUzRSUwQSUzQ2JyJTIwJTJGJTNFJTBBJTI4JTJCMzUyJTI5JTIwNjkxJTIwNjQwJTIwODkyJTBBJTIwJTIwJTIwJTIwJTNDJTJGZGl2JTNFJTBBJTIwJTIwJTIwJTIwJTNDZGl2JTIwc3R5bGUlM0QlMjJmbG9hdCUzQSUyMGxlZnQlM0IlMjB0ZXh0LWFsaWduJTNBJTIwY2VudGVyJTNCJTIyJTIwY2xhc3MlM0QlMjJzdG9yZXNtZW51X190ZXh0JTIwY29sLXhzLTEyJTIwY29sLXNtLTMlMjBjb2wtbWQtMyUyMiUzRSUwQSUyMCUyMCUyMCUyMCUyMCUyMCUyMCUyMCUzQ3NwYW4lMjBjbGFzcyUzRCUyMnN0b3Jlc21lbnVfX3N1YnRpdGxlJTIyJTNFTG9jYWxpemElQzMlQTclQzMlQTNvJTNDJTJGc3BhbiUzRSUwQSUyMCUyMCUyMCUyMCUyMCUyMCUyMCUyME40MyVDMiVCMDM4JTI3MTkuMzklMjIlMjBFMTE2JUMyJUIwMTQlMjcyOC44NiUyMiUwQSUzQ2JyJTIwJTJGJTNFJTBBJTIwJTIwJTIwJTIwJTIwJTIwJTIwJTIwJTNDYSUyMGhyZWYlM0QlMjJodHRwcyUzQSUyRiUyRnd3dy5nb29nbGUucHQlMkZtYXBzJTJGZGlyJTJGJTJGNDUzMCUyQkRpZmZlcmRhbmdlJTIyJTIwdGFyZ2V0JTNEJTIyX2JsYW5rJTIyJTIwY2xhc3MlM0QlMjJtZW51X19jb29yZHMlMjIlM0UlMEElMjAlMjAlMjAlMjAlMjAlMjAlMjAlMjAlMjAlMjAlMjAlMjAlM0NpJTIwY2xhc3MlM0QlMjJmYXMlMjBmYS1kaXJlY3Rpb25zJTIyJTNFJTNDJTJGaSUzRSUwQSUyMCUyMCUyMCUyMCUyMCUyMCUyMCUyMCUyMCUyMCUyMCUyMCUzQ2IlM0VPYnRlciUyMERpcmUlQzMlQTclQzMlQjVlcyUzQyUyRmIlM0UlMEElMjAlMjAlMjAlMjAlMjAlMjAlMjAlMjAlM0MlMkZhJTNFJTBBJTIwJTIwJTIwJTIwJTNDJTJGZGl2JTNFJTBBJTNDJTJGZGl2JTNF[\/vc_raw_html][\/vc_column][\/vc_row][vc_row css=&#8221;.vc_custom_1606230418724{margin-bottom: 50px [&hellip;]","og_url":"https:\/\/www.gsmpcsolutions.lu\/pt-pt\/loja-differdange\/","og_site_name":"GSM &amp; PC Solutions","article_publisher":"https:\/\/www.facebook.com\/gsmpcsolutions","article_modified_time":"2023-05-11T10:42:51+00:00","twitter_card":"summary_large_image","twitter_misc":{"Tempo estimado de leitura":"2 minutos"},"schema":{"@context":"https:\/\/schema.org","@graph":[{"@type":"WebPage","@id":"https:\/\/www.gsmpcsolutions.lu\/pt-pt\/loja-differdange\/","url":"https:\/\/www.gsmpcsolutions.lu\/pt-pt\/loja-differdange\/","name":"Loja de Differdange - GSM &amp; PC Solutions","isPartOf":{"@id":"https:\/\/www.gsmpcsolutions.lu\/pt-pt\/#website"},"datePublished":"2020-11-13T10:07:48+00:00","dateModified":"2023-05-11T10:42:51+00:00","breadcrumb":{"@id":"https:\/\/www.gsmpcsolutions.lu\/pt-pt\/loja-differdange\/#breadcrumb"},"inLanguage":"pt-PT","potentialAction":[{"@type":"ReadAction","target":["https:\/\/www.gsmpcsolutions.lu\/pt-pt\/loja-differdange\/"]}]},{"@type":"BreadcrumbList","@id":"https:\/\/www.gsmpcsolutions.lu\/pt-pt\/loja-differdange\/#breadcrumb","itemListElement":[{"@type":"ListItem","position":1,"name":"In\u00edcio","item":"https:\/\/www.gsmpcsolutions.lu\/pt-pt\/"},{"@type":"ListItem","position":2,"name":"Loja de Differdange"}]},{"@type":"WebSite","@id":"https:\/\/www.gsmpcsolutions.lu\/pt-pt\/#website","url":"https:\/\/www.gsmpcsolutions.lu\/pt-pt\/","name":"GSM &amp; PC Solutions","description":"Repara\u00e7\u00e3o de iPhone, iPad, MacBook, Samsung, PC","publisher":{"@id":"https:\/\/www.gsmpcsolutions.lu\/pt-pt\/#organization"},"potentialAction":[{"@type":"SearchAction","target":{"@type":"EntryPoint","urlTemplate":"https:\/\/www.gsmpcsolutions.lu\/pt-pt\/?s={search_term_string}"},"query-input":{"@type":"PropertyValueSpecification","valueRequired":true,"valueName":"search_term_string"}}],"inLanguage":"pt-PT"},{"@type":"Organization","@id":"https:\/\/www.gsmpcsolutions.lu\/pt-pt\/#organization","name":"GSM &amp; PC Solutions","url":"https:\/\/www.gsmpcsolutions.lu\/pt-pt\/","logo":{"@type":"ImageObject","inLanguage":"pt-PT","@id":"https:\/\/www.gsmpcsolutions.lu\/pt-pt\/#\/schema\/logo\/image\/","url":"https:\/\/www.gsmpcsolutions.lu\/wp-content\/uploads\/2020\/11\/logo.svg","contentUrl":"https:\/\/www.gsmpcsolutions.lu\/wp-content\/uploads\/2020\/11\/logo.svg","width":"980","height":"650","caption":"GSM &amp; PC Solutions"},"image":{"@id":"https:\/\/www.gsmpcsolutions.lu\/pt-pt\/#\/schema\/logo\/image\/"},"sameAs":["https:\/\/www.facebook.com\/gsmpcsolutions","https:\/\/www.instagram.com\/gsmpcsolutions\/"]}]}},"_links":{"self":[{"href":"https:\/\/www.gsmpcsolutions.lu\/pt-pt\/wp-json\/wp\/v2\/pages\/11559","targetHints":{"allow":["GET"]}}],"collection":[{"href":"https:\/\/www.gsmpcsolutions.lu\/pt-pt\/wp-json\/wp\/v2\/pages"}],"about":[{"href":"https:\/\/www.gsmpcsolutions.lu\/pt-pt\/wp-json\/wp\/v2\/types\/page"}],"author":[{"embeddable":true,"href":"https:\/\/www.gsmpcsolutions.lu\/pt-pt\/wp-json\/wp\/v2\/users\/1"}],"replies":[{"embeddable":true,"href":"https:\/\/www.gsmpcsolutions.lu\/pt-pt\/wp-json\/wp\/v2\/comments?post=11559"}],"version-history":[{"count":0,"href":"https:\/\/www.gsmpcsolutions.lu\/pt-pt\/wp-json\/wp\/v2\/pages\/11559\/revisions"}],"wp:attachment":[{"href":"https:\/\/www.gsmpcsolutions.lu\/pt-pt\/wp-json\/wp\/v2\/media?parent=11559"}],"curies":[{"name":"wp","href":"https:\/\/api.w.org\/{rel}","templated":true}]}}