{"id":3,"date":"2020-10-15T16:40:35","date_gmt":"2020-10-15T16:40:35","guid":{"rendered":"http:\/\/gsmpcsolutions.lu\/?page_id=3"},"modified":"2023-05-15T14:01:36","modified_gmt":"2023-05-15T14:01:36","slug":"politica-privacidade","status":"publish","type":"page","link":"https:\/\/www.gsmpcsolutions.lu\/pt-pt\/politica-privacidade\/","title":{"rendered":"Pol\u00edtica de Privacidade"},"content":{"rendered":"<section class=\"wpb-content-wrapper\"><p>[vc_row][vc_column][vc_column_text el_class=&#8221;text__justify&#8221;]<\/p>\n<p style=\"margin-top: 0;\">Dados da entidade respons\u00e1vel pela recolha e tratamento de dados pessoais:<\/p>\n<p style=\"margin-top: 0;\"><b>Pocinhas SARL.<br \/>\n140 Route d&#8217;Arlon, 8008 Strassen<br \/>\ninfo@gsmpcsolutions.lu<br \/>\n(+352) 691 640 892<\/b><\/p>\n<p style=\"margin-top: 0;\">O acesso e uso do site www.gsmpcsolutions.lu atribui a condi\u00e7\u00e3o de utilizador ao visitante da p\u00e1gina web e implica a total aceita\u00e7\u00e3o sem reservas das condi\u00e7\u00f5es de uso vigentes ao momento da utiliza\u00e7\u00e3o do site.<\/p>\n<p style=\"margin-top: 0;\">A Pocinhas SARL. compromete-se a assegurar a privacidade de todos os seus clientes, mantendo os seus dados pessoais confidenciais em cumprimento da legisla\u00e7\u00e3o aplic\u00e1vel e a garantir o direito de acesso, retifica\u00e7\u00e3o e anula\u00e7\u00e3o de qualquer dado fornecido, pessoalmente ou por escrito.<\/p>\n<p style=\"margin-top: 0;\">No papel de entidade respons\u00e1vel pela recolha e tratamento de dados pessoais, a Pocinhas SARL. apenas facultar\u00e1 a informa\u00e7\u00e3o estritamente necess\u00e1ria \u00e0s entidades cuja colabora\u00e7\u00e3o seja indispens\u00e1vel \u00e0 presta\u00e7\u00e3o do seu servi\u00e7o.<\/p>\n<p style=\"margin-top: 0;\">Se o utilizador pretender alterar, corrigir ou apagar os seus dados pessoais, poder\u00e1 faz\u00ea-lo de forma f\u00e1cil e gratuita junto da respons\u00e1vel pelo tratamento dos dados pelo s\u00edtio www.gsmpcsolutions.lu, atrav\u00e9s de email info@gsmpcsolutions.lu, por telefone (+352) 691 640 892 ou por carta para 140 Route d&#8217;Arlon, 8008 Strassen.<\/p>\n<p style=\"margin-top: 0;\">A Pocinhas SARL. poder\u00e1 recolher a seguinte informa\u00e7\u00e3o pessoal dos utilizadores da sua p\u00e1gina web atrav\u00e9s dos formul\u00e1rios correspondentes: nome, endere\u00e7o de correio electr\u00f3nico, endere\u00e7o postal, n\u00famero de telefone, data de nascimento, sexo, quando o utilizador visitar a p\u00e1gina web www.gsmpcsolutions.lu, se solicitar um pedido de contacto.<\/p>\n<p style=\"margin-top: 0;\">Os dados recolhidos ter\u00e3o como fins contactar o utilizador em caso de d\u00favidas ou pedidos de contacto.<\/p>\n<p style=\"margin-top: 0;\">A Pocinhas SARL. adoptar\u00e1 todas as medidas necess\u00e1rias para garantir a seguran\u00e7a e integridade dos dados de car\u00e1cter pessoal dos utilizadores, bem como para evitar a sua perda, altera\u00e7\u00e3o e\/ou acesso por parte de terceiros n\u00e3o autorizados.<\/p>\n<p style=\"margin-top: 0;\">A Pocinhas SARL. n\u00e3o ceder\u00e1 a terceiros informa\u00e7\u00e3o relativa aos dados pessoais dos utilizadores, a n\u00e3o ser que haja um consentimento pr\u00e9vio, expresso e inequ\u00edvoco destes. N\u00e3o obstante, a Pocinhas SARL. poder\u00e1 comunicar os dados pessoais dos utilizadores com o intuito de dar cumprimento aos contratos celebrados e para cumprir todos os compromissos assumidos com os utilizadores.<\/p>\n<p style=\"margin-top: 0;\">N\u00e3o obstante a Pocinhas SARL. proceder \u00e0 recolha e ao tratamento de dados de forma segura e que impede a perda ou manipula\u00e7\u00e3o, utilizando as t\u00e9cnicas mais aperfei\u00e7oadas para o efeito, informamos que a recolha em rede aberta permite a circula\u00e7\u00e3o dos dados pessoais sem condi\u00e7\u00f5es de seguran\u00e7a, correndo o risco de ser visualizados e utilizados por terceiros n\u00e3o autorizados.<\/p>\n<p style=\"margin-top: 0;\">A Pocinhas SARL. n\u00e3o se responsabiliza por quaisquer danos ou perdas resultantes de um ataque de nega\u00e7\u00e3o de servi\u00e7o, v\u00edrus ou qualquer outro programa ou material tecnologicamente prejudicial ou danoso, que possa afectar o computador do utilizador, equipamento inform\u00e1tico, electr\u00f3nico, dados ou materiais, em consequ\u00eancia da utiliza\u00e7\u00e3o do site www.gsmpcsolutions.lu, ou do descarregamento de conte\u00fado do mesmo ou dos conte\u00fados para os quais o mesmo redirecione.<\/p>\n<p style=\"margin-top: 0;\">Todos os elementos, sonoros ou visuais, do site www.gsmpcsolutions.lu, incluindo a tecnologia subjacente, s\u00e3o protegidos pelos direitos de autor, das marcas ou das patentes.<\/p>\n<p style=\"margin-top: 0;\">O utilizador que disponha de um site pessoal e que deseje colocar, para uso pessoal, no seu site um simples link direto \u00e0 p\u00e1gina www.gsmpcsolutions.lu, deve obrigatoriamente solicitar autoriza\u00e7\u00e3o pr\u00e9via \u00e0 sociedade Pocinhas SARL.. A autoriza\u00e7\u00e3o s\u00f3 \u00e9 v\u00e1lida se prestada por escrito.<\/p>\n<p>[\/vc_column_text][\/vc_column][\/vc_row]<\/p>\n<\/section>","protected":false},"excerpt":{"rendered":"<p>[vc_row][vc_column][vc_column_text el_class=&#8221;text__justify&#8221;] Dados da entidade respons\u00e1vel pela recolha e tratamento de dados pessoais: Pocinhas SARL. 140 Route d&#8217;Arlon, 8008 Strassen info@gsmpcsolutions.lu (+352) 691 640 892 O acesso e uso do site www.gsmpcsolutions.lu atribui a condi\u00e7\u00e3o de utilizador ao visitante da p\u00e1gina web e implica a total aceita\u00e7\u00e3o sem reservas das condi\u00e7\u00f5es de uso vigentes ao [&hellip;]<\/p>\n","protected":false},"author":1,"featured_media":0,"parent":0,"menu_order":0,"comment_status":"closed","ping_status":"open","template":"","meta":{"inline_featured_image":false,"footnotes":""},"class_list":["post-3","page","type-page","status-publish","hentry"],"yoast_head":"<!-- This site is optimized with the Yoast SEO plugin v25.9 - https:\/\/yoast.com\/wordpress\/plugins\/seo\/ -->\n<title>Pol\u00edtica de Privacidade - GSM &amp; PC Solutions<\/title>\n<meta name=\"robots\" content=\"index, follow, max-snippet:-1, max-image-preview:large, max-video-preview:-1\" \/>\n<link rel=\"canonical\" href=\"https:\/\/www.gsmpcsolutions.lu\/pt-pt\/politica-privacidade\/\" \/>\n<meta property=\"og:locale\" content=\"pt_PT\" \/>\n<meta property=\"og:type\" content=\"article\" \/>\n<meta property=\"og:title\" content=\"Pol\u00edtica de Privacidade - GSM &amp; PC Solutions\" \/>\n<meta property=\"og:description\" content=\"[vc_row][vc_column][vc_column_text el_class=&#8221;text__justify&#8221;] Dados da entidade respons\u00e1vel pela recolha e tratamento de dados pessoais: Pocinhas SARL. 140 Route d&#8217;Arlon, 8008 Strassen info@gsmpcsolutions.lu (+352) 691 640 892 O acesso e uso do site www.gsmpcsolutions.lu atribui a condi\u00e7\u00e3o de utilizador ao visitante da p\u00e1gina web e implica a total aceita\u00e7\u00e3o sem reservas das condi\u00e7\u00f5es de uso vigentes ao [&hellip;]\" \/>\n<meta property=\"og:url\" content=\"https:\/\/www.gsmpcsolutions.lu\/pt-pt\/politica-privacidade\/\" \/>\n<meta property=\"og:site_name\" content=\"GSM &amp; PC Solutions\" \/>\n<meta property=\"article:publisher\" content=\"https:\/\/www.facebook.com\/gsmpcsolutions\" \/>\n<meta property=\"article:modified_time\" content=\"2023-05-15T14:01:36+00:00\" \/>\n<meta name=\"twitter:card\" content=\"summary_large_image\" \/>\n<meta name=\"twitter:label1\" content=\"Tempo estimado de leitura\" \/>\n\t<meta name=\"twitter:data1\" content=\"3 minutos\" \/>\n<!-- \/ Yoast SEO plugin. -->","yoast_head_json":{"title":"Pol\u00edtica de Privacidade - GSM &amp; PC Solutions","robots":{"index":"index","follow":"follow","max-snippet":"max-snippet:-1","max-image-preview":"max-image-preview:large","max-video-preview":"max-video-preview:-1"},"canonical":"https:\/\/www.gsmpcsolutions.lu\/pt-pt\/politica-privacidade\/","og_locale":"pt_PT","og_type":"article","og_title":"Pol\u00edtica de Privacidade - GSM &amp; PC Solutions","og_description":"[vc_row][vc_column][vc_column_text el_class=&#8221;text__justify&#8221;] Dados da entidade respons\u00e1vel pela recolha e tratamento de dados pessoais: Pocinhas SARL. 140 Route d&#8217;Arlon, 8008 Strassen info@gsmpcsolutions.lu (+352) 691 640 892 O acesso e uso do site www.gsmpcsolutions.lu atribui a condi\u00e7\u00e3o de utilizador ao visitante da p\u00e1gina web e implica a total aceita\u00e7\u00e3o sem reservas das condi\u00e7\u00f5es de uso vigentes ao [&hellip;]","og_url":"https:\/\/www.gsmpcsolutions.lu\/pt-pt\/politica-privacidade\/","og_site_name":"GSM &amp; PC Solutions","article_publisher":"https:\/\/www.facebook.com\/gsmpcsolutions","article_modified_time":"2023-05-15T14:01:36+00:00","twitter_card":"summary_large_image","twitter_misc":{"Tempo estimado de leitura":"3 minutos"},"schema":{"@context":"https:\/\/schema.org","@graph":[{"@type":"WebPage","@id":"https:\/\/www.gsmpcsolutions.lu\/pt-pt\/politica-privacidade\/","url":"https:\/\/www.gsmpcsolutions.lu\/pt-pt\/politica-privacidade\/","name":"Pol\u00edtica de Privacidade - GSM &amp; PC Solutions","isPartOf":{"@id":"https:\/\/www.gsmpcsolutions.lu\/pt-pt\/#website"},"datePublished":"2020-10-15T16:40:35+00:00","dateModified":"2023-05-15T14:01:36+00:00","breadcrumb":{"@id":"https:\/\/www.gsmpcsolutions.lu\/pt-pt\/politica-privacidade\/#breadcrumb"},"inLanguage":"pt-PT","potentialAction":[{"@type":"ReadAction","target":["https:\/\/www.gsmpcsolutions.lu\/pt-pt\/politica-privacidade\/"]}]},{"@type":"BreadcrumbList","@id":"https:\/\/www.gsmpcsolutions.lu\/pt-pt\/politica-privacidade\/#breadcrumb","itemListElement":[{"@type":"ListItem","position":1,"name":"In\u00edcio","item":"https:\/\/www.gsmpcsolutions.lu\/pt-pt\/"},{"@type":"ListItem","position":2,"name":"Pol\u00edtica de Privacidade"}]},{"@type":"WebSite","@id":"https:\/\/www.gsmpcsolutions.lu\/pt-pt\/#website","url":"https:\/\/www.gsmpcsolutions.lu\/pt-pt\/","name":"GSM &amp; PC Solutions","description":"Repara\u00e7\u00e3o de iPhone, iPad, MacBook, Samsung, PC","publisher":{"@id":"https:\/\/www.gsmpcsolutions.lu\/pt-pt\/#organization"},"potentialAction":[{"@type":"SearchAction","target":{"@type":"EntryPoint","urlTemplate":"https:\/\/www.gsmpcsolutions.lu\/pt-pt\/?s={search_term_string}"},"query-input":{"@type":"PropertyValueSpecification","valueRequired":true,"valueName":"search_term_string"}}],"inLanguage":"pt-PT"},{"@type":"Organization","@id":"https:\/\/www.gsmpcsolutions.lu\/pt-pt\/#organization","name":"GSM &amp; PC Solutions","url":"https:\/\/www.gsmpcsolutions.lu\/pt-pt\/","logo":{"@type":"ImageObject","inLanguage":"pt-PT","@id":"https:\/\/www.gsmpcsolutions.lu\/pt-pt\/#\/schema\/logo\/image\/","url":"https:\/\/www.gsmpcsolutions.lu\/wp-content\/uploads\/2020\/11\/logo.svg","contentUrl":"https:\/\/www.gsmpcsolutions.lu\/wp-content\/uploads\/2020\/11\/logo.svg","width":"980","height":"650","caption":"GSM &amp; PC Solutions"},"image":{"@id":"https:\/\/www.gsmpcsolutions.lu\/pt-pt\/#\/schema\/logo\/image\/"},"sameAs":["https:\/\/www.facebook.com\/gsmpcsolutions","https:\/\/www.instagram.com\/gsmpcsolutions\/"]}]}},"_links":{"self":[{"href":"https:\/\/www.gsmpcsolutions.lu\/pt-pt\/wp-json\/wp\/v2\/pages\/3","targetHints":{"allow":["GET"]}}],"collection":[{"href":"https:\/\/www.gsmpcsolutions.lu\/pt-pt\/wp-json\/wp\/v2\/pages"}],"about":[{"href":"https:\/\/www.gsmpcsolutions.lu\/pt-pt\/wp-json\/wp\/v2\/types\/page"}],"author":[{"embeddable":true,"href":"https:\/\/www.gsmpcsolutions.lu\/pt-pt\/wp-json\/wp\/v2\/users\/1"}],"replies":[{"embeddable":true,"href":"https:\/\/www.gsmpcsolutions.lu\/pt-pt\/wp-json\/wp\/v2\/comments?post=3"}],"version-history":[{"count":0,"href":"https:\/\/www.gsmpcsolutions.lu\/pt-pt\/wp-json\/wp\/v2\/pages\/3\/revisions"}],"wp:attachment":[{"href":"https:\/\/www.gsmpcsolutions.lu\/pt-pt\/wp-json\/wp\/v2\/media?parent=3"}],"curies":[{"name":"wp","href":"https:\/\/api.w.org\/{rel}","templated":true}]}}