{"id":32166,"date":"2022-10-21T11:02:27","date_gmt":"2022-10-21T11:02:27","guid":{"rendered":"https:\/\/gsmpcsolutions.lu\/?page_id=32166"},"modified":"2022-12-09T09:32:52","modified_gmt":"2022-12-09T09:32:52","slug":"danos-no-chassi","status":"publish","type":"page","link":"https:\/\/www.gsmpcsolutions.lu\/pt-pt\/danos-no-chassi\/","title":{"rendered":"Danos no Chassi"},"content":{"rendered":"<section class=\"wpb-content-wrapper\"><p>[vc_row content_placement=&#8221;middle&#8221;][vc_column width=&#8221;1\/2&#8243; css=&#8221;.vc_custom_1605617146883{padding-top: 1px !important;}&#8221;][fr_space space_lg=&#8221;85&#8243; space_md=&#8221;50&#8243; space_sm=&#8221;50&#8243; space_xs=&#8221;50&#8243;][vc_single_image image=&#8221;3136&#8243; img_size=&#8221;full&#8221; alignment=&#8221;center&#8221; css_animation=&#8221;bounceInLeft&#8221; el_class=&#8221;service_page_image_element&#8221;][\/vc_column][vc_column width=&#8221;1\/2&#8243;][fr_space space_lg=&#8221;85&#8243; space_md=&#8221;50&#8243; space_sm=&#8221;50&#8243; space_xs=&#8221;30&#8243;][fr_heading cms_template=&#8221;fr_heading&#8211;layout1.php&#8221; align_sm=&#8221;align-center-sm&#8221; align_xs=&#8221;align-center-xs&#8221; title=&#8221;DANOS NO CHASSI&#8221; sub_title=&#8221;DESDE 79.00\u20ac&#8221;][vc_row_inner cms_row_inner_class=&#8221;color-87&#8243; css=&#8221;.vc_custom_1547524006290{margin-top: 30px !important;}&#8221;][vc_column_inner][vc_column_text el_class=&#8221;col-sm-justify&#8221;]<\/p>\n<p style=\"margin-top: 0;\">Sentou-se em cima do seu telefone? Podemos endireitar o seu chassi atual ou substitu\u00ed-lo por um original de f\u00e1brica.<\/p>\n<p style=\"margin-top: 0;\">Um problema mais incomum mas que ainda acontece \u00e9 o chassi do seu telem\u00f3vel se partir ou ficar torto. N\u00f3s, na GSM &amp; PC Solutions trocamos o chassi completo por um 100% original e com garantia de 6 meses.<\/p>\n<p>[\/vc_column_text][fr_button button_text=&#8221;Reparar&#8221; button_link=&#8221;url:%2Fpt-pt%2Freparacoes%2F&#8221; align_sm=&#8221;align-center-sm&#8221; align_xs=&#8221;align-center-xs&#8221; margin_top=&#8221;10px&#8221; el_class=&#8221;custom_service_inline_button&#8221;][fr_button button_text=&#8221;Fale Connosco&#8221; button_link=&#8221;url:tel%3A%2B352691640892&#8243; align_sm=&#8221;align-center-sm&#8221; align_xs=&#8221;align-center-xs&#8221; margin_top=&#8221;10px&#8221; el_class=&#8221;custom_service_inline_button&#8221;][\/vc_column_inner][\/vc_row_inner][\/vc_column][\/vc_row][vc_row][vc_column][fr_space space_lg=&#8221;130&#8243; space_md=&#8221;100&#8243; space_sm=&#8221;50&#8243; space_xs=&#8221;50&#8243;][\/vc_column][\/vc_row][vc_row full_width=&#8221;stretch_row&#8221; content_placement=&#8221;middle&#8221; parallax=&#8221;content-moving&#8221; parallax_image=&#8221;31177&#8243; parallax_speed_bg=&#8221;1.7&#8243; css_animation=&#8221;none&#8221; css=&#8221;.vc_custom_1666357654705{background-image: url(https:\/\/gsmpcsolutions.lu\/wp-content\/uploads\/2022\/09\/porque-no\u0301s-1.jpg?id=31177) !important;}&#8221; el_class=&#8221;pickup__container service_cta_container&#8221;][vc_column css_animation=&#8221;none&#8221;][fr_heading cms_template=&#8221;fr_heading&#8211;layout1.php&#8221; align_lg=&#8221;align-center&#8221; align_md=&#8221;align-center-md&#8221; align_sm=&#8221;align-center-sm&#8221; align_xs=&#8221;align-center-xs&#8221; title=&#8221;AVARIOU? N\u00d3S REPARAMOS!&#8221; title_color=&#8221;#ffffff&#8221;][fr_space space_lg=&#8221;35&#8243; space_md=&#8221;35&#8243; space_sm=&#8221;35&#8243; space_xs=&#8221;35&#8243;][vc_row_inner][vc_column_inner][vc_custom_heading text=&#8221;A GSM &amp; PC Solutions \u00e9 l\u00edder no mercado em repara\u00e7\u00f5es de todo o tipo de equipamentos eletr\u00f3nicos e possu\u00ed uma equipa t\u00e9cnica com uma vasta experi\u00eancia profissional. Usamos apenas materiais de qualidade devidamente testados e comprovados para garantir a sua satisfa\u00e7\u00e3o.&#8221; font_container=&#8221;tag:p|font_size:18px|text_align:center|color:%23ffffff&#8221; use_theme_fonts=&#8221;yes&#8221;][fr_button button_text=&#8221;Consultar Repara\u00e7\u00f5es&#8221; button_link=&#8221;url:%2Fpt-pt%2Freparacoes%2F&#8221; align_lg=&#8221;align-center&#8221; align_md=&#8221;align-center-md&#8221; align_sm=&#8221;align-center-sm&#8221; align_xs=&#8221;align-center-xs&#8221; margin_top=&#8221;30px&#8221; el_class=&#8221;cta_section_button&#8221;][\/vc_column_inner][\/vc_row_inner][\/vc_column][\/vc_row]<\/p>\n<\/section>","protected":false},"excerpt":{"rendered":"<p>[vc_row content_placement=&#8221;middle&#8221;][vc_column width=&#8221;1\/2&#8243; css=&#8221;.vc_custom_1605617146883{padding-top: 1px !important;}&#8221;][fr_space space_lg=&#8221;85&#8243; space_md=&#8221;50&#8243; space_sm=&#8221;50&#8243; space_xs=&#8221;50&#8243;][vc_single_image image=&#8221;3136&#8243; img_size=&#8221;full&#8221; alignment=&#8221;center&#8221; css_animation=&#8221;bounceInLeft&#8221; el_class=&#8221;service_page_image_element&#8221;][\/vc_column][vc_column width=&#8221;1\/2&#8243;][fr_space space_lg=&#8221;85&#8243; space_md=&#8221;50&#8243; space_sm=&#8221;50&#8243; space_xs=&#8221;30&#8243;][fr_heading cms_template=&#8221;fr_heading&#8211;layout1.php&#8221; align_sm=&#8221;align-center-sm&#8221; align_xs=&#8221;align-center-xs&#8221; title=&#8221;DANOS NO CHASSI&#8221; sub_title=&#8221;DESDE 79.00\u20ac&#8221;][vc_row_inner cms_row_inner_class=&#8221;color-87&#8243; css=&#8221;.vc_custom_1547524006290{margin-top: 30px !important;}&#8221;][vc_column_inner][vc_column_text el_class=&#8221;col-sm-justify&#8221;] Sentou-se em cima do seu telefone? Podemos endireitar o seu chassi atual ou substitu\u00ed-lo por um original de f\u00e1brica. Um problema mais [&hellip;]<\/p>\n","protected":false},"author":1,"featured_media":0,"parent":0,"menu_order":0,"comment_status":"closed","ping_status":"closed","template":"","meta":{"inline_featured_image":false,"footnotes":""},"class_list":["post-32166","page","type-page","status-publish","hentry"],"yoast_head":"<!-- This site is optimized with the Yoast SEO plugin v25.9 - https:\/\/yoast.com\/wordpress\/plugins\/seo\/ -->\n<title>Danos no Chassi - GSM &amp; PC Solutions<\/title>\n<meta name=\"robots\" content=\"index, follow, max-snippet:-1, max-image-preview:large, max-video-preview:-1\" \/>\n<link rel=\"canonical\" href=\"https:\/\/www.gsmpcsolutions.lu\/pt-pt\/danos-no-chassi\/\" \/>\n<meta property=\"og:locale\" content=\"pt_PT\" \/>\n<meta property=\"og:type\" content=\"article\" \/>\n<meta property=\"og:title\" content=\"Danos no Chassi - GSM &amp; PC Solutions\" \/>\n<meta property=\"og:description\" content=\"[vc_row content_placement=&#8221;middle&#8221;][vc_column width=&#8221;1\/2&#8243; css=&#8221;.vc_custom_1605617146883{padding-top: 1px !important;}&#8221;][fr_space space_lg=&#8221;85&#8243; space_md=&#8221;50&#8243; space_sm=&#8221;50&#8243; space_xs=&#8221;50&#8243;][vc_single_image image=&#8221;3136&#8243; img_size=&#8221;full&#8221; alignment=&#8221;center&#8221; css_animation=&#8221;bounceInLeft&#8221; el_class=&#8221;service_page_image_element&#8221;][\/vc_column][vc_column width=&#8221;1\/2&#8243;][fr_space space_lg=&#8221;85&#8243; space_md=&#8221;50&#8243; space_sm=&#8221;50&#8243; space_xs=&#8221;30&#8243;][fr_heading cms_template=&#8221;fr_heading&#8211;layout1.php&#8221; align_sm=&#8221;align-center-sm&#8221; align_xs=&#8221;align-center-xs&#8221; title=&#8221;DANOS NO CHASSI&#8221; sub_title=&#8221;DESDE 79.00\u20ac&#8221;][vc_row_inner cms_row_inner_class=&#8221;color-87&#8243; css=&#8221;.vc_custom_1547524006290{margin-top: 30px !important;}&#8221;][vc_column_inner][vc_column_text el_class=&#8221;col-sm-justify&#8221;] Sentou-se em cima do seu telefone? Podemos endireitar o seu chassi atual ou substitu\u00ed-lo por um original de f\u00e1brica. Um problema mais [&hellip;]\" \/>\n<meta property=\"og:url\" content=\"https:\/\/www.gsmpcsolutions.lu\/pt-pt\/danos-no-chassi\/\" \/>\n<meta property=\"og:site_name\" content=\"GSM &amp; PC Solutions\" \/>\n<meta property=\"article:publisher\" content=\"https:\/\/www.facebook.com\/gsmpcsolutions\" \/>\n<meta property=\"article:modified_time\" content=\"2022-12-09T09:32:52+00:00\" \/>\n<meta name=\"twitter:card\" content=\"summary_large_image\" \/>\n<meta name=\"twitter:label1\" content=\"Tempo estimado de leitura\" \/>\n\t<meta name=\"twitter:data1\" content=\"2 minutos\" \/>\n<!-- \/ Yoast SEO plugin. -->","yoast_head_json":{"title":"Danos no Chassi - GSM &amp; PC Solutions","robots":{"index":"index","follow":"follow","max-snippet":"max-snippet:-1","max-image-preview":"max-image-preview:large","max-video-preview":"max-video-preview:-1"},"canonical":"https:\/\/www.gsmpcsolutions.lu\/pt-pt\/danos-no-chassi\/","og_locale":"pt_PT","og_type":"article","og_title":"Danos no Chassi - GSM &amp; PC Solutions","og_description":"[vc_row content_placement=&#8221;middle&#8221;][vc_column width=&#8221;1\/2&#8243; css=&#8221;.vc_custom_1605617146883{padding-top: 1px !important;}&#8221;][fr_space space_lg=&#8221;85&#8243; space_md=&#8221;50&#8243; space_sm=&#8221;50&#8243; space_xs=&#8221;50&#8243;][vc_single_image image=&#8221;3136&#8243; img_size=&#8221;full&#8221; alignment=&#8221;center&#8221; css_animation=&#8221;bounceInLeft&#8221; el_class=&#8221;service_page_image_element&#8221;][\/vc_column][vc_column width=&#8221;1\/2&#8243;][fr_space space_lg=&#8221;85&#8243; space_md=&#8221;50&#8243; space_sm=&#8221;50&#8243; space_xs=&#8221;30&#8243;][fr_heading cms_template=&#8221;fr_heading&#8211;layout1.php&#8221; align_sm=&#8221;align-center-sm&#8221; align_xs=&#8221;align-center-xs&#8221; title=&#8221;DANOS NO CHASSI&#8221; sub_title=&#8221;DESDE 79.00\u20ac&#8221;][vc_row_inner cms_row_inner_class=&#8221;color-87&#8243; css=&#8221;.vc_custom_1547524006290{margin-top: 30px !important;}&#8221;][vc_column_inner][vc_column_text el_class=&#8221;col-sm-justify&#8221;] Sentou-se em cima do seu telefone? Podemos endireitar o seu chassi atual ou substitu\u00ed-lo por um original de f\u00e1brica. Um problema mais [&hellip;]","og_url":"https:\/\/www.gsmpcsolutions.lu\/pt-pt\/danos-no-chassi\/","og_site_name":"GSM &amp; PC Solutions","article_publisher":"https:\/\/www.facebook.com\/gsmpcsolutions","article_modified_time":"2022-12-09T09:32:52+00:00","twitter_card":"summary_large_image","twitter_misc":{"Tempo estimado de leitura":"2 minutos"},"schema":{"@context":"https:\/\/schema.org","@graph":[{"@type":"WebPage","@id":"https:\/\/www.gsmpcsolutions.lu\/pt-pt\/danos-no-chassi\/","url":"https:\/\/www.gsmpcsolutions.lu\/pt-pt\/danos-no-chassi\/","name":"Danos no Chassi - GSM &amp; PC Solutions","isPartOf":{"@id":"https:\/\/www.gsmpcsolutions.lu\/pt-pt\/#website"},"datePublished":"2022-10-21T11:02:27+00:00","dateModified":"2022-12-09T09:32:52+00:00","breadcrumb":{"@id":"https:\/\/www.gsmpcsolutions.lu\/pt-pt\/danos-no-chassi\/#breadcrumb"},"inLanguage":"pt-PT","potentialAction":[{"@type":"ReadAction","target":["https:\/\/www.gsmpcsolutions.lu\/pt-pt\/danos-no-chassi\/"]}]},{"@type":"BreadcrumbList","@id":"https:\/\/www.gsmpcsolutions.lu\/pt-pt\/danos-no-chassi\/#breadcrumb","itemListElement":[{"@type":"ListItem","position":1,"name":"In\u00edcio","item":"https:\/\/www.gsmpcsolutions.lu\/pt-pt\/"},{"@type":"ListItem","position":2,"name":"Danos no Chassi"}]},{"@type":"WebSite","@id":"https:\/\/www.gsmpcsolutions.lu\/pt-pt\/#website","url":"https:\/\/www.gsmpcsolutions.lu\/pt-pt\/","name":"GSM &amp; PC Solutions","description":"Repara\u00e7\u00e3o de iPhone, iPad, MacBook, Samsung, PC","publisher":{"@id":"https:\/\/www.gsmpcsolutions.lu\/pt-pt\/#organization"},"potentialAction":[{"@type":"SearchAction","target":{"@type":"EntryPoint","urlTemplate":"https:\/\/www.gsmpcsolutions.lu\/pt-pt\/?s={search_term_string}"},"query-input":{"@type":"PropertyValueSpecification","valueRequired":true,"valueName":"search_term_string"}}],"inLanguage":"pt-PT"},{"@type":"Organization","@id":"https:\/\/www.gsmpcsolutions.lu\/pt-pt\/#organization","name":"GSM &amp; PC Solutions","url":"https:\/\/www.gsmpcsolutions.lu\/pt-pt\/","logo":{"@type":"ImageObject","inLanguage":"pt-PT","@id":"https:\/\/www.gsmpcsolutions.lu\/pt-pt\/#\/schema\/logo\/image\/","url":"https:\/\/www.gsmpcsolutions.lu\/wp-content\/uploads\/2020\/11\/logo.svg","contentUrl":"https:\/\/www.gsmpcsolutions.lu\/wp-content\/uploads\/2020\/11\/logo.svg","width":"980","height":"650","caption":"GSM &amp; PC Solutions"},"image":{"@id":"https:\/\/www.gsmpcsolutions.lu\/pt-pt\/#\/schema\/logo\/image\/"},"sameAs":["https:\/\/www.facebook.com\/gsmpcsolutions","https:\/\/www.instagram.com\/gsmpcsolutions\/"]}]}},"_links":{"self":[{"href":"https:\/\/www.gsmpcsolutions.lu\/pt-pt\/wp-json\/wp\/v2\/pages\/32166","targetHints":{"allow":["GET"]}}],"collection":[{"href":"https:\/\/www.gsmpcsolutions.lu\/pt-pt\/wp-json\/wp\/v2\/pages"}],"about":[{"href":"https:\/\/www.gsmpcsolutions.lu\/pt-pt\/wp-json\/wp\/v2\/types\/page"}],"author":[{"embeddable":true,"href":"https:\/\/www.gsmpcsolutions.lu\/pt-pt\/wp-json\/wp\/v2\/users\/1"}],"replies":[{"embeddable":true,"href":"https:\/\/www.gsmpcsolutions.lu\/pt-pt\/wp-json\/wp\/v2\/comments?post=32166"}],"version-history":[{"count":0,"href":"https:\/\/www.gsmpcsolutions.lu\/pt-pt\/wp-json\/wp\/v2\/pages\/32166\/revisions"}],"wp:attachment":[{"href":"https:\/\/www.gsmpcsolutions.lu\/pt-pt\/wp-json\/wp\/v2\/media?parent=32166"}],"curies":[{"name":"wp","href":"https:\/\/api.w.org\/{rel}","templated":true}]}}