{"id":32395,"date":"2022-10-28T10:50:50","date_gmt":"2022-10-28T10:50:50","guid":{"rendered":"https:\/\/gsmpcsolutions.lu\/?page_id=32395"},"modified":"2024-04-09T09:06:50","modified_gmt":"2024-04-09T09:06:50","slug":"reparacoes-multimarca","status":"publish","type":"page","link":"https:\/\/www.gsmpcsolutions.lu\/pt-pt\/reparacoes-multimarca\/","title":{"rendered":"Repara\u00e7\u00f5es Multimarca"},"content":{"rendered":"<section class=\"wpb-content-wrapper\"><p>[vc_row content_placement=&#8221;middle&#8221;][vc_column css=&#8221;.vc_custom_1666962911505{padding-top: 1px !important;}&#8221; offset=&#8221;vc_col-xs-12&#8243;][fr_heading cms_template=&#8221;fr_heading&#8211;layout1.php&#8221; align_lg=&#8221;align-center&#8221; align_md=&#8221;align-center-md&#8221; align_sm=&#8221;align-center-sm&#8221; align_xs=&#8221;align-center-xs&#8221; title=&#8221;REPARA\u00c7\u00d5ES MULTIMARCA&#8221; sub_title=&#8221;CONSULTE AQUI OUTRAS MARCAS DE EQUIPAMENTOS&#8221;][fr_gallery_grid img_size=&#8221;full&#8221; col_xs=&#8221;1&#8243; col_sm=&#8221;2&#8243; col_md=&#8221;4&#8243; col_lg=&#8221;6&#8243; custom_column=&#8221;false&#8221; images=&#8221;%5B%7B%22title%22%3A%22GOOGLE%22%2C%22image%22%3A%2232425%22%7D%2C%7B%22title%22%3A%22ASUS%22%2C%22image%22%3A%2232410%22%7D%2C%7B%22title%22%3A%22LG%22%2C%22image%22%3A%2236853%22%7D%2C%7B%22title%22%3A%22REALME%22%2C%22image%22%3A%2232452%22%7D%2C%7B%22title%22%3A%22ZTE%22%2C%22image%22%3A%2236865%22%7D%2C%7B%22title%22%3A%22NOKIA%22%2C%22image%22%3A%2232443%22%7D%2C%7B%22title%22%3A%22CAT%22%2C%22image%22%3A%2236844%22%7D%2C%7B%22title%22%3A%22LENOVO%22%2C%22image%22%3A%2232431%22%7D%2C%7B%22title%22%3A%22WIKO%22%2C%22image%22%3A%2232467%22%7D%2C%7B%22title%22%3A%22MOTOROLA%22%2C%22image%22%3A%2236856%22%7D%2C%7B%22title%22%3A%22MICROSOFT%22%2C%22image%22%3A%2232437%22%7D%2C%7B%22title%22%3A%22ACER%22%2C%22image%22%3A%2236838%22%7D%2C%7B%22title%22%3A%22ALCATEL%22%2C%22image%22%3A%2232404%22%7D%2C%7B%22title%22%3A%22ARCHOS%22%2C%22image%22%3A%2232407%22%7D%2C%7B%22title%22%3A%22BLACKBERRY%22%2C%22image%22%3A%2232413%22%7D%2C%7B%22title%22%3A%22BLACKVIEW%22%2C%22image%22%3A%2232416%22%7D%2C%7B%22title%22%3A%22DOOGEE%22%2C%22image%22%3A%2232422%22%7D%2C%7B%22title%22%3A%22HTC%22%2C%22image%22%3A%2236847%22%7D%2C%7B%22title%22%3A%22NOTHING%22%2C%22image%22%3A%2232446%22%7D%2C%7B%22title%22%3A%22RAZER%22%2C%22image%22%3A%2232449%22%7D%2C%7B%22title%22%3A%22ULEFONE%22%2C%22image%22%3A%2232458%22%7D%2C%7B%22title%22%3A%22VIVO%22%2C%22image%22%3A%2232461%22%7D%2C%7B%22title%22%3A%22VODAFONE%22%2C%22image%22%3A%2232464%22%7D%5D&#8221; el_class=&#8221;custom_brand_gallery_grid&#8221;][fr_button button_text=&#8221;Ver Mais Marcas&#8221; button_link=&#8221;url:%23&#8243; align_lg=&#8221;align-center&#8221; align_md=&#8221;align-center-md&#8221; align_sm=&#8221;align-center-sm&#8221; align_xs=&#8221;align-center-xs&#8221; margin_top=&#8221;30px&#8221; el_class=&#8221;marcas_load_more_button&#8221;][\/vc_column][\/vc_row][vc_row][vc_column][fr_space space_lg=&#8221;100&#8243; space_md=&#8221;70&#8243; space_sm=&#8221;50&#8243; space_xs=&#8221;50&#8243;][\/vc_column][\/vc_row][vc_row full_width=&#8221;stretch_row&#8221; content_placement=&#8221;middle&#8221; parallax=&#8221;content-moving&#8221; parallax_image=&#8221;31177&#8243; parallax_speed_bg=&#8221;1.7&#8243; css_animation=&#8221;none&#8221; css=&#8221;.vc_custom_1666352771484{background-image: url(https:\/\/gsmpcsolutions.lu\/wp-content\/uploads\/2022\/09\/porque-no\u0301s-1.jpg?id=31177) !important;}&#8221; el_class=&#8221;pickup__container service_cta_container&#8221;][vc_column css_animation=&#8221;none&#8221;][fr_heading cms_template=&#8221;fr_heading&#8211;layout1.php&#8221; align_lg=&#8221;align-center&#8221; align_md=&#8221;align-center-md&#8221; align_sm=&#8221;align-center-sm&#8221; align_xs=&#8221;align-center-xs&#8221; title=&#8221;ENCONTROU O SEU EQUIPAMENTO?&#8221; title_color=&#8221;#ffffff&#8221;][fr_space space_lg=&#8221;35&#8243; space_md=&#8221;35&#8243; space_sm=&#8221;35&#8243; space_xs=&#8221;35&#8243;][vc_row_inner][vc_column_inner][vc_custom_heading text=&#8221;Entre em contacto connosco temos uma equipa t\u00e9cnica com uma vasta experi\u00eancia profissional. Usamos apenas materiais de qualidade devidamente testados e comprovados para garantir a sua satisfa\u00e7\u00e3o.&#8221; font_container=&#8221;tag:p|font_size:18px|text_align:center|color:%23ffffff&#8221; use_theme_fonts=&#8221;yes&#8221;][fr_button button_text=&#8221;Fale Connosco&#8221; button_link=&#8221;url:tel%3A%2B352691640892&#8243; align_lg=&#8221;align-center&#8221; align_md=&#8221;align-center-md&#8221; align_sm=&#8221;align-center-sm&#8221; align_xs=&#8221;align-center-xs&#8221; margin_top=&#8221;30px&#8221; el_class=&#8221;cta_section_button&#8221;][\/vc_column_inner][\/vc_row_inner][\/vc_column][\/vc_row]<\/p>\n<\/section>","protected":false},"excerpt":{"rendered":"<p>[vc_row content_placement=&#8221;middle&#8221;][vc_column css=&#8221;.vc_custom_1666962911505{padding-top: 1px !important;}&#8221; offset=&#8221;vc_col-xs-12&#8243;][fr_heading cms_template=&#8221;fr_heading&#8211;layout1.php&#8221; align_lg=&#8221;align-center&#8221; align_md=&#8221;align-center-md&#8221; align_sm=&#8221;align-center-sm&#8221; align_xs=&#8221;align-center-xs&#8221; title=&#8221;REPARA\u00c7\u00d5ES MULTIMARCA&#8221; sub_title=&#8221;CONSULTE AQUI OUTRAS MARCAS DE EQUIPAMENTOS&#8221;][fr_gallery_grid img_size=&#8221;full&#8221; col_xs=&#8221;1&#8243; col_sm=&#8221;2&#8243; col_md=&#8221;4&#8243; col_lg=&#8221;6&#8243; custom_column=&#8221;false&#8221; images=&#8221;%5B%7B%22title%22%3A%22GOOGLE%22%2C%22image%22%3A%2232425%22%7D%2C%7B%22title%22%3A%22ASUS%22%2C%22image%22%3A%2232410%22%7D%2C%7B%22title%22%3A%22LG%22%2C%22image%22%3A%2236853%22%7D%2C%7B%22title%22%3A%22REALME%22%2C%22image%22%3A%2232452%22%7D%2C%7B%22title%22%3A%22ZTE%22%2C%22image%22%3A%2236865%22%7D%2C%7B%22title%22%3A%22NOKIA%22%2C%22image%22%3A%2232443%22%7D%2C%7B%22title%22%3A%22CAT%22%2C%22image%22%3A%2236844%22%7D%2C%7B%22title%22%3A%22LENOVO%22%2C%22image%22%3A%2232431%22%7D%2C%7B%22title%22%3A%22WIKO%22%2C%22image%22%3A%2232467%22%7D%2C%7B%22title%22%3A%22MOTOROLA%22%2C%22image%22%3A%2236856%22%7D%2C%7B%22title%22%3A%22MICROSOFT%22%2C%22image%22%3A%2232437%22%7D%2C%7B%22title%22%3A%22ACER%22%2C%22image%22%3A%2236838%22%7D%2C%7B%22title%22%3A%22ALCATEL%22%2C%22image%22%3A%2232404%22%7D%2C%7B%22title%22%3A%22ARCHOS%22%2C%22image%22%3A%2232407%22%7D%2C%7B%22title%22%3A%22BLACKBERRY%22%2C%22image%22%3A%2232413%22%7D%2C%7B%22title%22%3A%22BLACKVIEW%22%2C%22image%22%3A%2232416%22%7D%2C%7B%22title%22%3A%22DOOGEE%22%2C%22image%22%3A%2232422%22%7D%2C%7B%22title%22%3A%22HTC%22%2C%22image%22%3A%2236847%22%7D%2C%7B%22title%22%3A%22NOTHING%22%2C%22image%22%3A%2232446%22%7D%2C%7B%22title%22%3A%22RAZER%22%2C%22image%22%3A%2232449%22%7D%2C%7B%22title%22%3A%22ULEFONE%22%2C%22image%22%3A%2232458%22%7D%2C%7B%22title%22%3A%22VIVO%22%2C%22image%22%3A%2232461%22%7D%2C%7B%22title%22%3A%22VODAFONE%22%2C%22image%22%3A%2232464%22%7D%5D&#8221; el_class=&#8221;custom_brand_gallery_grid&#8221;][fr_button button_text=&#8221;Ver Mais Marcas&#8221; button_link=&#8221;url:%23&#8243; align_lg=&#8221;align-center&#8221; align_md=&#8221;align-center-md&#8221; align_sm=&#8221;align-center-sm&#8221; align_xs=&#8221;align-center-xs&#8221; margin_top=&#8221;30px&#8221; el_class=&#8221;marcas_load_more_button&#8221;][\/vc_column][\/vc_row][vc_row][vc_column][fr_space space_lg=&#8221;100&#8243; space_md=&#8221;70&#8243; space_sm=&#8221;50&#8243; space_xs=&#8221;50&#8243;][\/vc_column][\/vc_row][vc_row full_width=&#8221;stretch_row&#8221; content_placement=&#8221;middle&#8221; parallax=&#8221;content-moving&#8221; parallax_image=&#8221;31177&#8243; parallax_speed_bg=&#8221;1.7&#8243; css_animation=&#8221;none&#8221; css=&#8221;.vc_custom_1666352771484{background-image: url(https:\/\/gsmpcsolutions.lu\/wp-content\/uploads\/2022\/09\/porque-no\u0301s-1.jpg?id=31177) !important;}&#8221; el_class=&#8221;pickup__container service_cta_container&#8221;][vc_column css_animation=&#8221;none&#8221;][fr_heading cms_template=&#8221;fr_heading&#8211;layout1.php&#8221; align_lg=&#8221;align-center&#8221; [&hellip;]<\/p>\n","protected":false},"author":1,"featured_media":0,"parent":0,"menu_order":0,"comment_status":"closed","ping_status":"closed","template":"","meta":{"inline_featured_image":false,"footnotes":""},"class_list":["post-32395","page","type-page","status-publish","hentry"],"yoast_head":"<!-- This site is optimized with the Yoast SEO plugin v25.9 - https:\/\/yoast.com\/wordpress\/plugins\/seo\/ -->\n<title>Repara\u00e7\u00f5es Multimarca - GSM &amp; PC Solutions<\/title>\n<meta name=\"robots\" content=\"index, follow, max-snippet:-1, max-image-preview:large, max-video-preview:-1\" \/>\n<link rel=\"canonical\" href=\"https:\/\/www.gsmpcsolutions.lu\/pt-pt\/reparacoes-multimarca\/\" \/>\n<meta property=\"og:locale\" content=\"pt_PT\" \/>\n<meta property=\"og:type\" content=\"article\" \/>\n<meta property=\"og:title\" content=\"Repara\u00e7\u00f5es Multimarca - GSM &amp; PC Solutions\" \/>\n<meta property=\"og:description\" content=\"[vc_row content_placement=&#8221;middle&#8221;][vc_column css=&#8221;.vc_custom_1666962911505{padding-top: 1px !important;}&#8221; offset=&#8221;vc_col-xs-12&#8243;][fr_heading cms_template=&#8221;fr_heading&#8211;layout1.php&#8221; align_lg=&#8221;align-center&#8221; align_md=&#8221;align-center-md&#8221; align_sm=&#8221;align-center-sm&#8221; align_xs=&#8221;align-center-xs&#8221; title=&#8221;REPARA\u00c7\u00d5ES MULTIMARCA&#8221; sub_title=&#8221;CONSULTE AQUI OUTRAS MARCAS DE EQUIPAMENTOS&#8221;][fr_gallery_grid img_size=&#8221;full&#8221; col_xs=&#8221;1&#8243; col_sm=&#8221;2&#8243; col_md=&#8221;4&#8243; col_lg=&#8221;6&#8243; custom_column=&#8221;false&#8221; images=&#8221;%5B%7B%22title%22%3A%22GOOGLE%22%2C%22image%22%3A%2232425%22%7D%2C%7B%22title%22%3A%22ASUS%22%2C%22image%22%3A%2232410%22%7D%2C%7B%22title%22%3A%22LG%22%2C%22image%22%3A%2236853%22%7D%2C%7B%22title%22%3A%22REALME%22%2C%22image%22%3A%2232452%22%7D%2C%7B%22title%22%3A%22ZTE%22%2C%22image%22%3A%2236865%22%7D%2C%7B%22title%22%3A%22NOKIA%22%2C%22image%22%3A%2232443%22%7D%2C%7B%22title%22%3A%22CAT%22%2C%22image%22%3A%2236844%22%7D%2C%7B%22title%22%3A%22LENOVO%22%2C%22image%22%3A%2232431%22%7D%2C%7B%22title%22%3A%22WIKO%22%2C%22image%22%3A%2232467%22%7D%2C%7B%22title%22%3A%22MOTOROLA%22%2C%22image%22%3A%2236856%22%7D%2C%7B%22title%22%3A%22MICROSOFT%22%2C%22image%22%3A%2232437%22%7D%2C%7B%22title%22%3A%22ACER%22%2C%22image%22%3A%2236838%22%7D%2C%7B%22title%22%3A%22ALCATEL%22%2C%22image%22%3A%2232404%22%7D%2C%7B%22title%22%3A%22ARCHOS%22%2C%22image%22%3A%2232407%22%7D%2C%7B%22title%22%3A%22BLACKBERRY%22%2C%22image%22%3A%2232413%22%7D%2C%7B%22title%22%3A%22BLACKVIEW%22%2C%22image%22%3A%2232416%22%7D%2C%7B%22title%22%3A%22DOOGEE%22%2C%22image%22%3A%2232422%22%7D%2C%7B%22title%22%3A%22HTC%22%2C%22image%22%3A%2236847%22%7D%2C%7B%22title%22%3A%22NOTHING%22%2C%22image%22%3A%2232446%22%7D%2C%7B%22title%22%3A%22RAZER%22%2C%22image%22%3A%2232449%22%7D%2C%7B%22title%22%3A%22ULEFONE%22%2C%22image%22%3A%2232458%22%7D%2C%7B%22title%22%3A%22VIVO%22%2C%22image%22%3A%2232461%22%7D%2C%7B%22title%22%3A%22VODAFONE%22%2C%22image%22%3A%2232464%22%7D%5D&#8221; el_class=&#8221;custom_brand_gallery_grid&#8221;][fr_button button_text=&#8221;Ver Mais Marcas&#8221; button_link=&#8221;url:%23&#8243; align_lg=&#8221;align-center&#8221; align_md=&#8221;align-center-md&#8221; align_sm=&#8221;align-center-sm&#8221; align_xs=&#8221;align-center-xs&#8221; margin_top=&#8221;30px&#8221; el_class=&#8221;marcas_load_more_button&#8221;][\/vc_column][\/vc_row][vc_row][vc_column][fr_space space_lg=&#8221;100&#8243; space_md=&#8221;70&#8243; space_sm=&#8221;50&#8243; space_xs=&#8221;50&#8243;][\/vc_column][\/vc_row][vc_row full_width=&#8221;stretch_row&#8221; content_placement=&#8221;middle&#8221; parallax=&#8221;content-moving&#8221; parallax_image=&#8221;31177&#8243; parallax_speed_bg=&#8221;1.7&#8243; css_animation=&#8221;none&#8221; css=&#8221;.vc_custom_1666352771484{background-image: url(https:\/\/gsmpcsolutions.lu\/wp-content\/uploads\/2022\/09\/porque-no\u0301s-1.jpg?id=31177) !important;}&#8221; el_class=&#8221;pickup__container service_cta_container&#8221;][vc_column css_animation=&#8221;none&#8221;][fr_heading cms_template=&#8221;fr_heading&#8211;layout1.php&#8221; align_lg=&#8221;align-center&#8221; [&hellip;]\" \/>\n<meta property=\"og:url\" content=\"https:\/\/www.gsmpcsolutions.lu\/pt-pt\/reparacoes-multimarca\/\" \/>\n<meta property=\"og:site_name\" content=\"GSM &amp; PC Solutions\" \/>\n<meta property=\"article:publisher\" content=\"https:\/\/www.facebook.com\/gsmpcsolutions\" \/>\n<meta property=\"article:modified_time\" content=\"2024-04-09T09:06:50+00:00\" \/>\n<meta name=\"twitter:card\" content=\"summary_large_image\" \/>\n<meta name=\"twitter:label1\" content=\"Tempo estimado de leitura\" \/>\n\t<meta name=\"twitter:data1\" content=\"1 minuto\" \/>\n<!-- \/ Yoast SEO plugin. -->","yoast_head_json":{"title":"Repara\u00e7\u00f5es Multimarca - GSM &amp; PC Solutions","robots":{"index":"index","follow":"follow","max-snippet":"max-snippet:-1","max-image-preview":"max-image-preview:large","max-video-preview":"max-video-preview:-1"},"canonical":"https:\/\/www.gsmpcsolutions.lu\/pt-pt\/reparacoes-multimarca\/","og_locale":"pt_PT","og_type":"article","og_title":"Repara\u00e7\u00f5es Multimarca - GSM &amp; PC Solutions","og_description":"[vc_row content_placement=&#8221;middle&#8221;][vc_column css=&#8221;.vc_custom_1666962911505{padding-top: 1px !important;}&#8221; offset=&#8221;vc_col-xs-12&#8243;][fr_heading cms_template=&#8221;fr_heading&#8211;layout1.php&#8221; align_lg=&#8221;align-center&#8221; align_md=&#8221;align-center-md&#8221; align_sm=&#8221;align-center-sm&#8221; align_xs=&#8221;align-center-xs&#8221; title=&#8221;REPARA\u00c7\u00d5ES MULTIMARCA&#8221; sub_title=&#8221;CONSULTE AQUI OUTRAS MARCAS DE EQUIPAMENTOS&#8221;][fr_gallery_grid img_size=&#8221;full&#8221; col_xs=&#8221;1&#8243; col_sm=&#8221;2&#8243; col_md=&#8221;4&#8243; col_lg=&#8221;6&#8243; custom_column=&#8221;false&#8221; images=&#8221;%5B%7B%22title%22%3A%22GOOGLE%22%2C%22image%22%3A%2232425%22%7D%2C%7B%22title%22%3A%22ASUS%22%2C%22image%22%3A%2232410%22%7D%2C%7B%22title%22%3A%22LG%22%2C%22image%22%3A%2236853%22%7D%2C%7B%22title%22%3A%22REALME%22%2C%22image%22%3A%2232452%22%7D%2C%7B%22title%22%3A%22ZTE%22%2C%22image%22%3A%2236865%22%7D%2C%7B%22title%22%3A%22NOKIA%22%2C%22image%22%3A%2232443%22%7D%2C%7B%22title%22%3A%22CAT%22%2C%22image%22%3A%2236844%22%7D%2C%7B%22title%22%3A%22LENOVO%22%2C%22image%22%3A%2232431%22%7D%2C%7B%22title%22%3A%22WIKO%22%2C%22image%22%3A%2232467%22%7D%2C%7B%22title%22%3A%22MOTOROLA%22%2C%22image%22%3A%2236856%22%7D%2C%7B%22title%22%3A%22MICROSOFT%22%2C%22image%22%3A%2232437%22%7D%2C%7B%22title%22%3A%22ACER%22%2C%22image%22%3A%2236838%22%7D%2C%7B%22title%22%3A%22ALCATEL%22%2C%22image%22%3A%2232404%22%7D%2C%7B%22title%22%3A%22ARCHOS%22%2C%22image%22%3A%2232407%22%7D%2C%7B%22title%22%3A%22BLACKBERRY%22%2C%22image%22%3A%2232413%22%7D%2C%7B%22title%22%3A%22BLACKVIEW%22%2C%22image%22%3A%2232416%22%7D%2C%7B%22title%22%3A%22DOOGEE%22%2C%22image%22%3A%2232422%22%7D%2C%7B%22title%22%3A%22HTC%22%2C%22image%22%3A%2236847%22%7D%2C%7B%22title%22%3A%22NOTHING%22%2C%22image%22%3A%2232446%22%7D%2C%7B%22title%22%3A%22RAZER%22%2C%22image%22%3A%2232449%22%7D%2C%7B%22title%22%3A%22ULEFONE%22%2C%22image%22%3A%2232458%22%7D%2C%7B%22title%22%3A%22VIVO%22%2C%22image%22%3A%2232461%22%7D%2C%7B%22title%22%3A%22VODAFONE%22%2C%22image%22%3A%2232464%22%7D%5D&#8221; el_class=&#8221;custom_brand_gallery_grid&#8221;][fr_button button_text=&#8221;Ver Mais Marcas&#8221; button_link=&#8221;url:%23&#8243; align_lg=&#8221;align-center&#8221; align_md=&#8221;align-center-md&#8221; align_sm=&#8221;align-center-sm&#8221; align_xs=&#8221;align-center-xs&#8221; margin_top=&#8221;30px&#8221; el_class=&#8221;marcas_load_more_button&#8221;][\/vc_column][\/vc_row][vc_row][vc_column][fr_space space_lg=&#8221;100&#8243; space_md=&#8221;70&#8243; space_sm=&#8221;50&#8243; space_xs=&#8221;50&#8243;][\/vc_column][\/vc_row][vc_row full_width=&#8221;stretch_row&#8221; content_placement=&#8221;middle&#8221; parallax=&#8221;content-moving&#8221; parallax_image=&#8221;31177&#8243; parallax_speed_bg=&#8221;1.7&#8243; css_animation=&#8221;none&#8221; css=&#8221;.vc_custom_1666352771484{background-image: url(https:\/\/gsmpcsolutions.lu\/wp-content\/uploads\/2022\/09\/porque-no\u0301s-1.jpg?id=31177) !important;}&#8221; el_class=&#8221;pickup__container service_cta_container&#8221;][vc_column css_animation=&#8221;none&#8221;][fr_heading cms_template=&#8221;fr_heading&#8211;layout1.php&#8221; align_lg=&#8221;align-center&#8221; [&hellip;]","og_url":"https:\/\/www.gsmpcsolutions.lu\/pt-pt\/reparacoes-multimarca\/","og_site_name":"GSM &amp; PC Solutions","article_publisher":"https:\/\/www.facebook.com\/gsmpcsolutions","article_modified_time":"2024-04-09T09:06:50+00:00","twitter_card":"summary_large_image","twitter_misc":{"Tempo estimado de leitura":"1 minuto"},"schema":{"@context":"https:\/\/schema.org","@graph":[{"@type":"WebPage","@id":"https:\/\/www.gsmpcsolutions.lu\/pt-pt\/reparacoes-multimarca\/","url":"https:\/\/www.gsmpcsolutions.lu\/pt-pt\/reparacoes-multimarca\/","name":"Repara\u00e7\u00f5es Multimarca - GSM &amp; PC Solutions","isPartOf":{"@id":"https:\/\/www.gsmpcsolutions.lu\/pt-pt\/#website"},"datePublished":"2022-10-28T10:50:50+00:00","dateModified":"2024-04-09T09:06:50+00:00","breadcrumb":{"@id":"https:\/\/www.gsmpcsolutions.lu\/pt-pt\/reparacoes-multimarca\/#breadcrumb"},"inLanguage":"pt-PT","potentialAction":[{"@type":"ReadAction","target":["https:\/\/www.gsmpcsolutions.lu\/pt-pt\/reparacoes-multimarca\/"]}]},{"@type":"BreadcrumbList","@id":"https:\/\/www.gsmpcsolutions.lu\/pt-pt\/reparacoes-multimarca\/#breadcrumb","itemListElement":[{"@type":"ListItem","position":1,"name":"In\u00edcio","item":"https:\/\/www.gsmpcsolutions.lu\/pt-pt\/"},{"@type":"ListItem","position":2,"name":"Repara\u00e7\u00f5es Multimarca"}]},{"@type":"WebSite","@id":"https:\/\/www.gsmpcsolutions.lu\/pt-pt\/#website","url":"https:\/\/www.gsmpcsolutions.lu\/pt-pt\/","name":"GSM &amp; PC Solutions","description":"Repara\u00e7\u00e3o de iPhone, iPad, MacBook, Samsung, PC","publisher":{"@id":"https:\/\/www.gsmpcsolutions.lu\/pt-pt\/#organization"},"potentialAction":[{"@type":"SearchAction","target":{"@type":"EntryPoint","urlTemplate":"https:\/\/www.gsmpcsolutions.lu\/pt-pt\/?s={search_term_string}"},"query-input":{"@type":"PropertyValueSpecification","valueRequired":true,"valueName":"search_term_string"}}],"inLanguage":"pt-PT"},{"@type":"Organization","@id":"https:\/\/www.gsmpcsolutions.lu\/pt-pt\/#organization","name":"GSM &amp; PC Solutions","url":"https:\/\/www.gsmpcsolutions.lu\/pt-pt\/","logo":{"@type":"ImageObject","inLanguage":"pt-PT","@id":"https:\/\/www.gsmpcsolutions.lu\/pt-pt\/#\/schema\/logo\/image\/","url":"https:\/\/www.gsmpcsolutions.lu\/wp-content\/uploads\/2020\/11\/logo.svg","contentUrl":"https:\/\/www.gsmpcsolutions.lu\/wp-content\/uploads\/2020\/11\/logo.svg","width":"980","height":"650","caption":"GSM &amp; PC Solutions"},"image":{"@id":"https:\/\/www.gsmpcsolutions.lu\/pt-pt\/#\/schema\/logo\/image\/"},"sameAs":["https:\/\/www.facebook.com\/gsmpcsolutions","https:\/\/www.instagram.com\/gsmpcsolutions\/"]}]}},"_links":{"self":[{"href":"https:\/\/www.gsmpcsolutions.lu\/pt-pt\/wp-json\/wp\/v2\/pages\/32395","targetHints":{"allow":["GET"]}}],"collection":[{"href":"https:\/\/www.gsmpcsolutions.lu\/pt-pt\/wp-json\/wp\/v2\/pages"}],"about":[{"href":"https:\/\/www.gsmpcsolutions.lu\/pt-pt\/wp-json\/wp\/v2\/types\/page"}],"author":[{"embeddable":true,"href":"https:\/\/www.gsmpcsolutions.lu\/pt-pt\/wp-json\/wp\/v2\/users\/1"}],"replies":[{"embeddable":true,"href":"https:\/\/www.gsmpcsolutions.lu\/pt-pt\/wp-json\/wp\/v2\/comments?post=32395"}],"version-history":[{"count":0,"href":"https:\/\/www.gsmpcsolutions.lu\/pt-pt\/wp-json\/wp\/v2\/pages\/32395\/revisions"}],"wp:attachment":[{"href":"https:\/\/www.gsmpcsolutions.lu\/pt-pt\/wp-json\/wp\/v2\/media?parent=32395"}],"curies":[{"name":"wp","href":"https:\/\/api.w.org\/{rel}","templated":true}]}}