{"id":690,"date":"2018-11-20T08:18:52","date_gmt":"2018-11-20T08:18:52","guid":{"rendered":"http:\/\/dev.joomexp.com\/wordpress\/tekhrepair\/?page_id=690"},"modified":"2025-01-30T17:19:25","modified_gmt":"2025-01-30T17:19:25","slug":"sobre-nos","status":"publish","type":"page","link":"https:\/\/www.gsmpcsolutions.lu\/pt-pt\/sobre-nos\/","title":{"rendered":"Sobre N\u00f3s"},"content":{"rendered":"<section class=\"wpb-content-wrapper\"><p>[vc_row el_class=&#8221;mobile_column_reverse&#8221;][vc_column width=&#8221;1\/2&#8243; css=&#8221;.vc_custom_1605617146883{padding-top: 1px !important;}&#8221;][fr_space space_lg=&#8221;85&#8243; space_md=&#8221;50&#8243; space_sm=&#8221;30&#8243; space_xs=&#8221;30&#8243;][vc_single_image image=&#8221;30521&#8243; img_size=&#8221;full&#8221; alignment=&#8221;center&#8221; css_animation=&#8221;bounceInLeft&#8221;][\/vc_column][vc_column width=&#8221;1\/2&#8243;][fr_space space_lg=&#8221;85&#8243; space_md=&#8221;50&#8243; space_sm=&#8221;30&#8243; space_xs=&#8221;30&#8243;][fr_heading cms_template=&#8221;fr_heading&#8211;layout1.php&#8221; align_sm=&#8221;align-center-sm&#8221; align_xs=&#8221;align-center-xs&#8221; title=&#8221;QUEM SOMOS&#8221; sub_title=&#8221;GSM &amp; PC SOLUTIONS&#8221;][vc_row_inner css=&#8221;.vc_custom_1669635472917{margin-top: 30px !important;}&#8221;][vc_column_inner][vc_column_text el_class=&#8221;col-sm-justify&#8221;]A GSM &amp; PC Solutions \u00e9 l\u00edder no mercado em repara\u00e7\u00f5es de todo o tipo de equipamento eletr\u00f3nico, desde smartphones e tablets, at\u00e9 smartwatchs e computadores. Com um leque de servi\u00e7os muito abrangente, a GSM realiza todo o tipo de repara\u00e7\u00f5es, como reparar o ecr\u00e3 partido do telem\u00f3vel, ou repara\u00e7\u00f5es mais complexas como microsoldadura, substitui\u00e7\u00e3o de microcomponentes e repara\u00e7\u00f5es relacionadas com dados com l\u00edquidos. A preocupa\u00e7\u00e3o com a qualidade do servi\u00e7o prestado \u00e9 uma constante: a equipa de t\u00e9cnicos conta com vasta experi\u00eancia, e s\u00e3o usados apenas materiais de qualidade testada e comprovada, para garantir que a solu\u00e7\u00e3o de hoje n\u00e3o ser\u00e1 um problema amanh\u00e3.<\/p>\n<p>A preocupa\u00e7\u00e3o ambiental \u00e9 outra das caracter\u00edsticas que guiam o prop\u00f3sito da GSM &amp; PC Solutions, que se revela particularmente na compra de equipamentos utilizados. Esses aparelhos usados, cujo destino seria o lixo, s\u00e3o assim reutilizados, os seus componentes reaproveitados, promovendo uma cultura de economia circular, e reduzindo os res\u00edduos eletr\u00f3nicos produzidos. Alguns desses equipamentos, usados e recondicionados, s\u00e3o vendidos nas lojas, ap\u00f3s in\u00fameros testes de qualidade, para assegurar ao pormenor o seu excelente desempenho, garantindo ao cliente um produto de alta performance com o selo de qualidade da empresa.<\/p>\n<p>H\u00e1 oito anos no mercado, \u00e9 poss\u00edvel encontrar as lojas da GSM &amp; PC Solutions por todo o Luxemburgo, em localiza\u00e7\u00f5es diferentes como Muhlenbach, Strassen e Differdange.[\/vc_column_text][\/vc_column_inner][\/vc_row_inner][\/vc_column][\/vc_row][vc_row][vc_column][fr_space space_lg=&#8221;129&#8243; space_md=&#8221;150&#8243; space_sm=&#8221;50&#8243;][\/vc_column][\/vc_row][vc_row full_width=&#8221;stretch_row&#8221; cms_row_overflow=&#8221;off-overflow&#8221;][vc_column width=&#8221;1\/2&#8243; css=&#8221;.vc_custom_1605716701803{margin-top: 20px !important;margin-bottom: 40px !important;}&#8221;][fr_heading cms_template=&#8221;fr_heading&#8211;layout1.php&#8221; align_lg=&#8221;align-right&#8221; align_md=&#8221;align-right-md&#8221; align_sm=&#8221;align-center-sm&#8221; align_xs=&#8221;align-center-xs&#8221; title=&#8221;A NOSSA MISS\u00c3O&#8221; sub_title=&#8221;O QUE NOS MOVE&#8221;][vc_row_inner cms_row_inner_text_align=&#8221;text-align-right&#8221; css=&#8221;.vc_custom_1669635582458{margin-top: 32px !important;}&#8221;][vc_column_inner][vc_column_text el_class=&#8221;col-sm-justify&#8221;]A nossa miss\u00e3o \u00e9 garantir a oferta de um servi\u00e7o de excel\u00eancia, com a m\u00e1xima qualidade e rapidez, em prol da satisfa\u00e7\u00e3o total dos nossos estimados clientes.<\/p>\n<p>A GSM &amp; PC Solutions tem como principal objetivo o constante desenvolvimento de modo a reduzir e reutilizar equipamentos, o que resulta numa diminui\u00e7\u00e3o consider\u00e1vel do lixo eletr\u00f4nico.<\/p>\n<p>Este mesmo lixo encurta o tempo de vida \u00fatil dos aterros sanit\u00e1rios, contaminam os solos com metais pesados, causando assim danos \u00e0 sa\u00fade p\u00fablica.<\/p>\n<p>Podemos desta forma associar a nossa empresa \u00e0 sustentabilidade, \u00e0 preserva\u00e7\u00e3o do meio ambiente e tendo sempre em vista um mundo melhor e sem polui\u00e7\u00e3o.[\/vc_column_text][\/vc_column_inner][\/vc_row_inner][\/vc_column][vc_column width=&#8221;1\/2&#8243; css=&#8221;.vc_custom_1548411031388{padding-top: 20px !important;}&#8221; el_class=&#8221;absolute-image-right&#8221;][vc_single_image image=&#8221;30469&#8243; img_size=&#8221;full&#8221; css_animation=&#8221;bounceInRight&#8221; css=&#8221;.vc_custom_1608055673741{border-bottom-width: 30px !important;}&#8221; el_class=&#8221;aboutus__imac&#8221;][\/vc_column][\/vc_row][vc_row][vc_column][fr_space space_lg=&#8221;130&#8243; space_md=&#8221;100&#8243; space_sm=&#8221;50&#8243;][\/vc_column][\/vc_row][vc_row full_width=&#8221;stretch_row&#8221; content_placement=&#8221;middle&#8221; css_animation=&#8221;none&#8221; el_class=&#8221;pickup__container&#8221;][vc_column css_animation=&#8221;none&#8221;]\n\t\t\t<!-- START Lojas REVOLUTION SLIDER 6.6.20 --><p class=\"rs-p-wp-fix\"><\/p>\n\t\t\t<rs-module-wrap id=\"rev_slider_1_1_wrapper\" data-source=\"gallery\" style=\"visibility:hidden;background:transparent;padding:0;margin:0px auto;margin-top:0;margin-bottom:0;\">\n\t\t\t\t<rs-module id=\"rev_slider_1_1\" style=\"\" data-version=\"6.6.20\">\n\t\t\t\t\t<rs-slides style=\"overflow: hidden; position: absolute;\">\n\t\t\t\t\t\t<rs-slide style=\"position: absolute;\" data-key=\"rs-1\" data-title=\"Slide\" data-anim=\"adpr:false;\" data-in=\"o:0;\" data-out=\"a:false;\">\n\t\t\t\t\t\t\t<img decoding=\"async\" src=\"\/\/www.gsmpcsolutions.lu\/wp-content\/plugins\/revslider\/public\/assets\/assets\/dummy.png\" alt=\"\" title=\"diff\" width=\"1920\" height=\"868\" class=\"rev-slidebg tp-rs-img rs-lazyload\" data-lazyload=\"\/\/gsmpcsolutions.lu\/wp-content\/uploads\/2020\/12\/diff.jpg\" data-bg=\"p:center top;\" data-no-retina>\n<!--\n\t\t\t\t\t\t\t--><h3\n\t\t\t\t\t\t\t\tid=\"slider-1-slide-1-layer-0\" \n\t\t\t\t\t\t\t\tclass=\"rs-layer slidestore__font\"\n\t\t\t\t\t\t\t\tdata-type=\"text\"\n\t\t\t\t\t\t\t\tdata-xy=\"x:c;y:m;yo:-60px;\"\n\t\t\t\t\t\t\t\tdata-text=\"w:normal;s:40,40,30,26;l:25,13,9,6;a:center;\"\n\t\t\t\t\t\t\t\tdata-basealign=\"slide\"\n\t\t\t\t\t\t\t\tdata-rsp_bd=\"off\"\n\t\t\t\t\t\t\t\tdata-frame_0=\"x:left;\"\n\t\t\t\t\t\t\t\tdata-frame_1=\"st:500;sp:1000;sR:500;\"\n\t\t\t\t\t\t\t\tdata-frame_999=\"x:right;o:0;st:w;sp:1000;sR:3500;\"\n\t\t\t\t\t\t\t\tstyle=\"z-index:8;font-family:'Roboto';\"\n\t\t\t\t\t\t\t>Loja de Differdange \n\t\t\t\t\t\t\t<\/h3><!--\n\n\t\t\t\t\t\t\t--><a\n\t\t\t\t\t\t\t\tid=\"slider-1-slide-1-layer-2\" \n\t\t\t\t\t\t\t\tclass=\"rs-layer slidestore__btn\"\n\t\t\t\t\t\t\t\thref=\"\/pt-pt\/loja-differdange\" target=\"_self\" rel=\"nofollow\"\n\t\t\t\t\t\t\t\tdata-type=\"text\"\n\t\t\t\t\t\t\t\tdata-xy=\"x:c;y:m;yo:60px;\"\n\t\t\t\t\t\t\t\tdata-text=\"w:normal;s:20,20,20,20;l:25,13,9,6;a:center;\"\n\t\t\t\t\t\t\t\tdata-basealign=\"slide\"\n\t\t\t\t\t\t\t\tdata-rsp_bd=\"off\"\n\t\t\t\t\t\t\t\tdata-frame_0=\"o:1;\"\n\t\t\t\t\t\t\t\tdata-frame_999=\"o:1;st:w;sR:4700;\"\n\t\t\t\t\t\t\t\tstyle=\"z-index:9;font-family:'Roboto';\"\n\t\t\t\t\t\t\t>Ver Loja <i class=\"fa fa-angle-right\"><\/i> \n\t\t\t\t\t\t\t<\/a><!--\n-->\t\t\t\t\t\t<\/rs-slide>\n\t\t\t\t\t\t<rs-slide style=\"position: absolute;\" data-key=\"rs-3\" data-title=\"Slide\" data-anim=\"adpr:false;\" data-in=\"o:0;\" data-out=\"a:false;\">\n\t\t\t\t\t\t\t<img decoding=\"async\" src=\"\/\/www.gsmpcsolutions.lu\/wp-content\/plugins\/revslider\/public\/assets\/assets\/dummy.png\" alt=\"\" title=\"Mulehbach\" width=\"1920\" height=\"868\" class=\"rev-slidebg tp-rs-img rs-lazyload\" data-lazyload=\"\/\/gsmpcsolutions.lu\/wp-content\/uploads\/2020\/12\/Mulehbach.jpg\" data-bg=\"p:center top;\" data-no-retina>\n<!--\n\t\t\t\t\t\t\t--><h3\n\t\t\t\t\t\t\t\tid=\"slider-1-slide-3-layer-0\" \n\t\t\t\t\t\t\t\tclass=\"rs-layer slidestore__font\"\n\t\t\t\t\t\t\t\tdata-type=\"text\"\n\t\t\t\t\t\t\t\tdata-xy=\"x:c;y:m;yo:-60px;\"\n\t\t\t\t\t\t\t\tdata-text=\"w:normal;s:40,40,30,26;l:25,13,9,6;a:center;\"\n\t\t\t\t\t\t\t\tdata-basealign=\"slide\"\n\t\t\t\t\t\t\t\tdata-rsp_bd=\"off\"\n\t\t\t\t\t\t\t\tdata-frame_0=\"x:left;\"\n\t\t\t\t\t\t\t\tdata-frame_1=\"st:500;sp:1000;sR:500;\"\n\t\t\t\t\t\t\t\tdata-frame_999=\"x:right;o:0;st:w;sp:1000;sR:3500;\"\n\t\t\t\t\t\t\t\tstyle=\"z-index:5;font-family:'Roboto';\"\n\t\t\t\t\t\t\t>Loja de M\u00fchlenbach \n\t\t\t\t\t\t\t<\/h3><!--\n\n\t\t\t\t\t\t\t--><a\n\t\t\t\t\t\t\t\tid=\"slider-1-slide-3-layer-2\" \n\t\t\t\t\t\t\t\tclass=\"rs-layer slidestore__btn\"\n\t\t\t\t\t\t\t\thref=\"\/pt-pt\/loja-muhlenbach\" target=\"_self\" rel=\"nofollow\"\n\t\t\t\t\t\t\t\tdata-type=\"text\"\n\t\t\t\t\t\t\t\tdata-xy=\"x:c;y:m;yo:60px;\"\n\t\t\t\t\t\t\t\tdata-text=\"w:normal;s:20,20,20,20;l:25,13,9,6;a:center;\"\n\t\t\t\t\t\t\t\tdata-basealign=\"slide\"\n\t\t\t\t\t\t\t\tdata-rsp_bd=\"off\"\n\t\t\t\t\t\t\t\tdata-frame_999=\"o:0;st:w;sR:4700;\"\n\t\t\t\t\t\t\t\tstyle=\"z-index:6;font-family:'Roboto';\"\n\t\t\t\t\t\t\t>Ver Loja <i class=\"fa fa-angle-right\"><\/i> \n\t\t\t\t\t\t\t<\/a><!--\n-->\t\t\t\t\t\t<\/rs-slide>\n\t\t\t\t\t\t<rs-slide style=\"position: absolute;\" data-key=\"rs-4\" data-title=\"Slide\" data-anim=\"adpr:false;\" data-in=\"o:0;\" data-out=\"a:false;\">\n\t\t\t\t\t\t\t<img decoding=\"async\" src=\"\/\/www.gsmpcsolutions.lu\/wp-content\/plugins\/revslider\/public\/assets\/assets\/dummy.png\" alt=\"\" title=\"Strassen\" width=\"1920\" height=\"868\" class=\"rev-slidebg tp-rs-img rs-lazyload\" data-lazyload=\"\/\/gsmpcsolutions.lu\/wp-content\/uploads\/2020\/12\/Strassen.jpg\" data-bg=\"p:center top;\" data-no-retina>\n<!--\n\t\t\t\t\t\t\t--><h3\n\t\t\t\t\t\t\t\tid=\"slider-1-slide-4-layer-0\" \n\t\t\t\t\t\t\t\tclass=\"rs-layer slidestore__font\"\n\t\t\t\t\t\t\t\tdata-type=\"text\"\n\t\t\t\t\t\t\t\tdata-xy=\"x:c;y:m;yo:-60px;\"\n\t\t\t\t\t\t\t\tdata-text=\"w:normal;s:40,40,30,26;l:25,13,9,6;a:center;\"\n\t\t\t\t\t\t\t\tdata-basealign=\"slide\"\n\t\t\t\t\t\t\t\tdata-rsp_bd=\"off\"\n\t\t\t\t\t\t\t\tdata-frame_0=\"x:left;\"\n\t\t\t\t\t\t\t\tdata-frame_1=\"st:500;sp:1000;\"\n\t\t\t\t\t\t\t\tdata-frame_999=\"x:right;o:0;st:w;sp:1000;\"\n\t\t\t\t\t\t\t\tstyle=\"z-index:5;font-family:'Roboto';\"\n\t\t\t\t\t\t\t>Loja de Strassen \n\t\t\t\t\t\t\t<\/h3><!--\n\n\t\t\t\t\t\t\t--><a\n\t\t\t\t\t\t\t\tid=\"slider-1-slide-4-layer-2\" \n\t\t\t\t\t\t\t\tclass=\"rs-layer slidestore__btn\"\n\t\t\t\t\t\t\t\thref=\"\/pt-pt\/loja-strassen\" target=\"_self\" rel=\"nofollow\"\n\t\t\t\t\t\t\t\tdata-type=\"text\"\n\t\t\t\t\t\t\t\tdata-xy=\"x:c;y:m;yo:60px;\"\n\t\t\t\t\t\t\t\tdata-text=\"w:normal;s:20,20,20,20;l:25,13,9,6;a:center;\"\n\t\t\t\t\t\t\t\tdata-basealign=\"slide\"\n\t\t\t\t\t\t\t\tdata-rsp_bd=\"off\"\n\t\t\t\t\t\t\t\tdata-frame_999=\"o:0;st:w;sR:4700;\"\n\t\t\t\t\t\t\t\tstyle=\"z-index:6;font-family:'Roboto';\"\n\t\t\t\t\t\t\t>Ver Loja <i class=\"fa fa-angle-right\"><\/i> \n\t\t\t\t\t\t\t<\/a><!--\n-->\t\t\t\t\t\t<\/rs-slide>\n\t\t\t\t\t<\/rs-slides>\n\t\t\t\t\t<rs-static-layers><!--\n\t\t\t\t\t--><\/rs-static-layers>\n\t\t\t\t<\/rs-module>\n\t\t\t\t<script>\n\t\t\t\t\tsetREVStartSize({c: 'rev_slider_1_1',rl:[1240,1024,778,480],el:[571,571,571,571],gw:[1920,1024,778,480],gh:[571,571,571,571],type:'standard',justify:'',layout:'fullwidth',mh:\"0\"});if (window.RS_MODULES!==undefined && window.RS_MODULES.modules!==undefined && window.RS_MODULES.modules[\"revslider11\"]!==undefined) {window.RS_MODULES.modules[\"revslider11\"].once = false;window.revapi1 = undefined;if (window.RS_MODULES.checkMinimal!==undefined) window.RS_MODULES.checkMinimal()}\n\t\t\t\t<\/script>\n\t\t\t<\/rs-module-wrap>\n\t\t\t<!-- END REVOLUTION SLIDER -->\n[\/vc_column][\/vc_row][vc_row css=&#8221;.vc_custom_1669028236343{margin-top: 56px !important;margin-bottom: 56px !important;}&#8221;][vc_column][fr_heading cms_template=&#8221;fr_heading&#8211;layout1.php&#8221; align_lg=&#8221;align-center&#8221; align_md=&#8221;align-center-md&#8221; align_sm=&#8221;align-center-sm&#8221; align_xs=&#8221;align-center-xs&#8221; title=&#8221;OS NOSSOS PROFISSIONAIS&#8221; sub_title=&#8221;CONHE\u00c7A MELHOR A NOSSA FANT\u00c1STICA EQUIPA&#8221;][\/vc_column][\/vc_row][vc_row content_placement=&#8221;top&#8221; css_animation=&#8221;fadeIn&#8221; css=&#8221;.vc_custom_1669630442877{margin-bottom: 10px !important;}&#8221;][vc_column offset=&#8221;vc_col-lg-3 vc_col-md-3 vc_hidden-sm vc_hidden-xs&#8221; css=&#8221;.vc_custom_1669026208790{margin-bottom: 30px !important;}&#8221;][vc_row_inner css=&#8221;.vc_custom_1547537702762{margin-bottom: 30px !important;}&#8221;][vc_column_inner][fr_team avatar=&#8221;36968&#8243; name=&#8221;Lu\u00eds Carvalho&#8221; position=&#8221;CEO&#8221;][\/vc_column_inner][\/vc_row_inner][vc_row_inner css=&#8221;.vc_custom_1547537702762{margin-bottom: 30px !important;}&#8221;][vc_column_inner][fr_team avatar=&#8221;36980&#8243; name=&#8221;Irina Boyko&#8221; position=&#8221;Gerente de Stock&#8221;][\/vc_column_inner][\/vc_row_inner][vc_row_inner css=&#8221;.vc_custom_1547537702762{margin-bottom: 30px !important;}&#8221;][vc_column_inner][fr_team avatar=&#8221;36986&#8243; name=&#8221;Anastassia Romanova&#8221; position=&#8221;Vendedora<br \/>\nT\u00e9cnica&#8221;][\/vc_column_inner][\/vc_row_inner][\/vc_column][vc_column offset=&#8221;vc_col-lg-3 vc_col-md-3 vc_hidden-sm vc_hidden-xs&#8221; css=&#8221;.vc_custom_1669026215446{margin-bottom: 30px !important;}&#8221;][vc_row_inner css=&#8221;.vc_custom_1669630394422{margin-bottom: 30px !important;}&#8221;][vc_column_inner][fr_team avatar=&#8221;36971&#8243; name=&#8221;Jo\u00e3o Oliveira&#8221; position=&#8221;Sub-Diretor&#8221;][\/vc_column_inner][\/vc_row_inner][vc_row_inner css=&#8221;.vc_custom_1669630388371{margin-bottom: 30px !important;}&#8221;][vc_column_inner][fr_team avatar=&#8221;36983&#8243; name=&#8221;T\u00e2nia Martins&#8221; position=&#8221;Lojista<br \/>\nT\u00e9cnico&#8221;][\/vc_column_inner][\/vc_row_inner][vc_row_inner css=&#8221;.vc_custom_1547537702762{margin-bottom: 30px !important;}&#8221;][vc_column_inner][fr_team avatar=&#8221;36971&#8243; name=&#8221;Carlos Barbosa&#8221; position=&#8221;Lojista&#8221;][\/vc_column_inner][\/vc_row_inner][\/vc_column][vc_column offset=&#8221;vc_col-lg-3 vc_col-md-3 vc_hidden-sm vc_hidden-xs&#8221; css=&#8221;.vc_custom_1669026222040{margin-bottom: 30px !important;}&#8221;][vc_row_inner css=&#8221;.vc_custom_1547537698645{margin-bottom: 30px !important;}&#8221;][vc_column_inner][fr_team avatar=&#8221;36974&#8243; name=&#8221;Ni Cheng&#8221; position=&#8221;Lojista<br \/>\nT\u00e9cnico&#8221;][\/vc_column_inner][\/vc_row_inner][vc_row_inner css=&#8221;.vc_custom_1547537698645{margin-bottom: 30px !important;}&#8221;][vc_column_inner][fr_team avatar=&#8221;36971&#8243; name=&#8221;Artur Costa&#8221; position=&#8221;T\u00e9cnico&#8221;][\/vc_column_inner][\/vc_row_inner][vc_row_inner css=&#8221;.vc_custom_1669630418081{margin-bottom: 30px !important;}&#8221;][vc_column_inner][fr_team avatar=&#8221;36986&#8243; name=&#8221;Silvia Matos&#8221; position=&#8221;Lojista&#8221;][\/vc_column_inner][\/vc_row_inner][\/vc_column][vc_column offset=&#8221;vc_col-lg-3 vc_col-md-3 vc_hidden-sm vc_hidden-xs&#8221; css=&#8221;.vc_custom_1669026232290{margin-bottom: 30px !important;}&#8221;][vc_row_inner css=&#8221;.vc_custom_1547537698645{margin-bottom: 30px !important;}&#8221;][vc_column_inner][fr_team avatar=&#8221;36977&#8243; name=&#8221;Jo\u00e3o Almeida&#8221; position=&#8221;Multim\u00e9dia&#8221;][\/vc_column_inner][\/vc_row_inner][vc_row_inner css=&#8221;.vc_custom_1547537698645{margin-bottom: 30px !important;}&#8221;][vc_column_inner][fr_team avatar=&#8221;36971&#8243; name=&#8221;Francisco Martins&#8221; position=&#8221;T\u00e9cnico&#8221;][\/vc_column_inner][\/vc_row_inner][vc_row_inner css=&#8221;.vc_custom_1547537698645{margin-bottom: 30px !important;}&#8221;][vc_column_inner][fr_team avatar=&#8221;36986&#8243; name=&#8221;Fernanda Teixeira&#8221; position=&#8221;Lojista&#8221;][\/vc_column_inner][\/vc_row_inner][\/vc_column][vc_column css=&#8221;.vc_custom_1669026642993{margin-bottom: 30px !important;}&#8221; offset=&#8221;vc_hidden-lg vc_hidden-md&#8221; el_class=&#8221;about_team_mobile_column&#8221;][fr_team avatar=&#8221;36968&#8243; name=&#8221;Lu\u00eds Carvalho&#8221; position=&#8221;CEO&#8221;][fr_team avatar=&#8221;36971&#8243; name=&#8221;Jo\u00e3o Oliveira&#8221; position=&#8221;Sub-Diretor&#8221;][fr_team avatar=&#8221;36974&#8243; name=&#8221;Ni Cheng&#8221; position=&#8221;Lojista<br \/>\nT\u00e9cnico&#8221;][fr_team avatar=&#8221;36977&#8243; name=&#8221;Jo\u00e3o Almeida&#8221; position=&#8221;Multim\u00e9dia&#8221;][fr_team avatar=&#8221;36980&#8243; name=&#8221;Irina Boyko&#8221; position=&#8221;Gerente de Stock&#8221;][fr_team avatar=&#8221;36983&#8243; name=&#8221;T\u00e2nia Martins&#8221; position=&#8221;Lojista<br \/>\nT\u00e9cnico&#8221;][fr_team avatar=&#8221;36971&#8243; name=&#8221;Artur Costa&#8221; position=&#8221;T\u00e9cnico&#8221;][fr_team avatar=&#8221;36971&#8243; name=&#8221;I. Rodrigues&#8221; position=&#8221;T\u00e9cnico&#8221;][fr_team avatar=&#8221;36986&#8243; name=&#8221;Fl\u00e1via Rodrigues&#8221; position=&#8221;Vendedora&#8221;][fr_team avatar=&#8221;36971&#8243; name=&#8221;Carlos Barbosa&#8221; position=&#8221;Lojista&#8221;][fr_team avatar=&#8221;36986&#8243; name=&#8221;Silvia Matos&#8221; position=&#8221;Lojista&#8221;][\/vc_column][\/vc_row]<\/p>\n<\/section>","protected":false},"excerpt":{"rendered":"<p>[vc_row el_class=&#8221;mobile_column_reverse&#8221;][vc_column width=&#8221;1\/2&#8243; css=&#8221;.vc_custom_1605617146883{padding-top: 1px !important;}&#8221;][fr_space space_lg=&#8221;85&#8243; space_md=&#8221;50&#8243; space_sm=&#8221;30&#8243; space_xs=&#8221;30&#8243;][vc_single_image image=&#8221;30521&#8243; img_size=&#8221;full&#8221; alignment=&#8221;center&#8221; css_animation=&#8221;bounceInLeft&#8221;][\/vc_column][vc_column width=&#8221;1\/2&#8243;][fr_space space_lg=&#8221;85&#8243; space_md=&#8221;50&#8243; space_sm=&#8221;30&#8243; space_xs=&#8221;30&#8243;][fr_heading cms_template=&#8221;fr_heading&#8211;layout1.php&#8221; align_sm=&#8221;align-center-sm&#8221; align_xs=&#8221;align-center-xs&#8221; title=&#8221;QUEM SOMOS&#8221; sub_title=&#8221;GSM &amp; PC SOLUTIONS&#8221;][vc_row_inner css=&#8221;.vc_custom_1669635472917{margin-top: 30px !important;}&#8221;][vc_column_inner][vc_column_text el_class=&#8221;col-sm-justify&#8221;]A GSM &amp; PC Solutions \u00e9 l\u00edder no mercado em repara\u00e7\u00f5es de todo o tipo de equipamento eletr\u00f3nico, desde smartphones e tablets, at\u00e9 smartwatchs [&hellip;]<\/p>\n","protected":false},"author":1,"featured_media":0,"parent":0,"menu_order":0,"comment_status":"closed","ping_status":"closed","template":"","meta":{"inline_featured_image":false,"footnotes":""},"class_list":["post-690","page","type-page","status-publish","hentry"],"yoast_head":"<!-- This site is optimized with the Yoast SEO plugin v25.9 - https:\/\/yoast.com\/wordpress\/plugins\/seo\/ -->\n<title>Sobre N\u00f3s - GSM &amp; PC Solutions<\/title>\n<meta name=\"robots\" content=\"index, follow, max-snippet:-1, max-image-preview:large, max-video-preview:-1\" \/>\n<link rel=\"canonical\" href=\"https:\/\/www.gsmpcsolutions.lu\/pt-pt\/sobre-nos\/\" \/>\n<meta property=\"og:locale\" content=\"pt_PT\" \/>\n<meta property=\"og:type\" content=\"article\" \/>\n<meta property=\"og:title\" content=\"Sobre N\u00f3s - GSM &amp; PC Solutions\" \/>\n<meta property=\"og:description\" content=\"[vc_row el_class=&#8221;mobile_column_reverse&#8221;][vc_column width=&#8221;1\/2&#8243; css=&#8221;.vc_custom_1605617146883{padding-top: 1px !important;}&#8221;][fr_space space_lg=&#8221;85&#8243; space_md=&#8221;50&#8243; space_sm=&#8221;30&#8243; space_xs=&#8221;30&#8243;][vc_single_image image=&#8221;30521&#8243; img_size=&#8221;full&#8221; alignment=&#8221;center&#8221; css_animation=&#8221;bounceInLeft&#8221;][\/vc_column][vc_column width=&#8221;1\/2&#8243;][fr_space space_lg=&#8221;85&#8243; space_md=&#8221;50&#8243; space_sm=&#8221;30&#8243; space_xs=&#8221;30&#8243;][fr_heading cms_template=&#8221;fr_heading&#8211;layout1.php&#8221; align_sm=&#8221;align-center-sm&#8221; align_xs=&#8221;align-center-xs&#8221; title=&#8221;QUEM SOMOS&#8221; sub_title=&#8221;GSM &amp; PC SOLUTIONS&#8221;][vc_row_inner css=&#8221;.vc_custom_1669635472917{margin-top: 30px !important;}&#8221;][vc_column_inner][vc_column_text el_class=&#8221;col-sm-justify&#8221;]A GSM &amp; PC Solutions \u00e9 l\u00edder no mercado em repara\u00e7\u00f5es de todo o tipo de equipamento eletr\u00f3nico, desde smartphones e tablets, at\u00e9 smartwatchs [&hellip;]\" \/>\n<meta property=\"og:url\" content=\"https:\/\/www.gsmpcsolutions.lu\/pt-pt\/sobre-nos\/\" \/>\n<meta property=\"og:site_name\" content=\"GSM &amp; PC Solutions\" \/>\n<meta property=\"article:publisher\" content=\"https:\/\/www.facebook.com\/gsmpcsolutions\" \/>\n<meta property=\"article:modified_time\" content=\"2025-01-30T17:19:25+00:00\" \/>\n<meta name=\"twitter:card\" content=\"summary_large_image\" \/>\n<meta name=\"twitter:label1\" content=\"Tempo estimado de leitura\" \/>\n\t<meta name=\"twitter:data1\" content=\"9 minutos\" \/>\n<!-- \/ Yoast SEO plugin. -->","yoast_head_json":{"title":"Sobre N\u00f3s - GSM &amp; PC Solutions","robots":{"index":"index","follow":"follow","max-snippet":"max-snippet:-1","max-image-preview":"max-image-preview:large","max-video-preview":"max-video-preview:-1"},"canonical":"https:\/\/www.gsmpcsolutions.lu\/pt-pt\/sobre-nos\/","og_locale":"pt_PT","og_type":"article","og_title":"Sobre N\u00f3s - GSM &amp; PC Solutions","og_description":"[vc_row el_class=&#8221;mobile_column_reverse&#8221;][vc_column width=&#8221;1\/2&#8243; css=&#8221;.vc_custom_1605617146883{padding-top: 1px !important;}&#8221;][fr_space space_lg=&#8221;85&#8243; space_md=&#8221;50&#8243; space_sm=&#8221;30&#8243; space_xs=&#8221;30&#8243;][vc_single_image image=&#8221;30521&#8243; img_size=&#8221;full&#8221; alignment=&#8221;center&#8221; css_animation=&#8221;bounceInLeft&#8221;][\/vc_column][vc_column width=&#8221;1\/2&#8243;][fr_space space_lg=&#8221;85&#8243; space_md=&#8221;50&#8243; space_sm=&#8221;30&#8243; space_xs=&#8221;30&#8243;][fr_heading cms_template=&#8221;fr_heading&#8211;layout1.php&#8221; align_sm=&#8221;align-center-sm&#8221; align_xs=&#8221;align-center-xs&#8221; title=&#8221;QUEM SOMOS&#8221; sub_title=&#8221;GSM &amp; PC SOLUTIONS&#8221;][vc_row_inner css=&#8221;.vc_custom_1669635472917{margin-top: 30px !important;}&#8221;][vc_column_inner][vc_column_text el_class=&#8221;col-sm-justify&#8221;]A GSM &amp; PC Solutions \u00e9 l\u00edder no mercado em repara\u00e7\u00f5es de todo o tipo de equipamento eletr\u00f3nico, desde smartphones e tablets, at\u00e9 smartwatchs [&hellip;]","og_url":"https:\/\/www.gsmpcsolutions.lu\/pt-pt\/sobre-nos\/","og_site_name":"GSM &amp; PC Solutions","article_publisher":"https:\/\/www.facebook.com\/gsmpcsolutions","article_modified_time":"2025-01-30T17:19:25+00:00","twitter_card":"summary_large_image","twitter_misc":{"Tempo estimado de leitura":"9 minutos"},"schema":{"@context":"https:\/\/schema.org","@graph":[{"@type":"WebPage","@id":"https:\/\/www.gsmpcsolutions.lu\/pt-pt\/sobre-nos\/","url":"https:\/\/www.gsmpcsolutions.lu\/pt-pt\/sobre-nos\/","name":"Sobre N\u00f3s - GSM &amp; PC Solutions","isPartOf":{"@id":"https:\/\/www.gsmpcsolutions.lu\/pt-pt\/#website"},"datePublished":"2018-11-20T08:18:52+00:00","dateModified":"2025-01-30T17:19:25+00:00","breadcrumb":{"@id":"https:\/\/www.gsmpcsolutions.lu\/pt-pt\/sobre-nos\/#breadcrumb"},"inLanguage":"pt-PT","potentialAction":[{"@type":"ReadAction","target":["https:\/\/www.gsmpcsolutions.lu\/pt-pt\/sobre-nos\/"]}]},{"@type":"BreadcrumbList","@id":"https:\/\/www.gsmpcsolutions.lu\/pt-pt\/sobre-nos\/#breadcrumb","itemListElement":[{"@type":"ListItem","position":1,"name":"In\u00edcio","item":"https:\/\/www.gsmpcsolutions.lu\/pt-pt\/"},{"@type":"ListItem","position":2,"name":"Sobre N\u00f3s"}]},{"@type":"WebSite","@id":"https:\/\/www.gsmpcsolutions.lu\/pt-pt\/#website","url":"https:\/\/www.gsmpcsolutions.lu\/pt-pt\/","name":"GSM &amp; PC Solutions","description":"Repara\u00e7\u00e3o de iPhone, iPad, MacBook, Samsung, PC","publisher":{"@id":"https:\/\/www.gsmpcsolutions.lu\/pt-pt\/#organization"},"potentialAction":[{"@type":"SearchAction","target":{"@type":"EntryPoint","urlTemplate":"https:\/\/www.gsmpcsolutions.lu\/pt-pt\/?s={search_term_string}"},"query-input":{"@type":"PropertyValueSpecification","valueRequired":true,"valueName":"search_term_string"}}],"inLanguage":"pt-PT"},{"@type":"Organization","@id":"https:\/\/www.gsmpcsolutions.lu\/pt-pt\/#organization","name":"GSM &amp; PC Solutions","url":"https:\/\/www.gsmpcsolutions.lu\/pt-pt\/","logo":{"@type":"ImageObject","inLanguage":"pt-PT","@id":"https:\/\/www.gsmpcsolutions.lu\/pt-pt\/#\/schema\/logo\/image\/","url":"https:\/\/www.gsmpcsolutions.lu\/wp-content\/uploads\/2020\/11\/logo.svg","contentUrl":"https:\/\/www.gsmpcsolutions.lu\/wp-content\/uploads\/2020\/11\/logo.svg","width":"980","height":"650","caption":"GSM &amp; PC Solutions"},"image":{"@id":"https:\/\/www.gsmpcsolutions.lu\/pt-pt\/#\/schema\/logo\/image\/"},"sameAs":["https:\/\/www.facebook.com\/gsmpcsolutions","https:\/\/www.instagram.com\/gsmpcsolutions\/"]}]}},"_links":{"self":[{"href":"https:\/\/www.gsmpcsolutions.lu\/pt-pt\/wp-json\/wp\/v2\/pages\/690","targetHints":{"allow":["GET"]}}],"collection":[{"href":"https:\/\/www.gsmpcsolutions.lu\/pt-pt\/wp-json\/wp\/v2\/pages"}],"about":[{"href":"https:\/\/www.gsmpcsolutions.lu\/pt-pt\/wp-json\/wp\/v2\/types\/page"}],"author":[{"embeddable":true,"href":"https:\/\/www.gsmpcsolutions.lu\/pt-pt\/wp-json\/wp\/v2\/users\/1"}],"replies":[{"embeddable":true,"href":"https:\/\/www.gsmpcsolutions.lu\/pt-pt\/wp-json\/wp\/v2\/comments?post=690"}],"version-history":[{"count":3,"href":"https:\/\/www.gsmpcsolutions.lu\/pt-pt\/wp-json\/wp\/v2\/pages\/690\/revisions"}],"predecessor-version":[{"id":40497,"href":"https:\/\/www.gsmpcsolutions.lu\/pt-pt\/wp-json\/wp\/v2\/pages\/690\/revisions\/40497"}],"wp:attachment":[{"href":"https:\/\/www.gsmpcsolutions.lu\/pt-pt\/wp-json\/wp\/v2\/media?parent=690"}],"curies":[{"name":"wp","href":"https:\/\/api.w.org\/{rel}","templated":true}]}}