{"id":33271,"date":"2022-11-05T12:51:25","date_gmt":"2022-11-05T12:51:25","guid":{"rendered":"https:\/\/gsmpcsolutions.lu\/?post_type=product&#038;p=33271"},"modified":"2024-05-06T13:19:41","modified_gmt":"2024-05-06T13:19:41","slug":"reparacao-bateria-samsung-galaxy-a52","status":"publish","type":"product","link":"https:\/\/www.gsmpcsolutions.lu\/pt-pt\/reparacoes-samsung-luxemburgo\/reparacoes-samsung-galaxy-a\/reparacoes-samsung-galaxy-a52\/reparacao-bateria-samsung-galaxy-a52\/","title":{"rendered":"Repara\u00e7\u00e3o Bateria"},"content":{"rendered":"<p>Uma boa dura\u00e7\u00e3o da bateria do seu Samsung Galaxy A52 \u00e9 fundamental para que consiga usufruir do equipamento durante todo o dia. Caso o seu Samsung se desligue sozinho antes de chegar ao 1% ou caso se desligue em poucas horas de uso \u00e9 importante efectuar um teste \u00e0 bateria e verificar quantos ciclos tem e se a bateria se encontra danificada ou em final de vida. Ao efetuarmos a substitui\u00e7\u00e3o da bateria do Samsung poder\u00e1 contar com uma durabilidade igual \u00e0 de origem quando adquiriu o equipamento sendo que todas as baterias s\u00e3o novas com 0 ciclos.<\/p>\n","protected":false},"excerpt":{"rendered":"<p>Uma boa dura\u00e7\u00e3o da bateria do seu Samsung Galaxy A52 \u00e9 fundamental para que consiga usufruir do equipamento durante todo o dia. Caso o seu Samsung se desligue sozinho antes de chegar ao 1% ou caso se desligue em poucas horas de uso \u00e9 importante efectuar um teste \u00e0 bateria e verificar quantos ciclos tem [&hellip;]<\/p>\n","protected":false},"featured_media":37854,"template":"","meta":{"inline_featured_image":false},"product-compatability":[],"product_cat":[130200],"product_tag":[],"class_list":{"0":"post-33271","1":"product","2":"type-product","3":"status-publish","4":"has-post-thumbnail","6":"product_cat-reparacoes-samsung-galaxy-a52","8":"first","9":"instock","10":"purchasable","11":"product-type-simple"},"yoast_head":"<!-- This site is optimized with the Yoast SEO plugin v25.9 - https:\/\/yoast.com\/wordpress\/plugins\/seo\/ -->\n<title>Repara\u00e7\u00e3o Bateria Samsung Galaxy A52 - GSM &amp; PC Solutions<\/title>\n<meta name=\"description\" content=\"Otimize a dura\u00e7\u00e3o da bateria do seu Samsung Galaxy A52! Testes e substitui\u00e7\u00f5es dispon\u00edveis. Visite-nos em uma das nossas tr\u00eas lojas no Luxemburgo!\" \/>\n<meta name=\"robots\" content=\"index, follow, max-snippet:-1, max-image-preview:large, max-video-preview:-1\" \/>\n<link rel=\"canonical\" href=\"https:\/\/www.gsmpcsolutions.lu\/pt-pt\/reparacoes-samsung-luxemburgo\/reparacoes-samsung-galaxy-a\/reparacoes-samsung-galaxy-a52\/reparacao-bateria-samsung-galaxy-a52\/\" \/>\n<meta property=\"og:locale\" content=\"pt_PT\" \/>\n<meta property=\"og:type\" content=\"article\" \/>\n<meta property=\"og:title\" content=\"Repara\u00e7\u00e3o Bateria Samsung Galaxy A52 - GSM &amp; PC Solutions\" \/>\n<meta property=\"og:description\" content=\"Otimize a dura\u00e7\u00e3o da bateria do seu Samsung Galaxy A52! Testes e substitui\u00e7\u00f5es dispon\u00edveis. Visite-nos em uma das nossas tr\u00eas lojas no Luxemburgo!\" \/>\n<meta property=\"og:url\" content=\"https:\/\/www.gsmpcsolutions.lu\/pt-pt\/reparacoes-samsung-luxemburgo\/reparacoes-samsung-galaxy-a\/reparacoes-samsung-galaxy-a52\/reparacao-bateria-samsung-galaxy-a52\/\" \/>\n<meta property=\"og:site_name\" content=\"GSM &amp; PC Solutions\" \/>\n<meta property=\"article:publisher\" content=\"https:\/\/www.facebook.com\/gsmpcsolutions\" \/>\n<meta property=\"article:modified_time\" content=\"2024-05-06T13:19:41+00:00\" \/>\n<meta property=\"og:image\" content=\"https:\/\/www.gsmpcsolutions.lu\/wp-content\/uploads\/2023\/10\/BATERIA.png\" \/>\n\t<meta property=\"og:image:width\" content=\"500\" \/>\n\t<meta property=\"og:image:height\" content=\"554\" \/>\n\t<meta property=\"og:image:type\" content=\"image\/png\" \/>\n<meta name=\"twitter:card\" content=\"summary_large_image\" \/>\n<meta name=\"twitter:label1\" content=\"Tempo estimado de leitura\" \/>\n\t<meta name=\"twitter:data1\" content=\"1 minuto\" \/>\n<!-- \/ Yoast SEO plugin. -->","yoast_head_json":{"title":"Repara\u00e7\u00e3o Bateria Samsung Galaxy A52 - GSM &amp; PC Solutions","description":"Otimize a dura\u00e7\u00e3o da bateria do seu Samsung Galaxy A52! Testes e substitui\u00e7\u00f5es dispon\u00edveis. Visite-nos em uma das nossas tr\u00eas lojas no Luxemburgo!","robots":{"index":"index","follow":"follow","max-snippet":"max-snippet:-1","max-image-preview":"max-image-preview:large","max-video-preview":"max-video-preview:-1"},"canonical":"https:\/\/www.gsmpcsolutions.lu\/pt-pt\/reparacoes-samsung-luxemburgo\/reparacoes-samsung-galaxy-a\/reparacoes-samsung-galaxy-a52\/reparacao-bateria-samsung-galaxy-a52\/","og_locale":"pt_PT","og_type":"article","og_title":"Repara\u00e7\u00e3o Bateria Samsung Galaxy A52 - GSM &amp; PC Solutions","og_description":"Otimize a dura\u00e7\u00e3o da bateria do seu Samsung Galaxy A52! Testes e substitui\u00e7\u00f5es dispon\u00edveis. Visite-nos em uma das nossas tr\u00eas lojas no Luxemburgo!","og_url":"https:\/\/www.gsmpcsolutions.lu\/pt-pt\/reparacoes-samsung-luxemburgo\/reparacoes-samsung-galaxy-a\/reparacoes-samsung-galaxy-a52\/reparacao-bateria-samsung-galaxy-a52\/","og_site_name":"GSM &amp; PC Solutions","article_publisher":"https:\/\/www.facebook.com\/gsmpcsolutions","article_modified_time":"2024-05-06T13:19:41+00:00","og_image":[{"width":500,"height":554,"url":"https:\/\/www.gsmpcsolutions.lu\/wp-content\/uploads\/2023\/10\/BATERIA.png","type":"image\/png"}],"twitter_card":"summary_large_image","twitter_misc":{"Tempo estimado de leitura":"1 minuto"},"schema":{"@context":"https:\/\/schema.org","@graph":[{"@type":"WebPage","@id":"https:\/\/www.gsmpcsolutions.lu\/pt-pt\/reparacoes-samsung-luxemburgo\/reparacoes-samsung-galaxy-a\/reparacoes-samsung-galaxy-a52\/reparacao-bateria-samsung-galaxy-a52\/","url":"https:\/\/www.gsmpcsolutions.lu\/pt-pt\/reparacoes-samsung-luxemburgo\/reparacoes-samsung-galaxy-a\/reparacoes-samsung-galaxy-a52\/reparacao-bateria-samsung-galaxy-a52\/","name":"Repara\u00e7\u00e3o Bateria Samsung Galaxy A52 - GSM &amp; PC Solutions","isPartOf":{"@id":"https:\/\/www.gsmpcsolutions.lu\/pt-pt\/#website"},"primaryImageOfPage":{"@id":"https:\/\/www.gsmpcsolutions.lu\/pt-pt\/reparacoes-samsung-luxemburgo\/reparacoes-samsung-galaxy-a\/reparacoes-samsung-galaxy-a52\/reparacao-bateria-samsung-galaxy-a52\/#primaryimage"},"image":{"@id":"https:\/\/www.gsmpcsolutions.lu\/pt-pt\/reparacoes-samsung-luxemburgo\/reparacoes-samsung-galaxy-a\/reparacoes-samsung-galaxy-a52\/reparacao-bateria-samsung-galaxy-a52\/#primaryimage"},"thumbnailUrl":"https:\/\/www.gsmpcsolutions.lu\/wp-content\/uploads\/2023\/10\/BATERIA.png","datePublished":"2022-11-05T12:51:25+00:00","dateModified":"2024-05-06T13:19:41+00:00","description":"Otimize a dura\u00e7\u00e3o da bateria do seu Samsung Galaxy A52! Testes e substitui\u00e7\u00f5es dispon\u00edveis. Visite-nos em uma das nossas tr\u00eas lojas no Luxemburgo!","breadcrumb":{"@id":"https:\/\/www.gsmpcsolutions.lu\/pt-pt\/reparacoes-samsung-luxemburgo\/reparacoes-samsung-galaxy-a\/reparacoes-samsung-galaxy-a52\/reparacao-bateria-samsung-galaxy-a52\/#breadcrumb"},"inLanguage":"pt-PT","potentialAction":[{"@type":"ReadAction","target":["https:\/\/www.gsmpcsolutions.lu\/pt-pt\/reparacoes-samsung-luxemburgo\/reparacoes-samsung-galaxy-a\/reparacoes-samsung-galaxy-a52\/reparacao-bateria-samsung-galaxy-a52\/"]}]},{"@type":"ImageObject","inLanguage":"pt-PT","@id":"https:\/\/www.gsmpcsolutions.lu\/pt-pt\/reparacoes-samsung-luxemburgo\/reparacoes-samsung-galaxy-a\/reparacoes-samsung-galaxy-a52\/reparacao-bateria-samsung-galaxy-a52\/#primaryimage","url":"https:\/\/www.gsmpcsolutions.lu\/wp-content\/uploads\/2023\/10\/BATERIA.png","contentUrl":"https:\/\/www.gsmpcsolutions.lu\/wp-content\/uploads\/2023\/10\/BATERIA.png","width":500,"height":554},{"@type":"BreadcrumbList","@id":"https:\/\/www.gsmpcsolutions.lu\/pt-pt\/reparacoes-samsung-luxemburgo\/reparacoes-samsung-galaxy-a\/reparacoes-samsung-galaxy-a52\/reparacao-bateria-samsung-galaxy-a52\/#breadcrumb","itemListElement":[{"@type":"ListItem","position":1,"name":"In\u00edcio","item":"https:\/\/www.gsmpcsolutions.lu\/pt-pt\/"},{"@type":"ListItem","position":2,"name":"Repara\u00e7\u00f5es","item":"https:\/\/www.gsmpcsolutions.lu\/magasin\/"},{"@type":"ListItem","position":3,"name":"Repara\u00e7\u00e3o Bateria"}]},{"@type":"WebSite","@id":"https:\/\/www.gsmpcsolutions.lu\/pt-pt\/#website","url":"https:\/\/www.gsmpcsolutions.lu\/pt-pt\/","name":"GSM &amp; PC Solutions","description":"Repara\u00e7\u00e3o de iPhone, iPad, MacBook, Samsung, PC","publisher":{"@id":"https:\/\/www.gsmpcsolutions.lu\/pt-pt\/#organization"},"potentialAction":[{"@type":"SearchAction","target":{"@type":"EntryPoint","urlTemplate":"https:\/\/www.gsmpcsolutions.lu\/pt-pt\/?s={search_term_string}"},"query-input":{"@type":"PropertyValueSpecification","valueRequired":true,"valueName":"search_term_string"}}],"inLanguage":"pt-PT"},{"@type":"Organization","@id":"https:\/\/www.gsmpcsolutions.lu\/pt-pt\/#organization","name":"GSM &amp; PC Solutions","url":"https:\/\/www.gsmpcsolutions.lu\/pt-pt\/","logo":{"@type":"ImageObject","inLanguage":"pt-PT","@id":"https:\/\/www.gsmpcsolutions.lu\/pt-pt\/#\/schema\/logo\/image\/","url":"https:\/\/www.gsmpcsolutions.lu\/wp-content\/uploads\/2020\/11\/logo.svg","contentUrl":"https:\/\/www.gsmpcsolutions.lu\/wp-content\/uploads\/2020\/11\/logo.svg","width":"980","height":"650","caption":"GSM &amp; PC Solutions"},"image":{"@id":"https:\/\/www.gsmpcsolutions.lu\/pt-pt\/#\/schema\/logo\/image\/"},"sameAs":["https:\/\/www.facebook.com\/gsmpcsolutions","https:\/\/www.instagram.com\/gsmpcsolutions\/"]}]}},"_links":{"self":[{"href":"https:\/\/www.gsmpcsolutions.lu\/pt-pt\/wp-json\/wp\/v2\/product\/33271","targetHints":{"allow":["GET"]}}],"collection":[{"href":"https:\/\/www.gsmpcsolutions.lu\/pt-pt\/wp-json\/wp\/v2\/product"}],"about":[{"href":"https:\/\/www.gsmpcsolutions.lu\/pt-pt\/wp-json\/wp\/v2\/types\/product"}],"wp:featuredmedia":[{"embeddable":true,"href":"https:\/\/www.gsmpcsolutions.lu\/pt-pt\/wp-json\/wp\/v2\/media\/37854"}],"wp:attachment":[{"href":"https:\/\/www.gsmpcsolutions.lu\/pt-pt\/wp-json\/wp\/v2\/media?parent=33271"}],"wp:term":[{"taxonomy":"product-compatability","embeddable":true,"href":"https:\/\/www.gsmpcsolutions.lu\/pt-pt\/wp-json\/wp\/v2\/product-compatability?post=33271"},{"taxonomy":"product_cat","embeddable":true,"href":"https:\/\/www.gsmpcsolutions.lu\/pt-pt\/wp-json\/wp\/v2\/product_cat?post=33271"},{"taxonomy":"product_tag","embeddable":true,"href":"https:\/\/www.gsmpcsolutions.lu\/pt-pt\/wp-json\/wp\/v2\/product_tag?post=33271"}],"curies":[{"name":"wp","href":"https:\/\/api.w.org\/{rel}","templated":true}]}}