{"id":33439,"date":"2022-11-07T11:53:01","date_gmt":"2022-11-07T11:53:01","guid":{"rendered":"https:\/\/gsmpcsolutions.lu\/?post_type=product&#038;p=33439"},"modified":"2024-05-03T08:20:26","modified_gmt":"2024-05-03T08:20:26","slug":"reparacao-capa-traseira-xiaomi-mi-9t-pro","status":"publish","type":"product","link":"https:\/\/www.gsmpcsolutions.lu\/pt-pt\/reparacoes-xiaomi-luxemburgo\/reparacoes-xiaomi-mi-series\/reparacoes-xiaomi-mi-9t-pro\/reparacao-capa-traseira-xiaomi-mi-9t-pro\/","title":{"rendered":"Repara\u00e7\u00e3o Capa Traseira"},"content":{"rendered":"<p class=\"p1\">A parte traseira do seu Xiaomi Mi 9T Pro est\u00e1 riscada, danificada ou simplesmente desgastada, e voc\u00ea deseja substitu\u00ed-la por uma nova? Na GSM &amp; PC Solutions, entendemos a import\u00e2ncia de manter seu dispositivo com uma apar\u00eancia impec\u00e1vel.<\/p>\n<p class=\"p1\">Al\u00e9m disso, nosso servi\u00e7o de substitui\u00e7\u00e3o n\u00e3o compromete a qualidade. Tenha a certeza de que sua nova parte traseira do equipamento ser\u00e1 da mais alta qualidade, garantindo durabilidade e est\u00e9tica.<\/p>\n<p class=\"p1\">O melhor de tudo, nosso servi\u00e7o de diagn\u00f3stico \u00e9 totalmente gratuito. Ent\u00e3o, por que esperar? Visite uma de nossas tr\u00eas lojas localizadas em Strassen, Muhlenbach e Differdange, e d\u00ea ao seu Xiaomi Mi 9T Pro a transforma\u00e7\u00e3o que ele merece hoje mesmo!<\/p>\n","protected":false},"excerpt":{"rendered":"<p>A parte traseira do seu Xiaomi Mi 9T Pro est\u00e1 riscada, danificada ou simplesmente desgastada, e voc\u00ea deseja substitu\u00ed-la por uma nova? Na GSM &amp; PC Solutions, entendemos a import\u00e2ncia de manter seu dispositivo com uma apar\u00eancia impec\u00e1vel. Al\u00e9m disso, nosso servi\u00e7o de substitui\u00e7\u00e3o n\u00e3o compromete a qualidade. Tenha a certeza de que sua nova [&hellip;]<\/p>\n","protected":false},"featured_media":37882,"template":"","meta":{"inline_featured_image":false},"product-compatability":[],"product_cat":[130406],"product_tag":[],"class_list":{"0":"post-33439","1":"product","2":"type-product","3":"status-publish","4":"has-post-thumbnail","6":"product_cat-reparacoes-xiaomi-mi-9t-pro","8":"first","9":"instock","10":"purchasable","11":"product-type-simple"},"yoast_head":"<!-- This site is optimized with the Yoast SEO plugin v25.9 - https:\/\/yoast.com\/wordpress\/plugins\/seo\/ -->\n<title>Repara\u00e7\u00e3o Capa Traseira Xiaomi Mi 9T Pro - GSM &amp; PC Solutions<\/title>\n<meta name=\"description\" content=\"Repare a parte traseira do seu Xiaomi Mi 9T Pro connosco na GSM &amp; PC Solutions. Substitui\u00e7\u00e3o de qualidade garantida. Visite-nos hoje!\" \/>\n<meta name=\"robots\" content=\"index, follow, max-snippet:-1, max-image-preview:large, max-video-preview:-1\" \/>\n<link rel=\"canonical\" href=\"https:\/\/www.gsmpcsolutions.lu\/pt-pt\/reparacoes-xiaomi-luxemburgo\/reparacoes-xiaomi-mi-series\/reparacoes-xiaomi-mi-9t-pro\/reparacao-capa-traseira-xiaomi-mi-9t-pro\/\" \/>\n<meta property=\"og:locale\" content=\"pt_PT\" \/>\n<meta property=\"og:type\" content=\"article\" \/>\n<meta property=\"og:title\" content=\"Repara\u00e7\u00e3o Capa Traseira Xiaomi Mi 9T Pro - GSM &amp; PC Solutions\" \/>\n<meta property=\"og:description\" content=\"Repare a parte traseira do seu Xiaomi Mi 9T Pro connosco na GSM &amp; PC Solutions. Substitui\u00e7\u00e3o de qualidade garantida. Visite-nos hoje!\" \/>\n<meta property=\"og:url\" content=\"https:\/\/www.gsmpcsolutions.lu\/pt-pt\/reparacoes-xiaomi-luxemburgo\/reparacoes-xiaomi-mi-series\/reparacoes-xiaomi-mi-9t-pro\/reparacao-capa-traseira-xiaomi-mi-9t-pro\/\" \/>\n<meta property=\"og:site_name\" content=\"GSM &amp; PC Solutions\" \/>\n<meta property=\"article:publisher\" content=\"https:\/\/www.facebook.com\/gsmpcsolutions\" \/>\n<meta property=\"article:modified_time\" content=\"2024-05-03T08:20:26+00:00\" \/>\n<meta property=\"og:image\" content=\"https:\/\/www.gsmpcsolutions.lu\/wp-content\/uploads\/2023\/10\/BACK-HOUSING.png\" \/>\n\t<meta property=\"og:image:width\" content=\"500\" \/>\n\t<meta property=\"og:image:height\" content=\"554\" \/>\n\t<meta property=\"og:image:type\" content=\"image\/png\" \/>\n<meta name=\"twitter:card\" content=\"summary_large_image\" \/>\n<meta name=\"twitter:label1\" content=\"Tempo estimado de leitura\" \/>\n\t<meta name=\"twitter:data1\" content=\"1 minuto\" \/>\n<!-- \/ Yoast SEO plugin. -->","yoast_head_json":{"title":"Repara\u00e7\u00e3o Capa Traseira Xiaomi Mi 9T Pro - GSM &amp; PC Solutions","description":"Repare a parte traseira do seu Xiaomi Mi 9T Pro connosco na GSM & PC Solutions. Substitui\u00e7\u00e3o de qualidade garantida. Visite-nos hoje!","robots":{"index":"index","follow":"follow","max-snippet":"max-snippet:-1","max-image-preview":"max-image-preview:large","max-video-preview":"max-video-preview:-1"},"canonical":"https:\/\/www.gsmpcsolutions.lu\/pt-pt\/reparacoes-xiaomi-luxemburgo\/reparacoes-xiaomi-mi-series\/reparacoes-xiaomi-mi-9t-pro\/reparacao-capa-traseira-xiaomi-mi-9t-pro\/","og_locale":"pt_PT","og_type":"article","og_title":"Repara\u00e7\u00e3o Capa Traseira Xiaomi Mi 9T Pro - GSM &amp; PC Solutions","og_description":"Repare a parte traseira do seu Xiaomi Mi 9T Pro connosco na GSM & PC Solutions. Substitui\u00e7\u00e3o de qualidade garantida. Visite-nos hoje!","og_url":"https:\/\/www.gsmpcsolutions.lu\/pt-pt\/reparacoes-xiaomi-luxemburgo\/reparacoes-xiaomi-mi-series\/reparacoes-xiaomi-mi-9t-pro\/reparacao-capa-traseira-xiaomi-mi-9t-pro\/","og_site_name":"GSM &amp; PC Solutions","article_publisher":"https:\/\/www.facebook.com\/gsmpcsolutions","article_modified_time":"2024-05-03T08:20:26+00:00","og_image":[{"width":500,"height":554,"url":"https:\/\/www.gsmpcsolutions.lu\/wp-content\/uploads\/2023\/10\/BACK-HOUSING.png","type":"image\/png"}],"twitter_card":"summary_large_image","twitter_misc":{"Tempo estimado de leitura":"1 minuto"},"schema":{"@context":"https:\/\/schema.org","@graph":[{"@type":"WebPage","@id":"https:\/\/www.gsmpcsolutions.lu\/pt-pt\/reparacoes-xiaomi-luxemburgo\/reparacoes-xiaomi-mi-series\/reparacoes-xiaomi-mi-9t-pro\/reparacao-capa-traseira-xiaomi-mi-9t-pro\/","url":"https:\/\/www.gsmpcsolutions.lu\/pt-pt\/reparacoes-xiaomi-luxemburgo\/reparacoes-xiaomi-mi-series\/reparacoes-xiaomi-mi-9t-pro\/reparacao-capa-traseira-xiaomi-mi-9t-pro\/","name":"Repara\u00e7\u00e3o Capa Traseira Xiaomi Mi 9T Pro - GSM &amp; PC Solutions","isPartOf":{"@id":"https:\/\/www.gsmpcsolutions.lu\/pt-pt\/#website"},"primaryImageOfPage":{"@id":"https:\/\/www.gsmpcsolutions.lu\/pt-pt\/reparacoes-xiaomi-luxemburgo\/reparacoes-xiaomi-mi-series\/reparacoes-xiaomi-mi-9t-pro\/reparacao-capa-traseira-xiaomi-mi-9t-pro\/#primaryimage"},"image":{"@id":"https:\/\/www.gsmpcsolutions.lu\/pt-pt\/reparacoes-xiaomi-luxemburgo\/reparacoes-xiaomi-mi-series\/reparacoes-xiaomi-mi-9t-pro\/reparacao-capa-traseira-xiaomi-mi-9t-pro\/#primaryimage"},"thumbnailUrl":"https:\/\/www.gsmpcsolutions.lu\/wp-content\/uploads\/2023\/10\/BACK-HOUSING.png","datePublished":"2022-11-07T11:53:01+00:00","dateModified":"2024-05-03T08:20:26+00:00","description":"Repare a parte traseira do seu Xiaomi Mi 9T Pro connosco na GSM & PC Solutions. Substitui\u00e7\u00e3o de qualidade garantida. Visite-nos hoje!","breadcrumb":{"@id":"https:\/\/www.gsmpcsolutions.lu\/pt-pt\/reparacoes-xiaomi-luxemburgo\/reparacoes-xiaomi-mi-series\/reparacoes-xiaomi-mi-9t-pro\/reparacao-capa-traseira-xiaomi-mi-9t-pro\/#breadcrumb"},"inLanguage":"pt-PT","potentialAction":[{"@type":"ReadAction","target":["https:\/\/www.gsmpcsolutions.lu\/pt-pt\/reparacoes-xiaomi-luxemburgo\/reparacoes-xiaomi-mi-series\/reparacoes-xiaomi-mi-9t-pro\/reparacao-capa-traseira-xiaomi-mi-9t-pro\/"]}]},{"@type":"ImageObject","inLanguage":"pt-PT","@id":"https:\/\/www.gsmpcsolutions.lu\/pt-pt\/reparacoes-xiaomi-luxemburgo\/reparacoes-xiaomi-mi-series\/reparacoes-xiaomi-mi-9t-pro\/reparacao-capa-traseira-xiaomi-mi-9t-pro\/#primaryimage","url":"https:\/\/www.gsmpcsolutions.lu\/wp-content\/uploads\/2023\/10\/BACK-HOUSING.png","contentUrl":"https:\/\/www.gsmpcsolutions.lu\/wp-content\/uploads\/2023\/10\/BACK-HOUSING.png","width":500,"height":554},{"@type":"BreadcrumbList","@id":"https:\/\/www.gsmpcsolutions.lu\/pt-pt\/reparacoes-xiaomi-luxemburgo\/reparacoes-xiaomi-mi-series\/reparacoes-xiaomi-mi-9t-pro\/reparacao-capa-traseira-xiaomi-mi-9t-pro\/#breadcrumb","itemListElement":[{"@type":"ListItem","position":1,"name":"In\u00edcio","item":"https:\/\/www.gsmpcsolutions.lu\/pt-pt\/"},{"@type":"ListItem","position":2,"name":"Repara\u00e7\u00f5es","item":"https:\/\/www.gsmpcsolutions.lu\/magasin\/"},{"@type":"ListItem","position":3,"name":"Repara\u00e7\u00e3o Capa Traseira"}]},{"@type":"WebSite","@id":"https:\/\/www.gsmpcsolutions.lu\/pt-pt\/#website","url":"https:\/\/www.gsmpcsolutions.lu\/pt-pt\/","name":"GSM &amp; PC Solutions","description":"Repara\u00e7\u00e3o de iPhone, iPad, MacBook, Samsung, PC","publisher":{"@id":"https:\/\/www.gsmpcsolutions.lu\/pt-pt\/#organization"},"potentialAction":[{"@type":"SearchAction","target":{"@type":"EntryPoint","urlTemplate":"https:\/\/www.gsmpcsolutions.lu\/pt-pt\/?s={search_term_string}"},"query-input":{"@type":"PropertyValueSpecification","valueRequired":true,"valueName":"search_term_string"}}],"inLanguage":"pt-PT"},{"@type":"Organization","@id":"https:\/\/www.gsmpcsolutions.lu\/pt-pt\/#organization","name":"GSM &amp; PC Solutions","url":"https:\/\/www.gsmpcsolutions.lu\/pt-pt\/","logo":{"@type":"ImageObject","inLanguage":"pt-PT","@id":"https:\/\/www.gsmpcsolutions.lu\/pt-pt\/#\/schema\/logo\/image\/","url":"https:\/\/www.gsmpcsolutions.lu\/wp-content\/uploads\/2020\/11\/logo.svg","contentUrl":"https:\/\/www.gsmpcsolutions.lu\/wp-content\/uploads\/2020\/11\/logo.svg","width":"980","height":"650","caption":"GSM &amp; PC Solutions"},"image":{"@id":"https:\/\/www.gsmpcsolutions.lu\/pt-pt\/#\/schema\/logo\/image\/"},"sameAs":["https:\/\/www.facebook.com\/gsmpcsolutions","https:\/\/www.instagram.com\/gsmpcsolutions\/"]}]}},"_links":{"self":[{"href":"https:\/\/www.gsmpcsolutions.lu\/pt-pt\/wp-json\/wp\/v2\/product\/33439","targetHints":{"allow":["GET"]}}],"collection":[{"href":"https:\/\/www.gsmpcsolutions.lu\/pt-pt\/wp-json\/wp\/v2\/product"}],"about":[{"href":"https:\/\/www.gsmpcsolutions.lu\/pt-pt\/wp-json\/wp\/v2\/types\/product"}],"wp:featuredmedia":[{"embeddable":true,"href":"https:\/\/www.gsmpcsolutions.lu\/pt-pt\/wp-json\/wp\/v2\/media\/37882"}],"wp:attachment":[{"href":"https:\/\/www.gsmpcsolutions.lu\/pt-pt\/wp-json\/wp\/v2\/media?parent=33439"}],"wp:term":[{"taxonomy":"product-compatability","embeddable":true,"href":"https:\/\/www.gsmpcsolutions.lu\/pt-pt\/wp-json\/wp\/v2\/product-compatability?post=33439"},{"taxonomy":"product_cat","embeddable":true,"href":"https:\/\/www.gsmpcsolutions.lu\/pt-pt\/wp-json\/wp\/v2\/product_cat?post=33439"},{"taxonomy":"product_tag","embeddable":true,"href":"https:\/\/www.gsmpcsolutions.lu\/pt-pt\/wp-json\/wp\/v2\/product_tag?post=33439"}],"curies":[{"name":"wp","href":"https:\/\/api.w.org\/{rel}","templated":true}]}}