{"id":34377,"date":"2022-11-09T09:26:33","date_gmt":"2022-11-09T09:26:33","guid":{"rendered":"https:\/\/gsmpcsolutions.lu\/?post_type=product&#038;p=34377"},"modified":"2024-05-06T09:11:10","modified_gmt":"2024-05-06T09:11:10","slug":"reparacao-bateria-macbook-pro-13-2015-a1502","status":"publish","type":"product","link":"https:\/\/www.gsmpcsolutions.lu\/pt-pt\/reparacoes-apple\/reparacoes-macbook\/reparacoes-macbook-pro-retina-13-early-2015-a1502\/reparacao-bateria-macbook-pro-13-2015-a1502\/","title":{"rendered":"Repara\u00e7\u00e3o Bateria"},"content":{"rendered":"<div class=\"flex-1 overflow-hidden\">\n<div class=\"react-scroll-to-bottom--css-hqvch-79elbk h-full\">\n<div class=\"react-scroll-to-bottom--css-hqvch-1n7m0yu\">\n<div class=\"flex flex-col text-sm pb-9\">\n<div class=\"w-full text-token-text-primary\" dir=\"auto\" data-testid=\"conversation-turn-3\" data-scroll-anchor=\"true\">\n<div class=\"py-2 px-3 text-base md:px-4 m-auto md:px-5 lg:px-1 xl:px-5\">\n<div class=\"mx-auto flex flex-1 gap-3 text-base juice:gap-4 juice:md:gap-6 md:max-w-3xl lg:max-w-[40rem] xl:max-w-[48rem]\">\n<div class=\"relative flex w-full min-w-0 flex-col agent-turn\">\n<div class=\"flex-col gap-1 md:gap-3\">\n<div class=\"flex flex-grow flex-col max-w-full\">\n<div class=\"min-h-[20px] text-message flex flex-col items-start whitespace-pre-wrap break-words [.text-message+&amp;]:mt-5 overflow-x-auto gap-3\" dir=\"auto\" data-message-author-role=\"assistant\" data-message-id=\"f4a4982e-3649-48cb-bf6e-dda5c3e75d91\">\n<div class=\"markdown prose w-full break-words dark:prose-invert dark\">\n<p>Na GSM &amp; PC Solutions, com tr\u00eas lojas convenientemente localizadas em Strassen, Muhlenbach e Differdange no Luxemburgo, estamos aqui para garantir que o seu MacBook funcione de forma impec\u00e1vel. Afinal, sabemos o qu\u00e3o vital \u00e9 a dura\u00e7\u00e3o da bateria para a sua experi\u00eancia com o dispositivo.<\/p>\n<p>Voc\u00ea notou que o seu MacBook j\u00e1 n\u00e3o tem a mesma autonomia? Sabia que a bateria pode come\u00e7ar a inchar, causando problemas no funcionamento do trackpad e comprometendo o desempenho do seu dispositivo?<\/p>\n<p>N\u00e3o se preocupe, estamos aqui para ajudar. Na GSM &amp; PC Solutions, oferecemos diagn\u00f3sticos gratuitos para garantir que o seu MacBook volte a funcionar como novo. Nossos especialistas est\u00e3o prontos para identificar qualquer problema de bateria ou trackpad que esteja afetando o seu dispositivo.<\/p>\n<p>Afinal, acreditamos que uma boa dura\u00e7\u00e3o da bateria \u00e9 fundamental para que voc\u00ea aproveite ao m\u00e1ximo o seu equipamento. Portanto, n\u00e3o hesite em nos visitar para um diagn\u00f3stico gratuito e garantir que o seu MacBook volte a funcionar perfeitamente. Estamos aqui para ajudar voc\u00ea a manter-se conectado e produtivo.<\/p>\n<\/div>\n<\/div>\n<\/div>\n<div class=\"mt-1 flex gap-3 empty:hidden\">\n<div class=\"text-gray-400 flex self-end lg:self-center items-center justify-center lg:justify-start mt-0 -ml-1 h-7 gap-[2px] visible\">\n<div class=\"flex\"><\/div>\n<\/div>\n<\/div>\n<div class=\"pr-2 lg:pr-0\"><\/div>\n<\/div>\n<div class=\"absolute\">\n<div class=\"flex w-full gap-2 items-center justify-center\"><\/div>\n<\/div>\n<\/div>\n<\/div>\n<\/div>\n<\/div>\n<\/div>\n<\/div>\n<\/div>\n<\/div>\n<div class=\"w-full md:pt-0 dark:border-white\/20 md:border-transparent md:dark:border-transparent md:w-[calc(100%-.5rem)] juice:w-full\">\n<div class=\"px-3 text-base md:px-4 m-auto md:px-5 lg:px-1 xl:px-5\">\n<div class=\"mx-auto flex flex-1 gap-3 text-base juice:gap-4 juice:md:gap-6 md:max-w-3xl lg:max-w-[40rem] xl:max-w-[48rem]\">\n<form class=\"w-full\">\n<div class=\"relative flex h-full max-w-full flex-1 flex-col\">\n<div class=\"absolute bottom-full left-0 right-0\"><\/div>\n<div class=\"flex w-full items-center\"><\/div>\n<\/div>\n<\/form>\n<\/div>\n<\/div>\n<\/div>\n","protected":false},"excerpt":{"rendered":"<p>Na GSM &amp; PC Solutions, com tr\u00eas lojas convenientemente localizadas em Strassen, Muhlenbach e Differdange no Luxemburgo, estamos aqui para garantir que o seu MacBook funcione de forma impec\u00e1vel. Afinal, sabemos o qu\u00e3o vital \u00e9 a dura\u00e7\u00e3o da bateria para a sua experi\u00eancia com o dispositivo. Voc\u00ea notou que o seu MacBook j\u00e1 n\u00e3o tem [&hellip;]<\/p>\n","protected":false},"featured_media":37844,"template":"","meta":{"inline_featured_image":false},"product-compatability":[],"product_cat":[130163],"product_tag":[],"class_list":{"0":"post-34377","1":"product","2":"type-product","3":"status-publish","4":"has-post-thumbnail","6":"product_cat-reparacoes-macbook-pro-retina-13-early-2015-a1502","8":"first","9":"instock","10":"purchasable","11":"product-type-simple"},"yoast_head":"<!-- This site is optimized with the Yoast SEO plugin v25.9 - https:\/\/yoast.com\/wordpress\/plugins\/seo\/ -->\n<title>Repara\u00e7\u00e3o Bateria MacBook Pro 13&quot; 2015 A1502 - GSM &amp; PC Solutions<\/title>\n<meta name=\"description\" content=\"Otimize a dura\u00e7\u00e3o da bateria do seu MacBook Pro A1502 connosco! Testes e substitui\u00e7\u00f5es dispon\u00edveis para manter o desempenho de f\u00e1brica. Visite-nos agora!\" \/>\n<meta name=\"robots\" content=\"index, follow, max-snippet:-1, max-image-preview:large, max-video-preview:-1\" \/>\n<link rel=\"canonical\" href=\"https:\/\/www.gsmpcsolutions.lu\/pt-pt\/reparacoes-apple\/reparacoes-macbook\/reparacoes-macbook-pro-retina-13-early-2015-a1502\/reparacao-bateria-macbook-pro-13-2015-a1502\/\" \/>\n<meta property=\"og:locale\" content=\"pt_PT\" \/>\n<meta property=\"og:type\" content=\"article\" \/>\n<meta property=\"og:title\" content=\"Repara\u00e7\u00e3o Bateria MacBook Pro 13&quot; 2015 A1502 - GSM &amp; PC Solutions\" \/>\n<meta property=\"og:description\" content=\"Otimize a dura\u00e7\u00e3o da bateria do seu MacBook Pro A1502 connosco! Testes e substitui\u00e7\u00f5es dispon\u00edveis para manter o desempenho de f\u00e1brica. Visite-nos agora!\" \/>\n<meta property=\"og:url\" content=\"https:\/\/www.gsmpcsolutions.lu\/pt-pt\/reparacoes-apple\/reparacoes-macbook\/reparacoes-macbook-pro-retina-13-early-2015-a1502\/reparacao-bateria-macbook-pro-13-2015-a1502\/\" \/>\n<meta property=\"og:site_name\" content=\"GSM &amp; PC Solutions\" \/>\n<meta property=\"article:publisher\" content=\"https:\/\/www.facebook.com\/gsmpcsolutions\" \/>\n<meta property=\"article:modified_time\" content=\"2024-05-06T09:11:10+00:00\" \/>\n<meta property=\"og:image\" content=\"https:\/\/www.gsmpcsolutions.lu\/wp-content\/uploads\/2022\/11\/BATERIA-MAC.png\" \/>\n\t<meta property=\"og:image:width\" content=\"500\" \/>\n\t<meta property=\"og:image:height\" content=\"550\" \/>\n\t<meta property=\"og:image:type\" content=\"image\/png\" \/>\n<meta name=\"twitter:card\" content=\"summary_large_image\" \/>\n<meta name=\"twitter:label1\" content=\"Tempo estimado de leitura\" \/>\n\t<meta name=\"twitter:data1\" content=\"2 minutos\" \/>\n<!-- \/ Yoast SEO plugin. -->","yoast_head_json":{"title":"Repara\u00e7\u00e3o Bateria MacBook Pro 13\" 2015 A1502 - GSM &amp; PC Solutions","description":"Otimize a dura\u00e7\u00e3o da bateria do seu MacBook Pro A1502 connosco! Testes e substitui\u00e7\u00f5es dispon\u00edveis para manter o desempenho de f\u00e1brica. Visite-nos agora!","robots":{"index":"index","follow":"follow","max-snippet":"max-snippet:-1","max-image-preview":"max-image-preview:large","max-video-preview":"max-video-preview:-1"},"canonical":"https:\/\/www.gsmpcsolutions.lu\/pt-pt\/reparacoes-apple\/reparacoes-macbook\/reparacoes-macbook-pro-retina-13-early-2015-a1502\/reparacao-bateria-macbook-pro-13-2015-a1502\/","og_locale":"pt_PT","og_type":"article","og_title":"Repara\u00e7\u00e3o Bateria MacBook Pro 13\" 2015 A1502 - GSM &amp; PC Solutions","og_description":"Otimize a dura\u00e7\u00e3o da bateria do seu MacBook Pro A1502 connosco! Testes e substitui\u00e7\u00f5es dispon\u00edveis para manter o desempenho de f\u00e1brica. Visite-nos agora!","og_url":"https:\/\/www.gsmpcsolutions.lu\/pt-pt\/reparacoes-apple\/reparacoes-macbook\/reparacoes-macbook-pro-retina-13-early-2015-a1502\/reparacao-bateria-macbook-pro-13-2015-a1502\/","og_site_name":"GSM &amp; PC Solutions","article_publisher":"https:\/\/www.facebook.com\/gsmpcsolutions","article_modified_time":"2024-05-06T09:11:10+00:00","og_image":[{"width":500,"height":550,"url":"https:\/\/www.gsmpcsolutions.lu\/wp-content\/uploads\/2022\/11\/BATERIA-MAC.png","type":"image\/png"}],"twitter_card":"summary_large_image","twitter_misc":{"Tempo estimado de leitura":"2 minutos"},"schema":{"@context":"https:\/\/schema.org","@graph":[{"@type":"WebPage","@id":"https:\/\/www.gsmpcsolutions.lu\/pt-pt\/reparacoes-apple\/reparacoes-macbook\/reparacoes-macbook-pro-retina-13-early-2015-a1502\/reparacao-bateria-macbook-pro-13-2015-a1502\/","url":"https:\/\/www.gsmpcsolutions.lu\/pt-pt\/reparacoes-apple\/reparacoes-macbook\/reparacoes-macbook-pro-retina-13-early-2015-a1502\/reparacao-bateria-macbook-pro-13-2015-a1502\/","name":"Repara\u00e7\u00e3o Bateria MacBook Pro 13\" 2015 A1502 - GSM &amp; PC Solutions","isPartOf":{"@id":"https:\/\/www.gsmpcsolutions.lu\/pt-pt\/#website"},"primaryImageOfPage":{"@id":"https:\/\/www.gsmpcsolutions.lu\/pt-pt\/reparacoes-apple\/reparacoes-macbook\/reparacoes-macbook-pro-retina-13-early-2015-a1502\/reparacao-bateria-macbook-pro-13-2015-a1502\/#primaryimage"},"image":{"@id":"https:\/\/www.gsmpcsolutions.lu\/pt-pt\/reparacoes-apple\/reparacoes-macbook\/reparacoes-macbook-pro-retina-13-early-2015-a1502\/reparacao-bateria-macbook-pro-13-2015-a1502\/#primaryimage"},"thumbnailUrl":"https:\/\/www.gsmpcsolutions.lu\/wp-content\/uploads\/2022\/11\/BATERIA-MAC.png","datePublished":"2022-11-09T09:26:33+00:00","dateModified":"2024-05-06T09:11:10+00:00","description":"Otimize a dura\u00e7\u00e3o da bateria do seu MacBook Pro A1502 connosco! Testes e substitui\u00e7\u00f5es dispon\u00edveis para manter o desempenho de f\u00e1brica. Visite-nos agora!","breadcrumb":{"@id":"https:\/\/www.gsmpcsolutions.lu\/pt-pt\/reparacoes-apple\/reparacoes-macbook\/reparacoes-macbook-pro-retina-13-early-2015-a1502\/reparacao-bateria-macbook-pro-13-2015-a1502\/#breadcrumb"},"inLanguage":"pt-PT","potentialAction":[{"@type":"ReadAction","target":["https:\/\/www.gsmpcsolutions.lu\/pt-pt\/reparacoes-apple\/reparacoes-macbook\/reparacoes-macbook-pro-retina-13-early-2015-a1502\/reparacao-bateria-macbook-pro-13-2015-a1502\/"]}]},{"@type":"ImageObject","inLanguage":"pt-PT","@id":"https:\/\/www.gsmpcsolutions.lu\/pt-pt\/reparacoes-apple\/reparacoes-macbook\/reparacoes-macbook-pro-retina-13-early-2015-a1502\/reparacao-bateria-macbook-pro-13-2015-a1502\/#primaryimage","url":"https:\/\/www.gsmpcsolutions.lu\/wp-content\/uploads\/2022\/11\/BATERIA-MAC.png","contentUrl":"https:\/\/www.gsmpcsolutions.lu\/wp-content\/uploads\/2022\/11\/BATERIA-MAC.png","width":500,"height":550},{"@type":"BreadcrumbList","@id":"https:\/\/www.gsmpcsolutions.lu\/pt-pt\/reparacoes-apple\/reparacoes-macbook\/reparacoes-macbook-pro-retina-13-early-2015-a1502\/reparacao-bateria-macbook-pro-13-2015-a1502\/#breadcrumb","itemListElement":[{"@type":"ListItem","position":1,"name":"In\u00edcio","item":"https:\/\/www.gsmpcsolutions.lu\/pt-pt\/"},{"@type":"ListItem","position":2,"name":"Repara\u00e7\u00f5es","item":"https:\/\/www.gsmpcsolutions.lu\/magasin\/"},{"@type":"ListItem","position":3,"name":"Repara\u00e7\u00e3o Bateria"}]},{"@type":"WebSite","@id":"https:\/\/www.gsmpcsolutions.lu\/pt-pt\/#website","url":"https:\/\/www.gsmpcsolutions.lu\/pt-pt\/","name":"GSM &amp; PC Solutions","description":"Repara\u00e7\u00e3o de iPhone, iPad, MacBook, Samsung, PC","publisher":{"@id":"https:\/\/www.gsmpcsolutions.lu\/pt-pt\/#organization"},"potentialAction":[{"@type":"SearchAction","target":{"@type":"EntryPoint","urlTemplate":"https:\/\/www.gsmpcsolutions.lu\/pt-pt\/?s={search_term_string}"},"query-input":{"@type":"PropertyValueSpecification","valueRequired":true,"valueName":"search_term_string"}}],"inLanguage":"pt-PT"},{"@type":"Organization","@id":"https:\/\/www.gsmpcsolutions.lu\/pt-pt\/#organization","name":"GSM &amp; PC Solutions","url":"https:\/\/www.gsmpcsolutions.lu\/pt-pt\/","logo":{"@type":"ImageObject","inLanguage":"pt-PT","@id":"https:\/\/www.gsmpcsolutions.lu\/pt-pt\/#\/schema\/logo\/image\/","url":"https:\/\/www.gsmpcsolutions.lu\/wp-content\/uploads\/2020\/11\/logo.svg","contentUrl":"https:\/\/www.gsmpcsolutions.lu\/wp-content\/uploads\/2020\/11\/logo.svg","width":"980","height":"650","caption":"GSM &amp; PC Solutions"},"image":{"@id":"https:\/\/www.gsmpcsolutions.lu\/pt-pt\/#\/schema\/logo\/image\/"},"sameAs":["https:\/\/www.facebook.com\/gsmpcsolutions","https:\/\/www.instagram.com\/gsmpcsolutions\/"]}]}},"_links":{"self":[{"href":"https:\/\/www.gsmpcsolutions.lu\/pt-pt\/wp-json\/wp\/v2\/product\/34377","targetHints":{"allow":["GET"]}}],"collection":[{"href":"https:\/\/www.gsmpcsolutions.lu\/pt-pt\/wp-json\/wp\/v2\/product"}],"about":[{"href":"https:\/\/www.gsmpcsolutions.lu\/pt-pt\/wp-json\/wp\/v2\/types\/product"}],"wp:featuredmedia":[{"embeddable":true,"href":"https:\/\/www.gsmpcsolutions.lu\/pt-pt\/wp-json\/wp\/v2\/media\/37844"}],"wp:attachment":[{"href":"https:\/\/www.gsmpcsolutions.lu\/pt-pt\/wp-json\/wp\/v2\/media?parent=34377"}],"wp:term":[{"taxonomy":"product-compatability","embeddable":true,"href":"https:\/\/www.gsmpcsolutions.lu\/pt-pt\/wp-json\/wp\/v2\/product-compatability?post=34377"},{"taxonomy":"product_cat","embeddable":true,"href":"https:\/\/www.gsmpcsolutions.lu\/pt-pt\/wp-json\/wp\/v2\/product_cat?post=34377"},{"taxonomy":"product_tag","embeddable":true,"href":"https:\/\/www.gsmpcsolutions.lu\/pt-pt\/wp-json\/wp\/v2\/product_tag?post=34377"}],"curies":[{"name":"wp","href":"https:\/\/api.w.org\/{rel}","templated":true}]}}