{"id":34405,"date":"2022-11-08T09:39:32","date_gmt":"2022-11-08T09:39:32","guid":{"rendered":"https:\/\/gsmpcsolutions.lu\/?post_type=product&#038;p=34405"},"modified":"2024-04-08T10:17:46","modified_gmt":"2024-04-08T10:17:46","slug":"diagnostico-6","status":"publish","type":"product","link":"https:\/\/www.gsmpcsolutions.lu\/pt-pt\/reparacoes-apple\/reparacoes-macbook\/reparacoes-macbook-pro-retina-13-early-2015-a1502\/diagnostico-6\/","title":{"rendered":"Diagn\u00f3stico"},"content":{"rendered":"<div class=\"description\">\n<p>Est\u00e1 a ter problemas com o seu MacBook?<\/p>\n<p>N\u00e3o sabe bem qual o problema?<\/p>\n<p>A solu\u00e7\u00e3o \u00e9 simples.<\/p>\n<p>Or\u00e7amentamos e entramos em contacto consigo antes de efetuar qualquer repara\u00e7\u00e3o. Se nessa altura decidir n\u00e3o avan\u00e7ar com a repara\u00e7\u00e3o do seu MacBook, ser-lhe-\u00e1 entregue sem qualquer custo adicional (se a devolu\u00e7\u00e3o for feita por transportadora, ser-lhe-\u00e3o apenas cobrados os portes de envio).<\/p>\n<p>\u00c9 f\u00e1cil. N\u00e3o tem nada a perder.<\/p>\n<\/div>\n<p class=\"price\">Gratuito<\/p>\n","protected":false},"excerpt":{"rendered":"<p>Est\u00e1 a ter problemas com o seu MacBook? N\u00e3o sabe bem qual o problema? A solu\u00e7\u00e3o \u00e9 simples. Or\u00e7amentamos e entramos em contacto consigo antes de efetuar qualquer repara\u00e7\u00e3o. Se nessa altura decidir n\u00e3o avan\u00e7ar com a repara\u00e7\u00e3o do seu MacBook, ser-lhe-\u00e1 entregue sem qualquer custo adicional (se a devolu\u00e7\u00e3o for feita por transportadora, ser-lhe-\u00e3o [&hellip;]<\/p>\n","protected":false},"featured_media":37847,"template":"","meta":{"inline_featured_image":false},"product-compatability":[],"product_cat":[130163],"product_tag":[],"class_list":{"0":"post-34405","1":"product","2":"type-product","3":"status-publish","4":"has-post-thumbnail","6":"product_cat-reparacoes-macbook-pro-retina-13-early-2015-a1502","8":"first","9":"instock","10":"purchasable","11":"product-type-simple"},"yoast_head":"<!-- This site is optimized with the Yoast SEO plugin v25.9 - https:\/\/yoast.com\/wordpress\/plugins\/seo\/ -->\n<title>Diagn\u00f3stico - GSM &amp; PC Solutions<\/title>\n<meta name=\"robots\" content=\"index, follow, max-snippet:-1, max-image-preview:large, max-video-preview:-1\" \/>\n<link rel=\"canonical\" href=\"https:\/\/www.gsmpcsolutions.lu\/pt-pt\/reparacoes-apple\/reparacoes-macbook\/reparacoes-macbook-pro-retina-13-early-2015-a1502\/diagnostico-6\/\" \/>\n<meta property=\"og:locale\" content=\"pt_PT\" \/>\n<meta property=\"og:type\" content=\"article\" \/>\n<meta property=\"og:title\" content=\"Diagn\u00f3stico - GSM &amp; PC Solutions\" \/>\n<meta property=\"og:description\" content=\"Est\u00e1 a ter problemas com o seu MacBook? N\u00e3o sabe bem qual o problema? A solu\u00e7\u00e3o \u00e9 simples. Or\u00e7amentamos e entramos em contacto consigo antes de efetuar qualquer repara\u00e7\u00e3o. Se nessa altura decidir n\u00e3o avan\u00e7ar com a repara\u00e7\u00e3o do seu MacBook, ser-lhe-\u00e1 entregue sem qualquer custo adicional (se a devolu\u00e7\u00e3o for feita por transportadora, ser-lhe-\u00e3o [&hellip;]\" \/>\n<meta property=\"og:url\" content=\"https:\/\/www.gsmpcsolutions.lu\/pt-pt\/reparacoes-apple\/reparacoes-macbook\/reparacoes-macbook-pro-retina-13-early-2015-a1502\/diagnostico-6\/\" \/>\n<meta property=\"og:site_name\" content=\"GSM &amp; PC Solutions\" \/>\n<meta property=\"article:publisher\" content=\"https:\/\/www.facebook.com\/gsmpcsolutions\" \/>\n<meta property=\"article:modified_time\" content=\"2024-04-08T10:17:46+00:00\" \/>\n<meta property=\"og:image\" content=\"https:\/\/www.gsmpcsolutions.lu\/wp-content\/uploads\/2022\/11\/DIAGNOSTICO-MAC.png\" \/>\n\t<meta property=\"og:image:width\" content=\"500\" \/>\n\t<meta property=\"og:image:height\" content=\"550\" \/>\n\t<meta property=\"og:image:type\" content=\"image\/png\" \/>\n<meta name=\"twitter:card\" content=\"summary_large_image\" \/>\n<meta name=\"twitter:label1\" content=\"Tempo estimado de leitura\" \/>\n\t<meta name=\"twitter:data1\" content=\"1 minuto\" \/>\n<!-- \/ Yoast SEO plugin. -->","yoast_head_json":{"title":"Diagn\u00f3stico - GSM &amp; PC Solutions","robots":{"index":"index","follow":"follow","max-snippet":"max-snippet:-1","max-image-preview":"max-image-preview:large","max-video-preview":"max-video-preview:-1"},"canonical":"https:\/\/www.gsmpcsolutions.lu\/pt-pt\/reparacoes-apple\/reparacoes-macbook\/reparacoes-macbook-pro-retina-13-early-2015-a1502\/diagnostico-6\/","og_locale":"pt_PT","og_type":"article","og_title":"Diagn\u00f3stico - GSM &amp; PC Solutions","og_description":"Est\u00e1 a ter problemas com o seu MacBook? N\u00e3o sabe bem qual o problema? A solu\u00e7\u00e3o \u00e9 simples. Or\u00e7amentamos e entramos em contacto consigo antes de efetuar qualquer repara\u00e7\u00e3o. Se nessa altura decidir n\u00e3o avan\u00e7ar com a repara\u00e7\u00e3o do seu MacBook, ser-lhe-\u00e1 entregue sem qualquer custo adicional (se a devolu\u00e7\u00e3o for feita por transportadora, ser-lhe-\u00e3o [&hellip;]","og_url":"https:\/\/www.gsmpcsolutions.lu\/pt-pt\/reparacoes-apple\/reparacoes-macbook\/reparacoes-macbook-pro-retina-13-early-2015-a1502\/diagnostico-6\/","og_site_name":"GSM &amp; PC Solutions","article_publisher":"https:\/\/www.facebook.com\/gsmpcsolutions","article_modified_time":"2024-04-08T10:17:46+00:00","og_image":[{"width":500,"height":550,"url":"https:\/\/www.gsmpcsolutions.lu\/wp-content\/uploads\/2022\/11\/DIAGNOSTICO-MAC.png","type":"image\/png"}],"twitter_card":"summary_large_image","twitter_misc":{"Tempo estimado de leitura":"1 minuto"},"schema":{"@context":"https:\/\/schema.org","@graph":[{"@type":"WebPage","@id":"https:\/\/www.gsmpcsolutions.lu\/pt-pt\/reparacoes-apple\/reparacoes-macbook\/reparacoes-macbook-pro-retina-13-early-2015-a1502\/diagnostico-6\/","url":"https:\/\/www.gsmpcsolutions.lu\/pt-pt\/reparacoes-apple\/reparacoes-macbook\/reparacoes-macbook-pro-retina-13-early-2015-a1502\/diagnostico-6\/","name":"Diagn\u00f3stico - GSM &amp; PC Solutions","isPartOf":{"@id":"https:\/\/www.gsmpcsolutions.lu\/pt-pt\/#website"},"primaryImageOfPage":{"@id":"https:\/\/www.gsmpcsolutions.lu\/pt-pt\/reparacoes-apple\/reparacoes-macbook\/reparacoes-macbook-pro-retina-13-early-2015-a1502\/diagnostico-6\/#primaryimage"},"image":{"@id":"https:\/\/www.gsmpcsolutions.lu\/pt-pt\/reparacoes-apple\/reparacoes-macbook\/reparacoes-macbook-pro-retina-13-early-2015-a1502\/diagnostico-6\/#primaryimage"},"thumbnailUrl":"https:\/\/www.gsmpcsolutions.lu\/wp-content\/uploads\/2022\/11\/DIAGNOSTICO-MAC.png","datePublished":"2022-11-08T09:39:32+00:00","dateModified":"2024-04-08T10:17:46+00:00","breadcrumb":{"@id":"https:\/\/www.gsmpcsolutions.lu\/pt-pt\/reparacoes-apple\/reparacoes-macbook\/reparacoes-macbook-pro-retina-13-early-2015-a1502\/diagnostico-6\/#breadcrumb"},"inLanguage":"pt-PT","potentialAction":[{"@type":"ReadAction","target":["https:\/\/www.gsmpcsolutions.lu\/pt-pt\/reparacoes-apple\/reparacoes-macbook\/reparacoes-macbook-pro-retina-13-early-2015-a1502\/diagnostico-6\/"]}]},{"@type":"ImageObject","inLanguage":"pt-PT","@id":"https:\/\/www.gsmpcsolutions.lu\/pt-pt\/reparacoes-apple\/reparacoes-macbook\/reparacoes-macbook-pro-retina-13-early-2015-a1502\/diagnostico-6\/#primaryimage","url":"https:\/\/www.gsmpcsolutions.lu\/wp-content\/uploads\/2022\/11\/DIAGNOSTICO-MAC.png","contentUrl":"https:\/\/www.gsmpcsolutions.lu\/wp-content\/uploads\/2022\/11\/DIAGNOSTICO-MAC.png","width":500,"height":550},{"@type":"BreadcrumbList","@id":"https:\/\/www.gsmpcsolutions.lu\/pt-pt\/reparacoes-apple\/reparacoes-macbook\/reparacoes-macbook-pro-retina-13-early-2015-a1502\/diagnostico-6\/#breadcrumb","itemListElement":[{"@type":"ListItem","position":1,"name":"In\u00edcio","item":"https:\/\/www.gsmpcsolutions.lu\/pt-pt\/"},{"@type":"ListItem","position":2,"name":"Repara\u00e7\u00f5es","item":"https:\/\/www.gsmpcsolutions.lu\/magasin\/"},{"@type":"ListItem","position":3,"name":"Diagn\u00f3stico"}]},{"@type":"WebSite","@id":"https:\/\/www.gsmpcsolutions.lu\/pt-pt\/#website","url":"https:\/\/www.gsmpcsolutions.lu\/pt-pt\/","name":"GSM &amp; PC Solutions","description":"Repara\u00e7\u00e3o de iPhone, iPad, MacBook, Samsung, PC","publisher":{"@id":"https:\/\/www.gsmpcsolutions.lu\/pt-pt\/#organization"},"potentialAction":[{"@type":"SearchAction","target":{"@type":"EntryPoint","urlTemplate":"https:\/\/www.gsmpcsolutions.lu\/pt-pt\/?s={search_term_string}"},"query-input":{"@type":"PropertyValueSpecification","valueRequired":true,"valueName":"search_term_string"}}],"inLanguage":"pt-PT"},{"@type":"Organization","@id":"https:\/\/www.gsmpcsolutions.lu\/pt-pt\/#organization","name":"GSM &amp; PC Solutions","url":"https:\/\/www.gsmpcsolutions.lu\/pt-pt\/","logo":{"@type":"ImageObject","inLanguage":"pt-PT","@id":"https:\/\/www.gsmpcsolutions.lu\/pt-pt\/#\/schema\/logo\/image\/","url":"https:\/\/www.gsmpcsolutions.lu\/wp-content\/uploads\/2020\/11\/logo.svg","contentUrl":"https:\/\/www.gsmpcsolutions.lu\/wp-content\/uploads\/2020\/11\/logo.svg","width":"980","height":"650","caption":"GSM &amp; PC Solutions"},"image":{"@id":"https:\/\/www.gsmpcsolutions.lu\/pt-pt\/#\/schema\/logo\/image\/"},"sameAs":["https:\/\/www.facebook.com\/gsmpcsolutions","https:\/\/www.instagram.com\/gsmpcsolutions\/"]}]}},"_links":{"self":[{"href":"https:\/\/www.gsmpcsolutions.lu\/pt-pt\/wp-json\/wp\/v2\/product\/34405","targetHints":{"allow":["GET"]}}],"collection":[{"href":"https:\/\/www.gsmpcsolutions.lu\/pt-pt\/wp-json\/wp\/v2\/product"}],"about":[{"href":"https:\/\/www.gsmpcsolutions.lu\/pt-pt\/wp-json\/wp\/v2\/types\/product"}],"wp:featuredmedia":[{"embeddable":true,"href":"https:\/\/www.gsmpcsolutions.lu\/pt-pt\/wp-json\/wp\/v2\/media\/37847"}],"wp:attachment":[{"href":"https:\/\/www.gsmpcsolutions.lu\/pt-pt\/wp-json\/wp\/v2\/media?parent=34405"}],"wp:term":[{"taxonomy":"product-compatability","embeddable":true,"href":"https:\/\/www.gsmpcsolutions.lu\/pt-pt\/wp-json\/wp\/v2\/product-compatability?post=34405"},{"taxonomy":"product_cat","embeddable":true,"href":"https:\/\/www.gsmpcsolutions.lu\/pt-pt\/wp-json\/wp\/v2\/product_cat?post=34405"},{"taxonomy":"product_tag","embeddable":true,"href":"https:\/\/www.gsmpcsolutions.lu\/pt-pt\/wp-json\/wp\/v2\/product_tag?post=34405"}],"curies":[{"name":"wp","href":"https:\/\/api.w.org\/{rel}","templated":true}]}}