{"id":40150,"date":"2024-12-13T15:06:14","date_gmt":"2024-12-13T15:06:14","guid":{"rendered":"https:\/\/gsmpcsolutions.lu\/?post_type=product&#038;p=40150"},"modified":"2024-12-16T11:48:16","modified_gmt":"2024-12-16T11:48:16","slug":"porta-de-ligacao","status":"publish","type":"product","link":"https:\/\/www.gsmpcsolutions.lu\/pt-pt\/reparacoes-apple\/reparacoes-iphone-luxemburgo\/reparacoes-iphone-test\/reparacao-porta-de-ligacao\/porta-de-ligacao\/","title":{"rendered":"Porta de Liga\u00e7\u00e3o"},"content":{"rendered":"<p>A porta de liga\u00e7\u00e3o ou porta de carga \u00e9 uma das componentes mais suscet\u00edveis de avariar. O seu iPhone Test n\u00e3o recebe carga ou o cabo n\u00e3o encaixa devidamente no seu iPhone Test? Este diagn\u00f3stico \u00e9 efetuado na hora e muitas vezes o equipamento fica funcional apenas com uma limpeza que n\u00e3o tem qualquer custo. Caso a porta de liga\u00e7\u00e3o esteja danificada iremos proceder \u00e0 troca da pe\u00e7a por uma nova.<\/p>\n","protected":false},"excerpt":{"rendered":"<p>A porta de liga\u00e7\u00e3o ou porta de carga \u00e9 uma das componentes mais suscet\u00edveis de avariar. Caso a porta de liga\u00e7\u00e3o esteja danificada iremos proceder \u00e0 troca da pe\u00e7a por uma nova.<\/p>\n","protected":false},"featured_media":37976,"template":"","meta":{"inline_featured_image":false},"product-compatability":[],"product_cat":[131182],"product_tag":[],"class_list":{"0":"post-40150","1":"product","2":"type-product","3":"status-publish","4":"has-post-thumbnail","6":"product_cat-reparacao-porta-de-ligacao","8":"first","9":"instock","10":"purchasable","11":"product-type-simple"},"yoast_head":"<!-- This site is optimized with the Yoast SEO plugin v25.9 - https:\/\/yoast.com\/wordpress\/plugins\/seo\/ -->\n<title>Porta de Liga\u00e7\u00e3o iPhone 14 Pro Max - GSM &amp; PC Solutions<\/title>\n<meta name=\"description\" content=\"Detectou problemas na porta de carga do seu iPhone 14 Pro Max? Diagn\u00f3stico r\u00e1pido e substitui\u00e7\u00e3o na GSM &amp; PC Solutions. Visite-nos em uma das 3 lojas.\" \/>\n<meta name=\"robots\" content=\"noindex, follow\" \/>\n<meta property=\"og:locale\" content=\"pt_PT\" \/>\n<meta property=\"og:type\" content=\"article\" \/>\n<meta property=\"og:title\" content=\"Porta de Liga\u00e7\u00e3o iPhone 14 Pro Max - GSM &amp; PC Solutions\" \/>\n<meta property=\"og:description\" content=\"Detectou problemas na porta de carga do seu iPhone 14 Pro Max? Diagn\u00f3stico r\u00e1pido e substitui\u00e7\u00e3o na GSM &amp; PC Solutions. Visite-nos em uma das 3 lojas.\" \/>\n<meta property=\"og:url\" content=\"https:\/\/www.gsmpcsolutions.lu\/pt-pt\/reparacoes-apple\/reparacoes-iphone-luxemburgo\/reparacoes-iphone-test\/reparacao-porta-de-ligacao\/porta-de-ligacao\/\" \/>\n<meta property=\"og:site_name\" content=\"GSM &amp; PC Solutions\" \/>\n<meta property=\"article:publisher\" content=\"https:\/\/www.facebook.com\/gsmpcsolutions\" \/>\n<meta property=\"article:modified_time\" content=\"2024-12-16T11:48:16+00:00\" \/>\n<meta property=\"og:image\" content=\"https:\/\/www.gsmpcsolutions.lu\/wp-content\/uploads\/2023\/10\/CHARGING.png\" \/>\n\t<meta property=\"og:image:width\" content=\"500\" \/>\n\t<meta property=\"og:image:height\" content=\"554\" \/>\n\t<meta property=\"og:image:type\" content=\"image\/png\" \/>\n<meta name=\"twitter:card\" content=\"summary_large_image\" \/>\n<meta name=\"twitter:label1\" content=\"Tempo estimado de leitura\" \/>\n\t<meta name=\"twitter:data1\" content=\"1 minuto\" \/>\n<!-- \/ Yoast SEO plugin. -->","yoast_head_json":{"title":"Porta de Liga\u00e7\u00e3o iPhone 14 Pro Max - GSM &amp; PC Solutions","description":"Detectou problemas na porta de carga do seu iPhone 14 Pro Max? Diagn\u00f3stico r\u00e1pido e substitui\u00e7\u00e3o na GSM & PC Solutions. Visite-nos em uma das 3 lojas.","robots":{"index":"noindex","follow":"follow"},"og_locale":"pt_PT","og_type":"article","og_title":"Porta de Liga\u00e7\u00e3o iPhone 14 Pro Max - GSM &amp; PC Solutions","og_description":"Detectou problemas na porta de carga do seu iPhone 14 Pro Max? Diagn\u00f3stico r\u00e1pido e substitui\u00e7\u00e3o na GSM & PC Solutions. Visite-nos em uma das 3 lojas.","og_url":"https:\/\/www.gsmpcsolutions.lu\/pt-pt\/reparacoes-apple\/reparacoes-iphone-luxemburgo\/reparacoes-iphone-test\/reparacao-porta-de-ligacao\/porta-de-ligacao\/","og_site_name":"GSM &amp; PC Solutions","article_publisher":"https:\/\/www.facebook.com\/gsmpcsolutions","article_modified_time":"2024-12-16T11:48:16+00:00","og_image":[{"width":500,"height":554,"url":"https:\/\/www.gsmpcsolutions.lu\/wp-content\/uploads\/2023\/10\/CHARGING.png","type":"image\/png"}],"twitter_card":"summary_large_image","twitter_misc":{"Tempo estimado de leitura":"1 minuto"},"schema":{"@context":"https:\/\/schema.org","@graph":[{"@type":"WebPage","@id":"https:\/\/www.gsmpcsolutions.lu\/pt-pt\/reparacoes-apple\/reparacoes-iphone-luxemburgo\/reparacoes-iphone-test\/reparacao-porta-de-ligacao\/porta-de-ligacao\/","url":"https:\/\/www.gsmpcsolutions.lu\/pt-pt\/reparacoes-apple\/reparacoes-iphone-luxemburgo\/reparacoes-iphone-test\/reparacao-porta-de-ligacao\/porta-de-ligacao\/","name":"Porta de Liga\u00e7\u00e3o iPhone 14 Pro Max - GSM &amp; PC Solutions","isPartOf":{"@id":"https:\/\/www.gsmpcsolutions.lu\/pt-pt\/#website"},"primaryImageOfPage":{"@id":"https:\/\/www.gsmpcsolutions.lu\/pt-pt\/reparacoes-apple\/reparacoes-iphone-luxemburgo\/reparacoes-iphone-test\/reparacao-porta-de-ligacao\/porta-de-ligacao\/#primaryimage"},"image":{"@id":"https:\/\/www.gsmpcsolutions.lu\/pt-pt\/reparacoes-apple\/reparacoes-iphone-luxemburgo\/reparacoes-iphone-test\/reparacao-porta-de-ligacao\/porta-de-ligacao\/#primaryimage"},"thumbnailUrl":"https:\/\/www.gsmpcsolutions.lu\/wp-content\/uploads\/2023\/10\/CHARGING.png","datePublished":"2024-12-13T15:06:14+00:00","dateModified":"2024-12-16T11:48:16+00:00","description":"Detectou problemas na porta de carga do seu iPhone 14 Pro Max? Diagn\u00f3stico r\u00e1pido e substitui\u00e7\u00e3o na GSM & PC Solutions. Visite-nos em uma das 3 lojas.","breadcrumb":{"@id":"https:\/\/www.gsmpcsolutions.lu\/pt-pt\/reparacoes-apple\/reparacoes-iphone-luxemburgo\/reparacoes-iphone-test\/reparacao-porta-de-ligacao\/porta-de-ligacao\/#breadcrumb"},"inLanguage":"pt-PT","potentialAction":[{"@type":"ReadAction","target":["https:\/\/www.gsmpcsolutions.lu\/pt-pt\/reparacoes-apple\/reparacoes-iphone-luxemburgo\/reparacoes-iphone-test\/reparacao-porta-de-ligacao\/porta-de-ligacao\/"]}]},{"@type":"ImageObject","inLanguage":"pt-PT","@id":"https:\/\/www.gsmpcsolutions.lu\/pt-pt\/reparacoes-apple\/reparacoes-iphone-luxemburgo\/reparacoes-iphone-test\/reparacao-porta-de-ligacao\/porta-de-ligacao\/#primaryimage","url":"https:\/\/www.gsmpcsolutions.lu\/wp-content\/uploads\/2023\/10\/CHARGING.png","contentUrl":"https:\/\/www.gsmpcsolutions.lu\/wp-content\/uploads\/2023\/10\/CHARGING.png","width":500,"height":554},{"@type":"BreadcrumbList","@id":"https:\/\/www.gsmpcsolutions.lu\/pt-pt\/reparacoes-apple\/reparacoes-iphone-luxemburgo\/reparacoes-iphone-test\/reparacao-porta-de-ligacao\/porta-de-ligacao\/#breadcrumb","itemListElement":[{"@type":"ListItem","position":1,"name":"In\u00edcio","item":"https:\/\/www.gsmpcsolutions.lu\/pt-pt\/"},{"@type":"ListItem","position":2,"name":"Repara\u00e7\u00f5es","item":"https:\/\/www.gsmpcsolutions.lu\/magasin\/"},{"@type":"ListItem","position":3,"name":"Porta de Liga\u00e7\u00e3o"}]},{"@type":"WebSite","@id":"https:\/\/www.gsmpcsolutions.lu\/pt-pt\/#website","url":"https:\/\/www.gsmpcsolutions.lu\/pt-pt\/","name":"GSM &amp; PC Solutions","description":"Repara\u00e7\u00e3o de iPhone, iPad, MacBook, Samsung, PC","publisher":{"@id":"https:\/\/www.gsmpcsolutions.lu\/pt-pt\/#organization"},"potentialAction":[{"@type":"SearchAction","target":{"@type":"EntryPoint","urlTemplate":"https:\/\/www.gsmpcsolutions.lu\/pt-pt\/?s={search_term_string}"},"query-input":{"@type":"PropertyValueSpecification","valueRequired":true,"valueName":"search_term_string"}}],"inLanguage":"pt-PT"},{"@type":"Organization","@id":"https:\/\/www.gsmpcsolutions.lu\/pt-pt\/#organization","name":"GSM &amp; PC Solutions","url":"https:\/\/www.gsmpcsolutions.lu\/pt-pt\/","logo":{"@type":"ImageObject","inLanguage":"pt-PT","@id":"https:\/\/www.gsmpcsolutions.lu\/pt-pt\/#\/schema\/logo\/image\/","url":"https:\/\/www.gsmpcsolutions.lu\/wp-content\/uploads\/2020\/11\/logo.svg","contentUrl":"https:\/\/www.gsmpcsolutions.lu\/wp-content\/uploads\/2020\/11\/logo.svg","width":"980","height":"650","caption":"GSM &amp; PC Solutions"},"image":{"@id":"https:\/\/www.gsmpcsolutions.lu\/pt-pt\/#\/schema\/logo\/image\/"},"sameAs":["https:\/\/www.facebook.com\/gsmpcsolutions","https:\/\/www.instagram.com\/gsmpcsolutions\/"]}]}},"_links":{"self":[{"href":"https:\/\/www.gsmpcsolutions.lu\/pt-pt\/wp-json\/wp\/v2\/product\/40150","targetHints":{"allow":["GET"]}}],"collection":[{"href":"https:\/\/www.gsmpcsolutions.lu\/pt-pt\/wp-json\/wp\/v2\/product"}],"about":[{"href":"https:\/\/www.gsmpcsolutions.lu\/pt-pt\/wp-json\/wp\/v2\/types\/product"}],"wp:featuredmedia":[{"embeddable":true,"href":"https:\/\/www.gsmpcsolutions.lu\/pt-pt\/wp-json\/wp\/v2\/media\/37976"}],"wp:attachment":[{"href":"https:\/\/www.gsmpcsolutions.lu\/pt-pt\/wp-json\/wp\/v2\/media?parent=40150"}],"wp:term":[{"taxonomy":"product-compatability","embeddable":true,"href":"https:\/\/www.gsmpcsolutions.lu\/pt-pt\/wp-json\/wp\/v2\/product-compatability?post=40150"},{"taxonomy":"product_cat","embeddable":true,"href":"https:\/\/www.gsmpcsolutions.lu\/pt-pt\/wp-json\/wp\/v2\/product_cat?post=40150"},{"taxonomy":"product_tag","embeddable":true,"href":"https:\/\/www.gsmpcsolutions.lu\/pt-pt\/wp-json\/wp\/v2\/product_tag?post=40150"}],"curies":[{"name":"wp","href":"https:\/\/api.w.org\/{rel}","templated":true}]}}