{"id":41319,"date":"2025-03-27T17:37:24","date_gmt":"2025-03-27T17:37:24","guid":{"rendered":"https:\/\/www.gsmpcsolutions.lu\/?post_type=product&#038;p=41319"},"modified":"2025-03-27T17:38:59","modified_gmt":"2025-03-27T17:38:59","slug":"manutencao-22","status":"publish","type":"product","link":"https:\/\/www.gsmpcsolutions.lu\/pt-pt\/reparacoes-microsoft\/surface-book\/surface-book-3-15-inch\/manutencao-surface-book-3-15-inch\/manutencao-22\/","title":{"rendered":"Manuten\u00e7\u00e3o"},"content":{"rendered":"<p class=\"\" data-start=\"18\" data-end=\"856\">Com o tempo, os computadores tendem a ficar mais lentos devido ao ac\u00famulo de ficheiros tempor\u00e1rios, programas em segundo plano e fragmenta\u00e7\u00e3o do sistema. Al\u00e9m disso, a acumula\u00e7\u00e3o de poeira no interior do equipamento e a degrada\u00e7\u00e3o da pasta t\u00e9rmica podem causar aquecimento excessivo, afetando o desempenho e a durabilidade do dispositivo. Para garantir um funcionamento eficiente, realizamos uma manuten\u00e7\u00e3o completa no seu Surface, que inclui otimiza\u00e7\u00e3o do sistema com remo\u00e7\u00e3o de ficheiros desnecess\u00e1rios e melhoria do desempenho, limpeza interna completa para elimina\u00e7\u00e3o de poeira e preven\u00e7\u00e3o de sobreaquecimento, e substitui\u00e7\u00e3o da pasta t\u00e9rmica para melhorar a dissipa\u00e7\u00e3o do calor e a efici\u00eancia t\u00e9rmica. Com este servi\u00e7o, o seu Surface ter\u00e1 um desempenho otimizado, maior durabilidade e uma experi\u00eancia de utiliza\u00e7\u00e3o mais fluida.<\/p>\n<p class=\"\" data-start=\"858\" data-end=\"872\">\n","protected":false},"excerpt":{"rendered":"<p>Com o tempo, os computadores tendem a ficar mais lentos devido ao ac\u00famulo de ficheiros tempor\u00e1rios, programas em segundo plano e fragmenta\u00e7\u00e3o do sistema. Al\u00e9m disso, a acumula\u00e7\u00e3o de poeira no interior do equipamento e a degrada\u00e7\u00e3o da pasta t\u00e9rmica podem causar aquecimento excessivo, afetando o desempenho e a durabilidade do dispositivo. Para garantir um [&hellip;]<\/p>\n","protected":false},"featured_media":37847,"template":"","meta":{"inline_featured_image":false},"product-compatability":[],"product_cat":[131879],"product_tag":[],"class_list":{"0":"post-41319","1":"product","2":"type-product","3":"status-publish","4":"has-post-thumbnail","6":"product_cat-manutencao-surface-book-3-15-inch","8":"first","9":"instock","10":"purchasable","11":"product-type-simple"},"yoast_head":"<!-- This site is optimized with the Yoast SEO plugin v25.9 - https:\/\/yoast.com\/wordpress\/plugins\/seo\/ -->\n<title>Manuten\u00e7\u00e3o - GSM &amp; PC Solutions<\/title>\n<meta name=\"robots\" content=\"index, follow, max-snippet:-1, max-image-preview:large, max-video-preview:-1\" \/>\n<link rel=\"canonical\" href=\"https:\/\/www.gsmpcsolutions.lu\/pt-pt\/reparacoes-microsoft\/surface-book\/surface-book-3-15-inch\/manutencao-surface-book-3-15-inch\/manutencao-22\/\" \/>\n<meta property=\"og:locale\" content=\"pt_PT\" \/>\n<meta property=\"og:type\" content=\"article\" \/>\n<meta property=\"og:title\" content=\"Manuten\u00e7\u00e3o - GSM &amp; PC Solutions\" \/>\n<meta property=\"og:description\" content=\"Com o tempo, os computadores tendem a ficar mais lentos devido ao ac\u00famulo de ficheiros tempor\u00e1rios, programas em segundo plano e fragmenta\u00e7\u00e3o do sistema. Al\u00e9m disso, a acumula\u00e7\u00e3o de poeira no interior do equipamento e a degrada\u00e7\u00e3o da pasta t\u00e9rmica podem causar aquecimento excessivo, afetando o desempenho e a durabilidade do dispositivo. Para garantir um [&hellip;]\" \/>\n<meta property=\"og:url\" content=\"https:\/\/www.gsmpcsolutions.lu\/pt-pt\/reparacoes-microsoft\/surface-book\/surface-book-3-15-inch\/manutencao-surface-book-3-15-inch\/manutencao-22\/\" \/>\n<meta property=\"og:site_name\" content=\"GSM &amp; PC Solutions\" \/>\n<meta property=\"article:publisher\" content=\"https:\/\/www.facebook.com\/gsmpcsolutions\" \/>\n<meta property=\"article:modified_time\" content=\"2025-03-27T17:38:59+00:00\" \/>\n<meta property=\"og:image\" content=\"https:\/\/www.gsmpcsolutions.lu\/wp-content\/uploads\/2022\/11\/DIAGNOSTICO-MAC.png\" \/>\n\t<meta property=\"og:image:width\" content=\"500\" \/>\n\t<meta property=\"og:image:height\" content=\"550\" \/>\n\t<meta property=\"og:image:type\" content=\"image\/png\" \/>\n<meta name=\"twitter:card\" content=\"summary_large_image\" \/>\n<meta name=\"twitter:label1\" content=\"Tempo estimado de leitura\" \/>\n\t<meta name=\"twitter:data1\" content=\"1 minuto\" \/>\n<!-- \/ Yoast SEO plugin. -->","yoast_head_json":{"title":"Manuten\u00e7\u00e3o - GSM &amp; PC Solutions","robots":{"index":"index","follow":"follow","max-snippet":"max-snippet:-1","max-image-preview":"max-image-preview:large","max-video-preview":"max-video-preview:-1"},"canonical":"https:\/\/www.gsmpcsolutions.lu\/pt-pt\/reparacoes-microsoft\/surface-book\/surface-book-3-15-inch\/manutencao-surface-book-3-15-inch\/manutencao-22\/","og_locale":"pt_PT","og_type":"article","og_title":"Manuten\u00e7\u00e3o - GSM &amp; PC Solutions","og_description":"Com o tempo, os computadores tendem a ficar mais lentos devido ao ac\u00famulo de ficheiros tempor\u00e1rios, programas em segundo plano e fragmenta\u00e7\u00e3o do sistema. Al\u00e9m disso, a acumula\u00e7\u00e3o de poeira no interior do equipamento e a degrada\u00e7\u00e3o da pasta t\u00e9rmica podem causar aquecimento excessivo, afetando o desempenho e a durabilidade do dispositivo. Para garantir um [&hellip;]","og_url":"https:\/\/www.gsmpcsolutions.lu\/pt-pt\/reparacoes-microsoft\/surface-book\/surface-book-3-15-inch\/manutencao-surface-book-3-15-inch\/manutencao-22\/","og_site_name":"GSM &amp; PC Solutions","article_publisher":"https:\/\/www.facebook.com\/gsmpcsolutions","article_modified_time":"2025-03-27T17:38:59+00:00","og_image":[{"width":500,"height":550,"url":"https:\/\/www.gsmpcsolutions.lu\/wp-content\/uploads\/2022\/11\/DIAGNOSTICO-MAC.png","type":"image\/png"}],"twitter_card":"summary_large_image","twitter_misc":{"Tempo estimado de leitura":"1 minuto"},"schema":{"@context":"https:\/\/schema.org","@graph":[{"@type":"WebPage","@id":"https:\/\/www.gsmpcsolutions.lu\/pt-pt\/reparacoes-microsoft\/surface-book\/surface-book-3-15-inch\/manutencao-surface-book-3-15-inch\/manutencao-22\/","url":"https:\/\/www.gsmpcsolutions.lu\/pt-pt\/reparacoes-microsoft\/surface-book\/surface-book-3-15-inch\/manutencao-surface-book-3-15-inch\/manutencao-22\/","name":"Manuten\u00e7\u00e3o - GSM &amp; PC Solutions","isPartOf":{"@id":"https:\/\/www.gsmpcsolutions.lu\/pt-pt\/#website"},"primaryImageOfPage":{"@id":"https:\/\/www.gsmpcsolutions.lu\/pt-pt\/reparacoes-microsoft\/surface-book\/surface-book-3-15-inch\/manutencao-surface-book-3-15-inch\/manutencao-22\/#primaryimage"},"image":{"@id":"https:\/\/www.gsmpcsolutions.lu\/pt-pt\/reparacoes-microsoft\/surface-book\/surface-book-3-15-inch\/manutencao-surface-book-3-15-inch\/manutencao-22\/#primaryimage"},"thumbnailUrl":"https:\/\/www.gsmpcsolutions.lu\/wp-content\/uploads\/2022\/11\/DIAGNOSTICO-MAC.png","datePublished":"2025-03-27T17:37:24+00:00","dateModified":"2025-03-27T17:38:59+00:00","breadcrumb":{"@id":"https:\/\/www.gsmpcsolutions.lu\/pt-pt\/reparacoes-microsoft\/surface-book\/surface-book-3-15-inch\/manutencao-surface-book-3-15-inch\/manutencao-22\/#breadcrumb"},"inLanguage":"pt-PT","potentialAction":[{"@type":"ReadAction","target":["https:\/\/www.gsmpcsolutions.lu\/pt-pt\/reparacoes-microsoft\/surface-book\/surface-book-3-15-inch\/manutencao-surface-book-3-15-inch\/manutencao-22\/"]}]},{"@type":"ImageObject","inLanguage":"pt-PT","@id":"https:\/\/www.gsmpcsolutions.lu\/pt-pt\/reparacoes-microsoft\/surface-book\/surface-book-3-15-inch\/manutencao-surface-book-3-15-inch\/manutencao-22\/#primaryimage","url":"https:\/\/www.gsmpcsolutions.lu\/wp-content\/uploads\/2022\/11\/DIAGNOSTICO-MAC.png","contentUrl":"https:\/\/www.gsmpcsolutions.lu\/wp-content\/uploads\/2022\/11\/DIAGNOSTICO-MAC.png","width":500,"height":550},{"@type":"BreadcrumbList","@id":"https:\/\/www.gsmpcsolutions.lu\/pt-pt\/reparacoes-microsoft\/surface-book\/surface-book-3-15-inch\/manutencao-surface-book-3-15-inch\/manutencao-22\/#breadcrumb","itemListElement":[{"@type":"ListItem","position":1,"name":"In\u00edcio","item":"https:\/\/www.gsmpcsolutions.lu\/pt-pt\/"},{"@type":"ListItem","position":2,"name":"Repara\u00e7\u00f5es","item":"https:\/\/www.gsmpcsolutions.lu\/magasin\/"},{"@type":"ListItem","position":3,"name":"Manuten\u00e7\u00e3o"}]},{"@type":"WebSite","@id":"https:\/\/www.gsmpcsolutions.lu\/pt-pt\/#website","url":"https:\/\/www.gsmpcsolutions.lu\/pt-pt\/","name":"GSM &amp; PC Solutions","description":"Repara\u00e7\u00e3o de iPhone, iPad, MacBook, Samsung, PC","publisher":{"@id":"https:\/\/www.gsmpcsolutions.lu\/pt-pt\/#organization"},"potentialAction":[{"@type":"SearchAction","target":{"@type":"EntryPoint","urlTemplate":"https:\/\/www.gsmpcsolutions.lu\/pt-pt\/?s={search_term_string}"},"query-input":{"@type":"PropertyValueSpecification","valueRequired":true,"valueName":"search_term_string"}}],"inLanguage":"pt-PT"},{"@type":"Organization","@id":"https:\/\/www.gsmpcsolutions.lu\/pt-pt\/#organization","name":"GSM &amp; PC Solutions","url":"https:\/\/www.gsmpcsolutions.lu\/pt-pt\/","logo":{"@type":"ImageObject","inLanguage":"pt-PT","@id":"https:\/\/www.gsmpcsolutions.lu\/pt-pt\/#\/schema\/logo\/image\/","url":"https:\/\/www.gsmpcsolutions.lu\/wp-content\/uploads\/2020\/11\/logo.svg","contentUrl":"https:\/\/www.gsmpcsolutions.lu\/wp-content\/uploads\/2020\/11\/logo.svg","width":"980","height":"650","caption":"GSM &amp; PC Solutions"},"image":{"@id":"https:\/\/www.gsmpcsolutions.lu\/pt-pt\/#\/schema\/logo\/image\/"},"sameAs":["https:\/\/www.facebook.com\/gsmpcsolutions","https:\/\/www.instagram.com\/gsmpcsolutions\/"]}]}},"_links":{"self":[{"href":"https:\/\/www.gsmpcsolutions.lu\/pt-pt\/wp-json\/wp\/v2\/product\/41319","targetHints":{"allow":["GET"]}}],"collection":[{"href":"https:\/\/www.gsmpcsolutions.lu\/pt-pt\/wp-json\/wp\/v2\/product"}],"about":[{"href":"https:\/\/www.gsmpcsolutions.lu\/pt-pt\/wp-json\/wp\/v2\/types\/product"}],"wp:featuredmedia":[{"embeddable":true,"href":"https:\/\/www.gsmpcsolutions.lu\/pt-pt\/wp-json\/wp\/v2\/media\/37847"}],"wp:attachment":[{"href":"https:\/\/www.gsmpcsolutions.lu\/pt-pt\/wp-json\/wp\/v2\/media?parent=41319"}],"wp:term":[{"taxonomy":"product-compatability","embeddable":true,"href":"https:\/\/www.gsmpcsolutions.lu\/pt-pt\/wp-json\/wp\/v2\/product-compatability?post=41319"},{"taxonomy":"product_cat","embeddable":true,"href":"https:\/\/www.gsmpcsolutions.lu\/pt-pt\/wp-json\/wp\/v2\/product_cat?post=41319"},{"taxonomy":"product_tag","embeddable":true,"href":"https:\/\/www.gsmpcsolutions.lu\/pt-pt\/wp-json\/wp\/v2\/product_tag?post=41319"}],"curies":[{"name":"wp","href":"https:\/\/api.w.org\/{rel}","templated":true}]}}