{"id":41407,"date":"2025-03-27T20:04:22","date_gmt":"2025-03-27T20:04:22","guid":{"rendered":"https:\/\/www.gsmpcsolutions.lu\/?post_type=product&#038;p=41407"},"modified":"2025-03-27T20:04:51","modified_gmt":"2025-03-27T20:04:51","slug":"bateria-teclado-6","status":"publish","type":"product","link":"https:\/\/www.gsmpcsolutions.lu\/pt-pt\/reparacoes-microsoft\/surface-laptop\/reparacoes-surface-laptop-4\/bateria-teclado-pt-pt\/bateria-teclado-6\/","title":{"rendered":"Bateria Teclado"},"content":{"rendered":"<p class=\"\" data-start=\"18\" data-end=\"477\">Com o tempo, a bateria do teclado do Surface pode perder efici\u00eancia, resultando em menor autonomia e falhas de conex\u00e3o. Quando a bateria come\u00e7a a apresentar problemas, o desempenho do teclado pode ser comprometido, dificultando a utiliza\u00e7\u00e3o do dispositivo. Para restaurar a funcionalidade e garantir um desempenho fi\u00e1vel, realizamos a substitui\u00e7\u00e3o da bateria do teclado, utilizando componentes de qualidade para assegurar uma maior durabilidade e autonomia<\/p>\n","protected":false},"excerpt":{"rendered":"<p>Com o tempo, a bateria do teclado do Surface pode perder efici\u00eancia, resultando em menor autonomia e falhas de conex\u00e3o. Quando a bateria come\u00e7a a apresentar problemas, o desempenho do teclado pode ser comprometido, dificultando a utiliza\u00e7\u00e3o do dispositivo. Para restaurar a funcionalidade e garantir um desempenho fi\u00e1vel, realizamos a substitui\u00e7\u00e3o da bateria do teclado, [&hellip;]<\/p>\n","protected":false},"featured_media":37844,"template":"","meta":{"inline_featured_image":false},"product-compatability":[],"product_cat":[131988],"product_tag":[],"class_list":{"0":"post-41407","1":"product","2":"type-product","3":"status-publish","4":"has-post-thumbnail","6":"product_cat-bateria-teclado-pt-pt","8":"first","9":"instock","10":"purchasable","11":"product-type-simple"},"yoast_head":"<!-- This site is optimized with the Yoast SEO plugin v25.9 - https:\/\/yoast.com\/wordpress\/plugins\/seo\/ -->\n<title>Bateria Teclado - GSM &amp; PC Solutions<\/title>\n<meta name=\"robots\" content=\"index, follow, max-snippet:-1, max-image-preview:large, max-video-preview:-1\" \/>\n<link rel=\"canonical\" href=\"https:\/\/www.gsmpcsolutions.lu\/pt-pt\/reparacoes-microsoft\/surface-laptop\/reparacoes-surface-laptop-4\/bateria-teclado-pt-pt\/bateria-teclado-6\/\" \/>\n<meta property=\"og:locale\" content=\"pt_PT\" \/>\n<meta property=\"og:type\" content=\"article\" \/>\n<meta property=\"og:title\" content=\"Bateria Teclado - GSM &amp; PC Solutions\" \/>\n<meta property=\"og:description\" content=\"Com o tempo, a bateria do teclado do Surface pode perder efici\u00eancia, resultando em menor autonomia e falhas de conex\u00e3o. Quando a bateria come\u00e7a a apresentar problemas, o desempenho do teclado pode ser comprometido, dificultando a utiliza\u00e7\u00e3o do dispositivo. Para restaurar a funcionalidade e garantir um desempenho fi\u00e1vel, realizamos a substitui\u00e7\u00e3o da bateria do teclado, [&hellip;]\" \/>\n<meta property=\"og:url\" content=\"https:\/\/www.gsmpcsolutions.lu\/pt-pt\/reparacoes-microsoft\/surface-laptop\/reparacoes-surface-laptop-4\/bateria-teclado-pt-pt\/bateria-teclado-6\/\" \/>\n<meta property=\"og:site_name\" content=\"GSM &amp; PC Solutions\" \/>\n<meta property=\"article:publisher\" content=\"https:\/\/www.facebook.com\/gsmpcsolutions\" \/>\n<meta property=\"article:modified_time\" content=\"2025-03-27T20:04:51+00:00\" \/>\n<meta property=\"og:image\" content=\"https:\/\/www.gsmpcsolutions.lu\/wp-content\/uploads\/2022\/11\/BATERIA-MAC.png\" \/>\n\t<meta property=\"og:image:width\" content=\"500\" \/>\n\t<meta property=\"og:image:height\" content=\"550\" \/>\n\t<meta property=\"og:image:type\" content=\"image\/png\" \/>\n<meta name=\"twitter:card\" content=\"summary_large_image\" \/>\n<meta name=\"twitter:label1\" content=\"Tempo estimado de leitura\" \/>\n\t<meta name=\"twitter:data1\" content=\"1 minuto\" \/>\n<!-- \/ Yoast SEO plugin. -->","yoast_head_json":{"title":"Bateria Teclado - GSM &amp; PC Solutions","robots":{"index":"index","follow":"follow","max-snippet":"max-snippet:-1","max-image-preview":"max-image-preview:large","max-video-preview":"max-video-preview:-1"},"canonical":"https:\/\/www.gsmpcsolutions.lu\/pt-pt\/reparacoes-microsoft\/surface-laptop\/reparacoes-surface-laptop-4\/bateria-teclado-pt-pt\/bateria-teclado-6\/","og_locale":"pt_PT","og_type":"article","og_title":"Bateria Teclado - GSM &amp; PC Solutions","og_description":"Com o tempo, a bateria do teclado do Surface pode perder efici\u00eancia, resultando em menor autonomia e falhas de conex\u00e3o. Quando a bateria come\u00e7a a apresentar problemas, o desempenho do teclado pode ser comprometido, dificultando a utiliza\u00e7\u00e3o do dispositivo. Para restaurar a funcionalidade e garantir um desempenho fi\u00e1vel, realizamos a substitui\u00e7\u00e3o da bateria do teclado, [&hellip;]","og_url":"https:\/\/www.gsmpcsolutions.lu\/pt-pt\/reparacoes-microsoft\/surface-laptop\/reparacoes-surface-laptop-4\/bateria-teclado-pt-pt\/bateria-teclado-6\/","og_site_name":"GSM &amp; PC Solutions","article_publisher":"https:\/\/www.facebook.com\/gsmpcsolutions","article_modified_time":"2025-03-27T20:04:51+00:00","og_image":[{"width":500,"height":550,"url":"https:\/\/www.gsmpcsolutions.lu\/wp-content\/uploads\/2022\/11\/BATERIA-MAC.png","type":"image\/png"}],"twitter_card":"summary_large_image","twitter_misc":{"Tempo estimado de leitura":"1 minuto"},"schema":{"@context":"https:\/\/schema.org","@graph":[{"@type":"WebPage","@id":"https:\/\/www.gsmpcsolutions.lu\/pt-pt\/reparacoes-microsoft\/surface-laptop\/reparacoes-surface-laptop-4\/bateria-teclado-pt-pt\/bateria-teclado-6\/","url":"https:\/\/www.gsmpcsolutions.lu\/pt-pt\/reparacoes-microsoft\/surface-laptop\/reparacoes-surface-laptop-4\/bateria-teclado-pt-pt\/bateria-teclado-6\/","name":"Bateria Teclado - GSM &amp; PC Solutions","isPartOf":{"@id":"https:\/\/www.gsmpcsolutions.lu\/pt-pt\/#website"},"primaryImageOfPage":{"@id":"https:\/\/www.gsmpcsolutions.lu\/pt-pt\/reparacoes-microsoft\/surface-laptop\/reparacoes-surface-laptop-4\/bateria-teclado-pt-pt\/bateria-teclado-6\/#primaryimage"},"image":{"@id":"https:\/\/www.gsmpcsolutions.lu\/pt-pt\/reparacoes-microsoft\/surface-laptop\/reparacoes-surface-laptop-4\/bateria-teclado-pt-pt\/bateria-teclado-6\/#primaryimage"},"thumbnailUrl":"https:\/\/www.gsmpcsolutions.lu\/wp-content\/uploads\/2022\/11\/BATERIA-MAC.png","datePublished":"2025-03-27T20:04:22+00:00","dateModified":"2025-03-27T20:04:51+00:00","breadcrumb":{"@id":"https:\/\/www.gsmpcsolutions.lu\/pt-pt\/reparacoes-microsoft\/surface-laptop\/reparacoes-surface-laptop-4\/bateria-teclado-pt-pt\/bateria-teclado-6\/#breadcrumb"},"inLanguage":"pt-PT","potentialAction":[{"@type":"ReadAction","target":["https:\/\/www.gsmpcsolutions.lu\/pt-pt\/reparacoes-microsoft\/surface-laptop\/reparacoes-surface-laptop-4\/bateria-teclado-pt-pt\/bateria-teclado-6\/"]}]},{"@type":"ImageObject","inLanguage":"pt-PT","@id":"https:\/\/www.gsmpcsolutions.lu\/pt-pt\/reparacoes-microsoft\/surface-laptop\/reparacoes-surface-laptop-4\/bateria-teclado-pt-pt\/bateria-teclado-6\/#primaryimage","url":"https:\/\/www.gsmpcsolutions.lu\/wp-content\/uploads\/2022\/11\/BATERIA-MAC.png","contentUrl":"https:\/\/www.gsmpcsolutions.lu\/wp-content\/uploads\/2022\/11\/BATERIA-MAC.png","width":500,"height":550},{"@type":"BreadcrumbList","@id":"https:\/\/www.gsmpcsolutions.lu\/pt-pt\/reparacoes-microsoft\/surface-laptop\/reparacoes-surface-laptop-4\/bateria-teclado-pt-pt\/bateria-teclado-6\/#breadcrumb","itemListElement":[{"@type":"ListItem","position":1,"name":"In\u00edcio","item":"https:\/\/www.gsmpcsolutions.lu\/pt-pt\/"},{"@type":"ListItem","position":2,"name":"Repara\u00e7\u00f5es","item":"https:\/\/www.gsmpcsolutions.lu\/magasin\/"},{"@type":"ListItem","position":3,"name":"Bateria Teclado"}]},{"@type":"WebSite","@id":"https:\/\/www.gsmpcsolutions.lu\/pt-pt\/#website","url":"https:\/\/www.gsmpcsolutions.lu\/pt-pt\/","name":"GSM &amp; PC Solutions","description":"Repara\u00e7\u00e3o de iPhone, iPad, MacBook, Samsung, PC","publisher":{"@id":"https:\/\/www.gsmpcsolutions.lu\/pt-pt\/#organization"},"potentialAction":[{"@type":"SearchAction","target":{"@type":"EntryPoint","urlTemplate":"https:\/\/www.gsmpcsolutions.lu\/pt-pt\/?s={search_term_string}"},"query-input":{"@type":"PropertyValueSpecification","valueRequired":true,"valueName":"search_term_string"}}],"inLanguage":"pt-PT"},{"@type":"Organization","@id":"https:\/\/www.gsmpcsolutions.lu\/pt-pt\/#organization","name":"GSM &amp; PC Solutions","url":"https:\/\/www.gsmpcsolutions.lu\/pt-pt\/","logo":{"@type":"ImageObject","inLanguage":"pt-PT","@id":"https:\/\/www.gsmpcsolutions.lu\/pt-pt\/#\/schema\/logo\/image\/","url":"https:\/\/www.gsmpcsolutions.lu\/wp-content\/uploads\/2020\/11\/logo.svg","contentUrl":"https:\/\/www.gsmpcsolutions.lu\/wp-content\/uploads\/2020\/11\/logo.svg","width":"980","height":"650","caption":"GSM &amp; PC Solutions"},"image":{"@id":"https:\/\/www.gsmpcsolutions.lu\/pt-pt\/#\/schema\/logo\/image\/"},"sameAs":["https:\/\/www.facebook.com\/gsmpcsolutions","https:\/\/www.instagram.com\/gsmpcsolutions\/"]}]}},"_links":{"self":[{"href":"https:\/\/www.gsmpcsolutions.lu\/pt-pt\/wp-json\/wp\/v2\/product\/41407","targetHints":{"allow":["GET"]}}],"collection":[{"href":"https:\/\/www.gsmpcsolutions.lu\/pt-pt\/wp-json\/wp\/v2\/product"}],"about":[{"href":"https:\/\/www.gsmpcsolutions.lu\/pt-pt\/wp-json\/wp\/v2\/types\/product"}],"wp:featuredmedia":[{"embeddable":true,"href":"https:\/\/www.gsmpcsolutions.lu\/pt-pt\/wp-json\/wp\/v2\/media\/37844"}],"wp:attachment":[{"href":"https:\/\/www.gsmpcsolutions.lu\/pt-pt\/wp-json\/wp\/v2\/media?parent=41407"}],"wp:term":[{"taxonomy":"product-compatability","embeddable":true,"href":"https:\/\/www.gsmpcsolutions.lu\/pt-pt\/wp-json\/wp\/v2\/product-compatability?post=41407"},{"taxonomy":"product_cat","embeddable":true,"href":"https:\/\/www.gsmpcsolutions.lu\/pt-pt\/wp-json\/wp\/v2\/product_cat?post=41407"},{"taxonomy":"product_tag","embeddable":true,"href":"https:\/\/www.gsmpcsolutions.lu\/pt-pt\/wp-json\/wp\/v2\/product_tag?post=41407"}],"curies":[{"name":"wp","href":"https:\/\/api.w.org\/{rel}","templated":true}]}}