{"id":42042,"date":"2025-04-30T14:33:56","date_gmt":"2025-04-30T14:33:54","guid":{"rendered":"https:\/\/www.gsmpcsolutions.lu\/?post_type=product&#038;p=42042"},"modified":"2025-04-30T14:40:37","modified_gmt":"2025-04-30T14:40:37","slug":"altifalante-6","status":"publish","type":"product","link":"https:\/\/www.gsmpcsolutions.lu\/pt-pt\/reparacoes-apple\/reparacoes-iphone-luxemburgo\/reparacoes-iphone-11-pro-max\/reparacao-altifalante-pt-pt-15\/altifalante-6\/","title":{"rendered":"Altifalante"},"content":{"rendered":"<p class=\"p1\">A coluna de som do iPhone pode estar danificada ao apresentar problemas como som distorcido, aus\u00eancia de som, ou som demasiado baixo. Existem tamb\u00e9m muitos casos de redes com demasiada sujidade ou presen\u00e7a de l\u00edquidos que apenas necessitam de ser substitu\u00eddas.<\/p>\n","protected":false},"excerpt":{"rendered":"<p>A coluna de som do iPhone pode estar danificada ao apresentar problemas como som distorcido, aus\u00eancia de som, ou som demasiado baixo. Existem tamb\u00e9m muitos casos de redes com demasiada sujidade ou presen\u00e7a de l\u00edquidos que apenas necessitam de ser substitu\u00eddas.<\/p>\n","protected":false},"featured_media":37870,"template":"","meta":{"inline_featured_image":false},"product-compatability":[],"product_cat":[132467],"product_tag":[],"class_list":{"0":"post-42042","1":"product","2":"type-product","3":"status-publish","4":"has-post-thumbnail","6":"product_cat-reparacao-altifalante-pt-pt-15","8":"first","9":"instock","10":"purchasable","11":"product-type-simple"},"yoast_head":"<!-- This site is optimized with the Yoast SEO plugin v25.9 - https:\/\/yoast.com\/wordpress\/plugins\/seo\/ -->\n<title>Altifalante iPhone - GSM &amp; PC Solutions<\/title>\n<meta name=\"robots\" content=\"index, follow, max-snippet:-1, max-image-preview:large, max-video-preview:-1\" \/>\n<link rel=\"canonical\" href=\"https:\/\/www.gsmpcsolutions.lu\/pt-pt\/reparacoes-apple\/reparacoes-iphone-luxemburgo\/reparacoes-iphone-11-pro-max\/reparacao-altifalante-pt-pt-15\/altifalante-6\/\" \/>\n<meta property=\"og:locale\" content=\"pt_PT\" \/>\n<meta property=\"og:type\" content=\"article\" \/>\n<meta property=\"og:title\" content=\"Altifalante iPhone - GSM &amp; PC Solutions\" \/>\n<meta property=\"og:description\" content=\"A coluna de som do iPhone pode estar danificada ao apresentar problemas como som distorcido, aus\u00eancia de som, ou som demasiado baixo. Existem tamb\u00e9m muitos casos de redes com demasiada sujidade ou presen\u00e7a de l\u00edquidos que apenas necessitam de ser substitu\u00eddas.\" \/>\n<meta property=\"og:url\" content=\"https:\/\/www.gsmpcsolutions.lu\/pt-pt\/reparacoes-apple\/reparacoes-iphone-luxemburgo\/reparacoes-iphone-11-pro-max\/reparacao-altifalante-pt-pt-15\/altifalante-6\/\" \/>\n<meta property=\"og:site_name\" content=\"GSM &amp; PC Solutions\" \/>\n<meta property=\"article:publisher\" content=\"https:\/\/www.facebook.com\/gsmpcsolutions\" \/>\n<meta property=\"article:modified_time\" content=\"2025-04-30T14:40:37+00:00\" \/>\n<meta property=\"og:image\" content=\"https:\/\/www.gsmpcsolutions.lu\/wp-content\/uploads\/2022\/10\/loudspeaker.png\" \/>\n\t<meta property=\"og:image:width\" content=\"500\" \/>\n\t<meta property=\"og:image:height\" content=\"554\" \/>\n\t<meta property=\"og:image:type\" content=\"image\/png\" \/>\n<meta name=\"twitter:card\" content=\"summary_large_image\" \/>\n<meta name=\"twitter:label1\" content=\"Tempo estimado de leitura\" \/>\n\t<meta name=\"twitter:data1\" content=\"1 minuto\" \/>\n<!-- \/ Yoast SEO plugin. -->","yoast_head_json":{"title":"Altifalante iPhone - GSM &amp; PC Solutions","robots":{"index":"index","follow":"follow","max-snippet":"max-snippet:-1","max-image-preview":"max-image-preview:large","max-video-preview":"max-video-preview:-1"},"canonical":"https:\/\/www.gsmpcsolutions.lu\/pt-pt\/reparacoes-apple\/reparacoes-iphone-luxemburgo\/reparacoes-iphone-11-pro-max\/reparacao-altifalante-pt-pt-15\/altifalante-6\/","og_locale":"pt_PT","og_type":"article","og_title":"Altifalante iPhone - GSM &amp; PC Solutions","og_description":"A coluna de som do iPhone pode estar danificada ao apresentar problemas como som distorcido, aus\u00eancia de som, ou som demasiado baixo. Existem tamb\u00e9m muitos casos de redes com demasiada sujidade ou presen\u00e7a de l\u00edquidos que apenas necessitam de ser substitu\u00eddas.","og_url":"https:\/\/www.gsmpcsolutions.lu\/pt-pt\/reparacoes-apple\/reparacoes-iphone-luxemburgo\/reparacoes-iphone-11-pro-max\/reparacao-altifalante-pt-pt-15\/altifalante-6\/","og_site_name":"GSM &amp; PC Solutions","article_publisher":"https:\/\/www.facebook.com\/gsmpcsolutions","article_modified_time":"2025-04-30T14:40:37+00:00","og_image":[{"width":500,"height":554,"url":"https:\/\/www.gsmpcsolutions.lu\/wp-content\/uploads\/2022\/10\/loudspeaker.png","type":"image\/png"}],"twitter_card":"summary_large_image","twitter_misc":{"Tempo estimado de leitura":"1 minuto"},"schema":{"@context":"https:\/\/schema.org","@graph":[{"@type":"WebPage","@id":"https:\/\/www.gsmpcsolutions.lu\/pt-pt\/reparacoes-apple\/reparacoes-iphone-luxemburgo\/reparacoes-iphone-11-pro-max\/reparacao-altifalante-pt-pt-15\/altifalante-6\/","url":"https:\/\/www.gsmpcsolutions.lu\/pt-pt\/reparacoes-apple\/reparacoes-iphone-luxemburgo\/reparacoes-iphone-11-pro-max\/reparacao-altifalante-pt-pt-15\/altifalante-6\/","name":"Altifalante iPhone - GSM &amp; PC Solutions","isPartOf":{"@id":"https:\/\/www.gsmpcsolutions.lu\/pt-pt\/#website"},"primaryImageOfPage":{"@id":"https:\/\/www.gsmpcsolutions.lu\/pt-pt\/reparacoes-apple\/reparacoes-iphone-luxemburgo\/reparacoes-iphone-11-pro-max\/reparacao-altifalante-pt-pt-15\/altifalante-6\/#primaryimage"},"image":{"@id":"https:\/\/www.gsmpcsolutions.lu\/pt-pt\/reparacoes-apple\/reparacoes-iphone-luxemburgo\/reparacoes-iphone-11-pro-max\/reparacao-altifalante-pt-pt-15\/altifalante-6\/#primaryimage"},"thumbnailUrl":"https:\/\/www.gsmpcsolutions.lu\/wp-content\/uploads\/2022\/10\/loudspeaker.png","datePublished":"2025-04-30T14:33:54+00:00","dateModified":"2025-04-30T14:40:37+00:00","breadcrumb":{"@id":"https:\/\/www.gsmpcsolutions.lu\/pt-pt\/reparacoes-apple\/reparacoes-iphone-luxemburgo\/reparacoes-iphone-11-pro-max\/reparacao-altifalante-pt-pt-15\/altifalante-6\/#breadcrumb"},"inLanguage":"pt-PT","potentialAction":[{"@type":"ReadAction","target":["https:\/\/www.gsmpcsolutions.lu\/pt-pt\/reparacoes-apple\/reparacoes-iphone-luxemburgo\/reparacoes-iphone-11-pro-max\/reparacao-altifalante-pt-pt-15\/altifalante-6\/"]}]},{"@type":"ImageObject","inLanguage":"pt-PT","@id":"https:\/\/www.gsmpcsolutions.lu\/pt-pt\/reparacoes-apple\/reparacoes-iphone-luxemburgo\/reparacoes-iphone-11-pro-max\/reparacao-altifalante-pt-pt-15\/altifalante-6\/#primaryimage","url":"https:\/\/www.gsmpcsolutions.lu\/wp-content\/uploads\/2022\/10\/loudspeaker.png","contentUrl":"https:\/\/www.gsmpcsolutions.lu\/wp-content\/uploads\/2022\/10\/loudspeaker.png","width":500,"height":554},{"@type":"BreadcrumbList","@id":"https:\/\/www.gsmpcsolutions.lu\/pt-pt\/reparacoes-apple\/reparacoes-iphone-luxemburgo\/reparacoes-iphone-11-pro-max\/reparacao-altifalante-pt-pt-15\/altifalante-6\/#breadcrumb","itemListElement":[{"@type":"ListItem","position":1,"name":"In\u00edcio","item":"https:\/\/www.gsmpcsolutions.lu\/pt-pt\/"},{"@type":"ListItem","position":2,"name":"Repara\u00e7\u00f5es","item":"https:\/\/www.gsmpcsolutions.lu\/magasin\/"},{"@type":"ListItem","position":3,"name":"Altifalante"}]},{"@type":"WebSite","@id":"https:\/\/www.gsmpcsolutions.lu\/pt-pt\/#website","url":"https:\/\/www.gsmpcsolutions.lu\/pt-pt\/","name":"GSM &amp; PC Solutions","description":"Repara\u00e7\u00e3o de iPhone, iPad, MacBook, Samsung, PC","publisher":{"@id":"https:\/\/www.gsmpcsolutions.lu\/pt-pt\/#organization"},"potentialAction":[{"@type":"SearchAction","target":{"@type":"EntryPoint","urlTemplate":"https:\/\/www.gsmpcsolutions.lu\/pt-pt\/?s={search_term_string}"},"query-input":{"@type":"PropertyValueSpecification","valueRequired":true,"valueName":"search_term_string"}}],"inLanguage":"pt-PT"},{"@type":"Organization","@id":"https:\/\/www.gsmpcsolutions.lu\/pt-pt\/#organization","name":"GSM &amp; PC Solutions","url":"https:\/\/www.gsmpcsolutions.lu\/pt-pt\/","logo":{"@type":"ImageObject","inLanguage":"pt-PT","@id":"https:\/\/www.gsmpcsolutions.lu\/pt-pt\/#\/schema\/logo\/image\/","url":"https:\/\/www.gsmpcsolutions.lu\/wp-content\/uploads\/2020\/11\/logo.svg","contentUrl":"https:\/\/www.gsmpcsolutions.lu\/wp-content\/uploads\/2020\/11\/logo.svg","width":"980","height":"650","caption":"GSM &amp; PC Solutions"},"image":{"@id":"https:\/\/www.gsmpcsolutions.lu\/pt-pt\/#\/schema\/logo\/image\/"},"sameAs":["https:\/\/www.facebook.com\/gsmpcsolutions","https:\/\/www.instagram.com\/gsmpcsolutions\/"]}]}},"_links":{"self":[{"href":"https:\/\/www.gsmpcsolutions.lu\/pt-pt\/wp-json\/wp\/v2\/product\/42042","targetHints":{"allow":["GET"]}}],"collection":[{"href":"https:\/\/www.gsmpcsolutions.lu\/pt-pt\/wp-json\/wp\/v2\/product"}],"about":[{"href":"https:\/\/www.gsmpcsolutions.lu\/pt-pt\/wp-json\/wp\/v2\/types\/product"}],"wp:featuredmedia":[{"embeddable":true,"href":"https:\/\/www.gsmpcsolutions.lu\/pt-pt\/wp-json\/wp\/v2\/media\/37870"}],"wp:attachment":[{"href":"https:\/\/www.gsmpcsolutions.lu\/pt-pt\/wp-json\/wp\/v2\/media?parent=42042"}],"wp:term":[{"taxonomy":"product-compatability","embeddable":true,"href":"https:\/\/www.gsmpcsolutions.lu\/pt-pt\/wp-json\/wp\/v2\/product-compatability?post=42042"},{"taxonomy":"product_cat","embeddable":true,"href":"https:\/\/www.gsmpcsolutions.lu\/pt-pt\/wp-json\/wp\/v2\/product_cat?post=42042"},{"taxonomy":"product_tag","embeddable":true,"href":"https:\/\/www.gsmpcsolutions.lu\/pt-pt\/wp-json\/wp\/v2\/product_tag?post=42042"}],"curies":[{"name":"wp","href":"https:\/\/api.w.org\/{rel}","templated":true}]}}