{"id":42479,"date":"2025-05-09T09:59:58","date_gmt":"2025-05-09T10:00:08","guid":{"rendered":"https:\/\/www.gsmpcsolutions.lu\/?post_type=product&#038;p=42479"},"modified":"2025-05-09T10:01:48","modified_gmt":"2025-05-09T10:01:48","slug":"reparacao-lente-da-camara-copia-12","status":"publish","type":"product","link":"https:\/\/www.gsmpcsolutions.lu\/pt-pt\/reparacoes-samsung-luxemburgo\/reparacoes-samsung-galaxy-s\/reparacoes-samsung-galaxy-s22\/reparacao-lente-da-camara-copia-12\/","title":{"rendered":"Repara\u00e7\u00e3o Lente da C\u00e2mara"},"content":{"rendered":"<p>A lente da c\u00e2mara traseira do seu iPhone \u00e9 fundamental para capturar com clareza os momentos importantes do seu dia a dia. Se o seu dispositivo estiver a apresentar algum dos seguintes problemas, como manchas nas fotografias, sinais vermelhos nas imagens, falta de foco, vidro da c\u00e2mara partido, riscos na lente ou imagens distorcidas, pode haver impurezas ou danos que est\u00e3o a interferir na qualidade das fotos ou no funcionamento da c\u00e2mara. O diagn\u00f3stico \u00e9 gratuito! Entre em contacto connosco para mais informa\u00e7\u00f5es e assist\u00eancia.<\/p>\n","protected":false},"excerpt":{"rendered":"<p>A lente da c\u00e2mara traseira do seu iPhone \u00e9 fundamental para capturar com clareza os momentos importantes do seu dia a dia. Se o seu dispositivo estiver a apresentar algum dos seguintes problemas, como manchas nas fotografias, sinais vermelhos nas imagens, falta de foco, vidro da c\u00e2mara partido, riscos na lente ou imagens distorcidas, pode [&hellip;]<\/p>\n","protected":false},"featured_media":39955,"template":"","meta":{"inline_featured_image":false},"product-compatability":[],"product_cat":[130236],"product_tag":[],"class_list":{"0":"post-42479","1":"product","2":"type-product","3":"status-publish","4":"has-post-thumbnail","6":"product_cat-reparacoes-samsung-galaxy-s22","8":"first","9":"instock","10":"purchasable","11":"product-type-simple"},"yoast_head":"<!-- This site is optimized with the Yoast SEO plugin v25.9 - https:\/\/yoast.com\/wordpress\/plugins\/seo\/ -->\n<title>Repara\u00e7\u00e3o Lente da C\u00e2mara iPhone - GSM &amp; PC Solutions<\/title>\n<meta name=\"robots\" content=\"index, follow, max-snippet:-1, max-image-preview:large, max-video-preview:-1\" \/>\n<link rel=\"canonical\" href=\"https:\/\/www.gsmpcsolutions.lu\/pt-pt\/reparacoes-samsung-luxemburgo\/reparacoes-samsung-galaxy-s\/reparacoes-samsung-galaxy-s22\/reparacao-lente-da-camara-copia-12\/\" \/>\n<meta property=\"og:locale\" content=\"pt_PT\" \/>\n<meta property=\"og:type\" content=\"article\" \/>\n<meta property=\"og:title\" content=\"Repara\u00e7\u00e3o Lente da C\u00e2mara iPhone - GSM &amp; PC Solutions\" \/>\n<meta property=\"og:description\" content=\"A lente da c\u00e2mara traseira do seu iPhone \u00e9 fundamental para capturar com clareza os momentos importantes do seu dia a dia. Se o seu dispositivo estiver a apresentar algum dos seguintes problemas, como manchas nas fotografias, sinais vermelhos nas imagens, falta de foco, vidro da c\u00e2mara partido, riscos na lente ou imagens distorcidas, pode [&hellip;]\" \/>\n<meta property=\"og:url\" content=\"https:\/\/www.gsmpcsolutions.lu\/pt-pt\/reparacoes-samsung-luxemburgo\/reparacoes-samsung-galaxy-s\/reparacoes-samsung-galaxy-s22\/reparacao-lente-da-camara-copia-12\/\" \/>\n<meta property=\"og:site_name\" content=\"GSM &amp; PC Solutions\" \/>\n<meta property=\"article:publisher\" content=\"https:\/\/www.facebook.com\/gsmpcsolutions\" \/>\n<meta property=\"article:modified_time\" content=\"2025-05-09T10:01:48+00:00\" \/>\n<meta property=\"og:image\" content=\"https:\/\/www.gsmpcsolutions.lu\/wp-content\/uploads\/2024\/12\/CAMERA-LENS.png\" \/>\n\t<meta property=\"og:image:width\" content=\"500\" \/>\n\t<meta property=\"og:image:height\" content=\"554\" \/>\n\t<meta property=\"og:image:type\" content=\"image\/png\" \/>\n<meta name=\"twitter:card\" content=\"summary_large_image\" \/>\n<meta name=\"twitter:label1\" content=\"Tempo estimado de leitura\" \/>\n\t<meta name=\"twitter:data1\" content=\"1 minuto\" \/>\n<!-- \/ Yoast SEO plugin. -->","yoast_head_json":{"title":"Repara\u00e7\u00e3o Lente da C\u00e2mara iPhone - GSM &amp; PC Solutions","robots":{"index":"index","follow":"follow","max-snippet":"max-snippet:-1","max-image-preview":"max-image-preview:large","max-video-preview":"max-video-preview:-1"},"canonical":"https:\/\/www.gsmpcsolutions.lu\/pt-pt\/reparacoes-samsung-luxemburgo\/reparacoes-samsung-galaxy-s\/reparacoes-samsung-galaxy-s22\/reparacao-lente-da-camara-copia-12\/","og_locale":"pt_PT","og_type":"article","og_title":"Repara\u00e7\u00e3o Lente da C\u00e2mara iPhone - GSM &amp; PC Solutions","og_description":"A lente da c\u00e2mara traseira do seu iPhone \u00e9 fundamental para capturar com clareza os momentos importantes do seu dia a dia. Se o seu dispositivo estiver a apresentar algum dos seguintes problemas, como manchas nas fotografias, sinais vermelhos nas imagens, falta de foco, vidro da c\u00e2mara partido, riscos na lente ou imagens distorcidas, pode [&hellip;]","og_url":"https:\/\/www.gsmpcsolutions.lu\/pt-pt\/reparacoes-samsung-luxemburgo\/reparacoes-samsung-galaxy-s\/reparacoes-samsung-galaxy-s22\/reparacao-lente-da-camara-copia-12\/","og_site_name":"GSM &amp; PC Solutions","article_publisher":"https:\/\/www.facebook.com\/gsmpcsolutions","article_modified_time":"2025-05-09T10:01:48+00:00","og_image":[{"width":500,"height":554,"url":"https:\/\/www.gsmpcsolutions.lu\/wp-content\/uploads\/2024\/12\/CAMERA-LENS.png","type":"image\/png"}],"twitter_card":"summary_large_image","twitter_misc":{"Tempo estimado de leitura":"1 minuto"},"schema":{"@context":"https:\/\/schema.org","@graph":[{"@type":"WebPage","@id":"https:\/\/www.gsmpcsolutions.lu\/pt-pt\/reparacoes-samsung-luxemburgo\/reparacoes-samsung-galaxy-s\/reparacoes-samsung-galaxy-s22\/reparacao-lente-da-camara-copia-12\/","url":"https:\/\/www.gsmpcsolutions.lu\/pt-pt\/reparacoes-samsung-luxemburgo\/reparacoes-samsung-galaxy-s\/reparacoes-samsung-galaxy-s22\/reparacao-lente-da-camara-copia-12\/","name":"Repara\u00e7\u00e3o Lente da C\u00e2mara iPhone - GSM &amp; PC Solutions","isPartOf":{"@id":"https:\/\/www.gsmpcsolutions.lu\/pt-pt\/#website"},"primaryImageOfPage":{"@id":"https:\/\/www.gsmpcsolutions.lu\/pt-pt\/reparacoes-samsung-luxemburgo\/reparacoes-samsung-galaxy-s\/reparacoes-samsung-galaxy-s22\/reparacao-lente-da-camara-copia-12\/#primaryimage"},"image":{"@id":"https:\/\/www.gsmpcsolutions.lu\/pt-pt\/reparacoes-samsung-luxemburgo\/reparacoes-samsung-galaxy-s\/reparacoes-samsung-galaxy-s22\/reparacao-lente-da-camara-copia-12\/#primaryimage"},"thumbnailUrl":"https:\/\/www.gsmpcsolutions.lu\/wp-content\/uploads\/2024\/12\/CAMERA-LENS.png","datePublished":"2025-05-09T10:00:08+00:00","dateModified":"2025-05-09T10:01:48+00:00","breadcrumb":{"@id":"https:\/\/www.gsmpcsolutions.lu\/pt-pt\/reparacoes-samsung-luxemburgo\/reparacoes-samsung-galaxy-s\/reparacoes-samsung-galaxy-s22\/reparacao-lente-da-camara-copia-12\/#breadcrumb"},"inLanguage":"pt-PT","potentialAction":[{"@type":"ReadAction","target":["https:\/\/www.gsmpcsolutions.lu\/pt-pt\/reparacoes-samsung-luxemburgo\/reparacoes-samsung-galaxy-s\/reparacoes-samsung-galaxy-s22\/reparacao-lente-da-camara-copia-12\/"]}]},{"@type":"ImageObject","inLanguage":"pt-PT","@id":"https:\/\/www.gsmpcsolutions.lu\/pt-pt\/reparacoes-samsung-luxemburgo\/reparacoes-samsung-galaxy-s\/reparacoes-samsung-galaxy-s22\/reparacao-lente-da-camara-copia-12\/#primaryimage","url":"https:\/\/www.gsmpcsolutions.lu\/wp-content\/uploads\/2024\/12\/CAMERA-LENS.png","contentUrl":"https:\/\/www.gsmpcsolutions.lu\/wp-content\/uploads\/2024\/12\/CAMERA-LENS.png","width":500,"height":554},{"@type":"BreadcrumbList","@id":"https:\/\/www.gsmpcsolutions.lu\/pt-pt\/reparacoes-samsung-luxemburgo\/reparacoes-samsung-galaxy-s\/reparacoes-samsung-galaxy-s22\/reparacao-lente-da-camara-copia-12\/#breadcrumb","itemListElement":[{"@type":"ListItem","position":1,"name":"In\u00edcio","item":"https:\/\/www.gsmpcsolutions.lu\/pt-pt\/"},{"@type":"ListItem","position":2,"name":"Repara\u00e7\u00f5es","item":"https:\/\/www.gsmpcsolutions.lu\/magasin\/"},{"@type":"ListItem","position":3,"name":"Repara\u00e7\u00e3o Lente da C\u00e2mara"}]},{"@type":"WebSite","@id":"https:\/\/www.gsmpcsolutions.lu\/pt-pt\/#website","url":"https:\/\/www.gsmpcsolutions.lu\/pt-pt\/","name":"GSM &amp; PC Solutions","description":"Repara\u00e7\u00e3o de iPhone, iPad, MacBook, Samsung, PC","publisher":{"@id":"https:\/\/www.gsmpcsolutions.lu\/pt-pt\/#organization"},"potentialAction":[{"@type":"SearchAction","target":{"@type":"EntryPoint","urlTemplate":"https:\/\/www.gsmpcsolutions.lu\/pt-pt\/?s={search_term_string}"},"query-input":{"@type":"PropertyValueSpecification","valueRequired":true,"valueName":"search_term_string"}}],"inLanguage":"pt-PT"},{"@type":"Organization","@id":"https:\/\/www.gsmpcsolutions.lu\/pt-pt\/#organization","name":"GSM &amp; PC Solutions","url":"https:\/\/www.gsmpcsolutions.lu\/pt-pt\/","logo":{"@type":"ImageObject","inLanguage":"pt-PT","@id":"https:\/\/www.gsmpcsolutions.lu\/pt-pt\/#\/schema\/logo\/image\/","url":"https:\/\/www.gsmpcsolutions.lu\/wp-content\/uploads\/2020\/11\/logo.svg","contentUrl":"https:\/\/www.gsmpcsolutions.lu\/wp-content\/uploads\/2020\/11\/logo.svg","width":"980","height":"650","caption":"GSM &amp; PC Solutions"},"image":{"@id":"https:\/\/www.gsmpcsolutions.lu\/pt-pt\/#\/schema\/logo\/image\/"},"sameAs":["https:\/\/www.facebook.com\/gsmpcsolutions","https:\/\/www.instagram.com\/gsmpcsolutions\/"]}]}},"_links":{"self":[{"href":"https:\/\/www.gsmpcsolutions.lu\/pt-pt\/wp-json\/wp\/v2\/product\/42479","targetHints":{"allow":["GET"]}}],"collection":[{"href":"https:\/\/www.gsmpcsolutions.lu\/pt-pt\/wp-json\/wp\/v2\/product"}],"about":[{"href":"https:\/\/www.gsmpcsolutions.lu\/pt-pt\/wp-json\/wp\/v2\/types\/product"}],"wp:featuredmedia":[{"embeddable":true,"href":"https:\/\/www.gsmpcsolutions.lu\/pt-pt\/wp-json\/wp\/v2\/media\/39955"}],"wp:attachment":[{"href":"https:\/\/www.gsmpcsolutions.lu\/pt-pt\/wp-json\/wp\/v2\/media?parent=42479"}],"wp:term":[{"taxonomy":"product-compatability","embeddable":true,"href":"https:\/\/www.gsmpcsolutions.lu\/pt-pt\/wp-json\/wp\/v2\/product-compatability?post=42479"},{"taxonomy":"product_cat","embeddable":true,"href":"https:\/\/www.gsmpcsolutions.lu\/pt-pt\/wp-json\/wp\/v2\/product_cat?post=42479"},{"taxonomy":"product_tag","embeddable":true,"href":"https:\/\/www.gsmpcsolutions.lu\/pt-pt\/wp-json\/wp\/v2\/product_tag?post=42479"}],"curies":[{"name":"wp","href":"https:\/\/api.w.org\/{rel}","templated":true}]}}