{"id":42623,"date":"2025-05-15T11:05:10","date_gmt":"2025-05-15T11:05:10","guid":{"rendered":"https:\/\/www.gsmpcsolutions.lu\/?post_type=product&#038;p=42623"},"modified":"2025-05-15T11:05:51","modified_gmt":"2025-05-15T11:05:51","slug":"digital-crown-40mm-3","status":"publish","type":"product","link":"https:\/\/www.gsmpcsolutions.lu\/pt-pt\/reparacoes-apple\/reparacoes-apple-watch\/reparacoes-apple-watch-se\/reparacao-coroa-digital-pt-pt-7\/digital-crown-40mm-3\/","title":{"rendered":"Digital Crown 40mm"},"content":{"rendered":"<p data-start=\"175\" data-end=\"470\">A Digital Crown do teu Apple Watch deixou de funcionar corretamente? Se est\u00e1 encravada, n\u00e3o responde ao toque ou deixou de girar, a nossa equipa especializada pode resolver rapidamente. Efetuamos a substitui\u00e7\u00e3o completa da Digital Crown para garantir o funcionamento original do teu rel\u00f3gio. Trabalhamos com todos os modelos de Apple Watch, com um servi\u00e7o r\u00e1pido, profissional e com 6 meses de garantia. Visita uma das nossas lojas ou entra em contacto para saber o pre\u00e7o da repara\u00e7\u00e3o do teu modelo espec\u00edfico. Marca j\u00e1 a tua repara\u00e7\u00e3o e devolve a funcionalidade ao teu Apple Watch.<\/p>\n","protected":false},"excerpt":{"rendered":"<p>A Digital Crown do teu Apple Watch deixou de funcionar corretamente? Se est\u00e1 encravada, n\u00e3o responde ao toque ou deixou de girar, a nossa equipa especializada pode resolver rapidamente. Efetuamos a substitui\u00e7\u00e3o completa da Digital Crown para garantir o funcionamento original do teu rel\u00f3gio. Trabalhamos com todos os modelos de Apple Watch, com um servi\u00e7o [&hellip;]<\/p>\n","protected":false},"featured_media":42440,"template":"","meta":{"inline_featured_image":false},"product-compatability":[],"product_cat":[132794],"product_tag":[],"class_list":{"0":"post-42623","1":"product","2":"type-product","3":"status-publish","4":"has-post-thumbnail","6":"product_cat-reparacao-coroa-digital-pt-pt-7","8":"first","9":"instock","10":"purchasable","11":"product-type-simple"},"yoast_head":"<!-- This site is optimized with the Yoast SEO plugin v25.9 - https:\/\/yoast.com\/wordpress\/plugins\/seo\/ -->\n<title>Digital Crown 40mm - GSM &amp; PC Solutions<\/title>\n<meta name=\"robots\" content=\"index, follow, max-snippet:-1, max-image-preview:large, max-video-preview:-1\" \/>\n<link rel=\"canonical\" href=\"https:\/\/www.gsmpcsolutions.lu\/pt-pt\/reparacoes-apple\/reparacoes-apple-watch\/reparacoes-apple-watch-se\/reparacao-coroa-digital-pt-pt-7\/digital-crown-40mm-3\/\" \/>\n<meta property=\"og:locale\" content=\"pt_PT\" \/>\n<meta property=\"og:type\" content=\"article\" \/>\n<meta property=\"og:title\" content=\"Digital Crown 40mm - GSM &amp; PC Solutions\" \/>\n<meta property=\"og:description\" content=\"A Digital Crown do teu Apple Watch deixou de funcionar corretamente? Se est\u00e1 encravada, n\u00e3o responde ao toque ou deixou de girar, a nossa equipa especializada pode resolver rapidamente. Efetuamos a substitui\u00e7\u00e3o completa da Digital Crown para garantir o funcionamento original do teu rel\u00f3gio. Trabalhamos com todos os modelos de Apple Watch, com um servi\u00e7o [&hellip;]\" \/>\n<meta property=\"og:url\" content=\"https:\/\/www.gsmpcsolutions.lu\/pt-pt\/reparacoes-apple\/reparacoes-apple-watch\/reparacoes-apple-watch-se\/reparacao-coroa-digital-pt-pt-7\/digital-crown-40mm-3\/\" \/>\n<meta property=\"og:site_name\" content=\"GSM &amp; PC Solutions\" \/>\n<meta property=\"article:publisher\" content=\"https:\/\/www.facebook.com\/gsmpcsolutions\" \/>\n<meta property=\"article:modified_time\" content=\"2025-05-15T11:05:51+00:00\" \/>\n<meta property=\"og:image\" content=\"https:\/\/www.gsmpcsolutions.lu\/wp-content\/uploads\/2025\/05\/CROWN-WATCH.png\" \/>\n\t<meta property=\"og:image:width\" content=\"500\" \/>\n\t<meta property=\"og:image:height\" content=\"554\" \/>\n\t<meta property=\"og:image:type\" content=\"image\/png\" \/>\n<meta name=\"twitter:card\" content=\"summary_large_image\" \/>\n<meta name=\"twitter:label1\" content=\"Tempo estimado de leitura\" \/>\n\t<meta name=\"twitter:data1\" content=\"1 minuto\" \/>\n<!-- \/ Yoast SEO plugin. -->","yoast_head_json":{"title":"Digital Crown 40mm - GSM &amp; PC Solutions","robots":{"index":"index","follow":"follow","max-snippet":"max-snippet:-1","max-image-preview":"max-image-preview:large","max-video-preview":"max-video-preview:-1"},"canonical":"https:\/\/www.gsmpcsolutions.lu\/pt-pt\/reparacoes-apple\/reparacoes-apple-watch\/reparacoes-apple-watch-se\/reparacao-coroa-digital-pt-pt-7\/digital-crown-40mm-3\/","og_locale":"pt_PT","og_type":"article","og_title":"Digital Crown 40mm - GSM &amp; PC Solutions","og_description":"A Digital Crown do teu Apple Watch deixou de funcionar corretamente? Se est\u00e1 encravada, n\u00e3o responde ao toque ou deixou de girar, a nossa equipa especializada pode resolver rapidamente. Efetuamos a substitui\u00e7\u00e3o completa da Digital Crown para garantir o funcionamento original do teu rel\u00f3gio. Trabalhamos com todos os modelos de Apple Watch, com um servi\u00e7o [&hellip;]","og_url":"https:\/\/www.gsmpcsolutions.lu\/pt-pt\/reparacoes-apple\/reparacoes-apple-watch\/reparacoes-apple-watch-se\/reparacao-coroa-digital-pt-pt-7\/digital-crown-40mm-3\/","og_site_name":"GSM &amp; PC Solutions","article_publisher":"https:\/\/www.facebook.com\/gsmpcsolutions","article_modified_time":"2025-05-15T11:05:51+00:00","og_image":[{"width":500,"height":554,"url":"https:\/\/www.gsmpcsolutions.lu\/wp-content\/uploads\/2025\/05\/CROWN-WATCH.png","type":"image\/png"}],"twitter_card":"summary_large_image","twitter_misc":{"Tempo estimado de leitura":"1 minuto"},"schema":{"@context":"https:\/\/schema.org","@graph":[{"@type":"WebPage","@id":"https:\/\/www.gsmpcsolutions.lu\/pt-pt\/reparacoes-apple\/reparacoes-apple-watch\/reparacoes-apple-watch-se\/reparacao-coroa-digital-pt-pt-7\/digital-crown-40mm-3\/","url":"https:\/\/www.gsmpcsolutions.lu\/pt-pt\/reparacoes-apple\/reparacoes-apple-watch\/reparacoes-apple-watch-se\/reparacao-coroa-digital-pt-pt-7\/digital-crown-40mm-3\/","name":"Digital Crown 40mm - GSM &amp; PC Solutions","isPartOf":{"@id":"https:\/\/www.gsmpcsolutions.lu\/pt-pt\/#website"},"primaryImageOfPage":{"@id":"https:\/\/www.gsmpcsolutions.lu\/pt-pt\/reparacoes-apple\/reparacoes-apple-watch\/reparacoes-apple-watch-se\/reparacao-coroa-digital-pt-pt-7\/digital-crown-40mm-3\/#primaryimage"},"image":{"@id":"https:\/\/www.gsmpcsolutions.lu\/pt-pt\/reparacoes-apple\/reparacoes-apple-watch\/reparacoes-apple-watch-se\/reparacao-coroa-digital-pt-pt-7\/digital-crown-40mm-3\/#primaryimage"},"thumbnailUrl":"https:\/\/www.gsmpcsolutions.lu\/wp-content\/uploads\/2025\/05\/CROWN-WATCH.png","datePublished":"2025-05-15T11:05:10+00:00","dateModified":"2025-05-15T11:05:51+00:00","breadcrumb":{"@id":"https:\/\/www.gsmpcsolutions.lu\/pt-pt\/reparacoes-apple\/reparacoes-apple-watch\/reparacoes-apple-watch-se\/reparacao-coroa-digital-pt-pt-7\/digital-crown-40mm-3\/#breadcrumb"},"inLanguage":"pt-PT","potentialAction":[{"@type":"ReadAction","target":["https:\/\/www.gsmpcsolutions.lu\/pt-pt\/reparacoes-apple\/reparacoes-apple-watch\/reparacoes-apple-watch-se\/reparacao-coroa-digital-pt-pt-7\/digital-crown-40mm-3\/"]}]},{"@type":"ImageObject","inLanguage":"pt-PT","@id":"https:\/\/www.gsmpcsolutions.lu\/pt-pt\/reparacoes-apple\/reparacoes-apple-watch\/reparacoes-apple-watch-se\/reparacao-coroa-digital-pt-pt-7\/digital-crown-40mm-3\/#primaryimage","url":"https:\/\/www.gsmpcsolutions.lu\/wp-content\/uploads\/2025\/05\/CROWN-WATCH.png","contentUrl":"https:\/\/www.gsmpcsolutions.lu\/wp-content\/uploads\/2025\/05\/CROWN-WATCH.png","width":500,"height":554},{"@type":"BreadcrumbList","@id":"https:\/\/www.gsmpcsolutions.lu\/pt-pt\/reparacoes-apple\/reparacoes-apple-watch\/reparacoes-apple-watch-se\/reparacao-coroa-digital-pt-pt-7\/digital-crown-40mm-3\/#breadcrumb","itemListElement":[{"@type":"ListItem","position":1,"name":"In\u00edcio","item":"https:\/\/www.gsmpcsolutions.lu\/pt-pt\/"},{"@type":"ListItem","position":2,"name":"Repara\u00e7\u00f5es","item":"https:\/\/www.gsmpcsolutions.lu\/magasin\/"},{"@type":"ListItem","position":3,"name":"Digital Crown 40mm"}]},{"@type":"WebSite","@id":"https:\/\/www.gsmpcsolutions.lu\/pt-pt\/#website","url":"https:\/\/www.gsmpcsolutions.lu\/pt-pt\/","name":"GSM &amp; PC Solutions","description":"Repara\u00e7\u00e3o de iPhone, iPad, MacBook, Samsung, PC","publisher":{"@id":"https:\/\/www.gsmpcsolutions.lu\/pt-pt\/#organization"},"potentialAction":[{"@type":"SearchAction","target":{"@type":"EntryPoint","urlTemplate":"https:\/\/www.gsmpcsolutions.lu\/pt-pt\/?s={search_term_string}"},"query-input":{"@type":"PropertyValueSpecification","valueRequired":true,"valueName":"search_term_string"}}],"inLanguage":"pt-PT"},{"@type":"Organization","@id":"https:\/\/www.gsmpcsolutions.lu\/pt-pt\/#organization","name":"GSM &amp; PC Solutions","url":"https:\/\/www.gsmpcsolutions.lu\/pt-pt\/","logo":{"@type":"ImageObject","inLanguage":"pt-PT","@id":"https:\/\/www.gsmpcsolutions.lu\/pt-pt\/#\/schema\/logo\/image\/","url":"https:\/\/www.gsmpcsolutions.lu\/wp-content\/uploads\/2020\/11\/logo.svg","contentUrl":"https:\/\/www.gsmpcsolutions.lu\/wp-content\/uploads\/2020\/11\/logo.svg","width":"980","height":"650","caption":"GSM &amp; PC Solutions"},"image":{"@id":"https:\/\/www.gsmpcsolutions.lu\/pt-pt\/#\/schema\/logo\/image\/"},"sameAs":["https:\/\/www.facebook.com\/gsmpcsolutions","https:\/\/www.instagram.com\/gsmpcsolutions\/"]}]}},"_links":{"self":[{"href":"https:\/\/www.gsmpcsolutions.lu\/pt-pt\/wp-json\/wp\/v2\/product\/42623","targetHints":{"allow":["GET"]}}],"collection":[{"href":"https:\/\/www.gsmpcsolutions.lu\/pt-pt\/wp-json\/wp\/v2\/product"}],"about":[{"href":"https:\/\/www.gsmpcsolutions.lu\/pt-pt\/wp-json\/wp\/v2\/types\/product"}],"wp:featuredmedia":[{"embeddable":true,"href":"https:\/\/www.gsmpcsolutions.lu\/pt-pt\/wp-json\/wp\/v2\/media\/42440"}],"wp:attachment":[{"href":"https:\/\/www.gsmpcsolutions.lu\/pt-pt\/wp-json\/wp\/v2\/media?parent=42623"}],"wp:term":[{"taxonomy":"product-compatability","embeddable":true,"href":"https:\/\/www.gsmpcsolutions.lu\/pt-pt\/wp-json\/wp\/v2\/product-compatability?post=42623"},{"taxonomy":"product_cat","embeddable":true,"href":"https:\/\/www.gsmpcsolutions.lu\/pt-pt\/wp-json\/wp\/v2\/product_cat?post=42623"},{"taxonomy":"product_tag","embeddable":true,"href":"https:\/\/www.gsmpcsolutions.lu\/pt-pt\/wp-json\/wp\/v2\/product_tag?post=42623"}],"curies":[{"name":"wp","href":"https:\/\/api.w.org\/{rel}","templated":true}]}}